{"id":93423,"date":"2026-03-04T08:53:32","date_gmt":"2026-03-04T11:53:32","guid":{"rendered":"https:\/\/www.ecommerceupdate.com.br\/produto\/startup-manual-do-empreendedor\/"},"modified":"2026-03-13T15:32:03","modified_gmt":"2026-03-13T18:32:03","slug":"startup-manual-do-empreendedor","status":"publish","type":"product","link":"https:\/\/www.ecommerceupdate.com.br\/ca\/produto\/startup-manual-do-empreendedor\/","title":{"rendered":"Inici: Manual de l'emprenedor"},"content":{"rendered":"<div class=\"woocommerce-product-details\">\n<h3>Detalls del producte<\/h3>\n<ul>\n<li>Editorial: Alta Llibres<\/li>\n<li>Data de publicaci\u00f3: 4 de febrer de 2014<\/li>\n<li>Edici\u00f3: 1a<\/li>\n<li>Idioma: Portugu\u00e8s<\/li>\n<li>Nombre de p\u00e0gines: 572 p\u00e0gines<\/li>\n<li>ISBN-10:8576087820<\/li>\n<li>ISBN-13:978-8576087823<\/li>\n<li>Pes del producte: 600g<\/li>\n<li>Dimensions: 16 x 2 x 23 cm<\/li>\n<li>R\u00e0nquing de m\u00e9s venuts: n\u00fam. 14.649 en llibres (Coneix els 100 millors en la categoria de llibres) n\u00fam. 62 a l'empresa n\u00fam. 174 de literatura i ficci\u00f3 europees<\/li>\n<li>62 En Empresa<\/li>\n<li>174 En Literatura i Ficci\u00f3 Europea<\/li>\n<li>Comentaris dels clients: 4,7 4,7 sobre 5 estrelles (287)<\/li>\n<\/ul><\/div>","protected":false},"excerpt":{"rendered":"<p>Cada any s'inverteixen milers de milions de d\u00f2lars en empreses d'arreu del m\u00f3n que es troben en les seves primeres etapes de desenvolupament. <br \/> L\u2019expectativa \u00e9s que aquests diners tornin en forma d\u2019empreses innovadores, quota de mercat, productes que millorin la nostra vida quotidiana, llocs de treball i, \u00f2bviament, molts beneficis en efectiu i major valor per a l\u2019accionista. La realitat, per\u00f2, \u00e9s perversa!Els mateixos inversors saben que el proc\u00e9s no \u00e9s lineal i que, segons la National Venture Capital Association, de cada 100 empreses que reben inversi\u00f3, 40 simplement es desglossen; 40 generen rendiments moderats; i nom\u00e9s 20 esdevenen casos d\u2019\u00e8xit. <br \/> \u00c9s aquesta una d\u2019aquestes regles immutables de la natura? <br \/> Aquest llibre pot demostrar el contrari! Una bona idea sense execuci\u00f3 no porta ning\u00fa enlloc, de la mateixa manera que el rec\u00edproc \u00e9s cert. <br \/> Les idees surten cada dia, per\u00f2 no s\u00f3n les que condueixen a l'\u00e8xit o al frac\u00e0s. <br \/> El primer que cal tenir en compte \u00e9s si aborda una necessitat real d'un client, ja sigui una persona o una empresa, i si aquest mateix client est\u00e0 disposat a pagar per la soluci\u00f3 proposada.El treball dels autors, Steve Blank i Bob Dorf puntua exactament aquesta m\u00e0xima: el xoc d'idees i la seva interf\u00edcie amb el mercat els fan viables.<br \/> Les empreses d'alt potencial s'entenen des de fora, \u00e9s a dir, a trav\u00e9s del millor proc\u00e9s d'aprenentatge amb els seus clients potencials, abans de la construcci\u00f3 i escala. Les empreses no fallen perqu\u00e8 tenen un mal producte. Fracen perqu\u00e8 no tenen clients disposats a pagar per les solucions que ofereixen i per la manca d'un model de negoci viable.Startup: El Manual de l'Emprenedor \u00e9s exactament el que diu que \u00e9s: una guia pas a pas i completa que guia les startups a moure's en la direcci\u00f3 correcta. <br \/> Dirigeix els emprenedors a trav\u00e9s del proc\u00e9s de Desenvolupament del Client, que els fa sortir de l'oficina i sortir al carrer, on els clients han de desenvolupar productes guanyadors que els clients compraran.<\/p>","protected":false},"featured_media":93423,"comment_status":"open","ping_status":"closed","template":"","meta":[],"product_cat":[1701,1700,1595],"product_tag":[],"class_list":{"0":"post-93423","1":"product","2":"type-product","3":"status-publish","4":"has-post-thumbnail","6":"product_brand-por-bob-dorf-autor-steve-blank-autor","7":"product_cat-drama","8":"product_cat-literatura-e-ficcao","9":"product_cat-livros","11":"first","12":"instock","13":"sale","14":"shipping-taxable","15":"purchasable","16":"product-type-simple"},"aioseo_notices":[],"_links":{"self":[{"href":"https:\/\/www.ecommerceupdate.com.br\/ca\/wp-json\/wp\/v2\/product\/93423","targetHints":{"allow":["GET"]}}],"collection":[{"href":"https:\/\/www.ecommerceupdate.com.br\/ca\/wp-json\/wp\/v2\/product"}],"about":[{"href":"https:\/\/www.ecommerceupdate.com.br\/ca\/wp-json\/wp\/v2\/types\/product"}],"replies":[{"embeddable":true,"href":"https:\/\/www.ecommerceupdate.com.br\/ca\/wp-json\/wp\/v2\/comments?post=93423"}],"wp:featuredmedia":[{"embeddable":true,"href":"https:\/\/www.ecommerceupdate.com.br\/ca\/wp-json\/wp\/v2\/product\/93423"}],"wp:attachment":[{"href":"https:\/\/www.ecommerceupdate.com.br\/ca\/wp-json\/wp\/v2\/media?parent=93423"}],"wp:term":[{"taxonomy":"product_cat","embeddable":true,"href":"https:\/\/www.ecommerceupdate.com.br\/ca\/wp-json\/wp\/v2\/product_cat?post=93423"},{"taxonomy":"product_tag","embeddable":true,"href":"https:\/\/www.ecommerceupdate.com.br\/ca\/wp-json\/wp\/v2\/product_tag?post=93423"}],"curies":[{"name":"wp","href":"https:\/\/api.w.org\/{rel}","templated":true}]}}