{"id":93561,"date":"2026-03-04T20:18:42","date_gmt":"2026-03-04T23:18:42","guid":{"rendered":"https:\/\/www.ecommerceupdate.com.br\/produto\/como-ter-um-e-commerce-de-sucesso-na-shopee\/"},"modified":"2026-03-13T15:36:23","modified_gmt":"2026-03-13T18:36:23","slug":"como-ter-um-e-commerce-de-sucesso-na-shopee","status":"publish","type":"product","link":"https:\/\/www.ecommerceupdate.com.br\/ca\/produto\/como-ter-um-e-commerce-de-sucesso-na-shopee\/","title":{"rendered":"Com tenir un comer\u00e7 electr\u00f2nic amb \u00e8xit a Shopee"},"content":{"rendered":"<div class=\"woocommerce-product-details\">\n<h3>Detalls del producte<\/h3>\n<ul>\n<li>ASIN: B0CR65S4P4<\/li>\n<li>Accessibilitat: Apr\u00e8n m\u00e9s<\/li>\n<li>Data de publicaci\u00f3: 28 de desembre de 2023<\/li>\n<li>Idioma: Portugu\u00e8s<\/li>\n<li>Mida del fitxer: 3,3 MB<\/li>\n<li>Lector de pantalla: Compatible<\/li>\n<li>Configuraci\u00f3 de la font: Habilitada<\/li>\n<li>Consells de vocabulari: No activat<\/li>\n<li>Nombre de p\u00e0gines: 53 p\u00e0gines<\/li>\n<li>Full de p\u00e0gina: habilitat<\/li>\n<li>Edat lectora: 14 18 anys<\/li>\n<li>R\u00e0nquing de m\u00e9s venuts: n\u00fam. 76.521 a Kindle Store (Coneix els 100 millors en la categoria Kindle Store) n\u00fam. 42 en obrir un negoci n\u00fam. 54 en comer\u00e7 electr\u00f2nic n\u00fam. 102 en m\u00e0rqueting web<\/li>\n<li>42 En obrir un negoci<\/li>\n<li>54 En Comer\u00e7 Electr\u00f2nic<\/li>\n<li>102 En M\u00e0rqueting Web<\/li>\n<li>Comentaris dels clients: 4.1 4.1 de 5 estrelles (3)<\/li>\n<\/ul><\/div>","protected":false},"excerpt":{"rendered":"<p>Descobreix el cam\u00ed cap a l\u2019\u00e8xit en el comer\u00e7 electr\u00f2nic amb \u00a4Com tenir un comer\u00e7 electr\u00f2nic d\u2019\u00e8xit a Shopeeethoven, una guia indispensable per a aquells que volen conquerir el seu espai a Shopee, una de les plataformes de comer\u00e7 electr\u00f2nic m\u00e9s grans del m\u00f3n.Amb 54 p\u00e0gines plenes de coneixements pr\u00e0ctics i estrat\u00e8gies provades, aquest llibre electr\u00f2nic \u00e9s el teu bitllet per al fascinant i lucratiu m\u00f3n del comer\u00e7 en l\u00ednia.Guiat per l\u2019experi\u00e8ncia de Guilherme Ribeiro, un jove emprenedor i estudi\u00f3s del mercat digital, aprendr\u00e0s a:<span>Trieu el n\u00ednxol de mercat adequat per al vostre comer\u00e7 electr\u00f2nic.<\/span>Trieu el n\u00ednxol de mercat adequat per al vostre comer\u00e7 electr\u00f2nic.<span>Desenvolupar una marca forta i atractiva.<\/span>Desenvolupar una marca forta i atractiva.<span>Crear llistats de productes que venen.<\/span>Crear llistats de productes que venen.<span>Implementar estrat\u00e8gies de m\u00e0rqueting digital i SEO per augmentar la visibilitat i l'abast.<\/span>Implementar estrat\u00e8gies de m\u00e0rqueting digital i SEO per augmentar la visibilitat i l'abast.<span>Gestionar efica\u00e7ment la log\u00edstica i el servei al client per augmentar la fidelitzaci\u00f3 dels clients.<\/span>Gestionar efica\u00e7ment la log\u00edstica i el servei al client per crear fidelitzaci\u00f3 al client.Aquest llibre electr\u00f2nic no \u00e9s nom\u00e9s un manual, sin\u00f3 un mentor digital que ofereix estudis de casos reals, consells pr\u00e0ctics i consells que podeu comen\u00e7ar a aplicar immediatament.Si sou un emprenedor principiant o un venedor experimentat que busca ampliar la vostra pres\u00e8ncia en l\u00ednia, \u00a4Com tenir un comer\u00e7 electr\u00f2nic d'\u00e8xit a Shopeeethoven \u00e9s l'opci\u00f3 perfecta per impulsar el vostre negoci.Disponible ara a Amazon.Torna la vostra visi\u00f3 de negoci a la realitat!<\/p>","protected":false},"featured_media":93561,"comment_status":"open","ping_status":"closed","template":"","meta":[],"product_cat":[1611,1613,1595],"product_tag":[],"class_list":{"0":"post-93561","1":"product","2":"type-product","3":"status-publish","4":"has-post-thumbnail","6":"product_brand-por-guilherme-ribeiro-autor-formato-ebook-kindle","7":"product_cat-administracao-negocios-e-economia","8":"product_cat-industrias-e-profissoes","9":"product_cat-livros","11":"first","12":"instock","13":"shipping-taxable","14":"purchasable","15":"product-type-simple"},"aioseo_notices":[],"_links":{"self":[{"href":"https:\/\/www.ecommerceupdate.com.br\/ca\/wp-json\/wp\/v2\/product\/93561","targetHints":{"allow":["GET"]}}],"collection":[{"href":"https:\/\/www.ecommerceupdate.com.br\/ca\/wp-json\/wp\/v2\/product"}],"about":[{"href":"https:\/\/www.ecommerceupdate.com.br\/ca\/wp-json\/wp\/v2\/types\/product"}],"replies":[{"embeddable":true,"href":"https:\/\/www.ecommerceupdate.com.br\/ca\/wp-json\/wp\/v2\/comments?post=93561"}],"wp:featuredmedia":[{"embeddable":true,"href":"https:\/\/www.ecommerceupdate.com.br\/ca\/wp-json\/wp\/v2\/product\/93561"}],"wp:attachment":[{"href":"https:\/\/www.ecommerceupdate.com.br\/ca\/wp-json\/wp\/v2\/media?parent=93561"}],"wp:term":[{"taxonomy":"product_cat","embeddable":true,"href":"https:\/\/www.ecommerceupdate.com.br\/ca\/wp-json\/wp\/v2\/product_cat?post=93561"},{"taxonomy":"product_tag","embeddable":true,"href":"https:\/\/www.ecommerceupdate.com.br\/ca\/wp-json\/wp\/v2\/product_tag?post=93561"}],"curies":[{"name":"wp","href":"https:\/\/api.w.org\/{rel}","templated":true}]}}