{"id":93572,"date":"2026-03-04T20:21:05","date_gmt":"2026-03-04T23:21:05","guid":{"rendered":"https:\/\/www.ecommerceupdate.com.br\/produto\/dificil-e-ser-pobre-de-empresario-falido-a-miolionario-com-dropshipping\/"},"modified":"2026-05-09T12:01:21","modified_gmt":"2026-05-09T15:01:21","slug":"dificil-e-ser-pobre-de-empresario-falido-a-miolionario-com-dropshipping","status":"publish","type":"product","link":"https:\/\/www.ecommerceupdate.com.br\/ca\/produto\/dificil-e-ser-pobre-de-empresario-falido-a-miolionario-com-dropshipping\/","title":{"rendered":"Dif\u00edcil de ser pobre!: D'un empresari en fallida a un milionari amb dropshipping"},"content":{"rendered":"<div class=\"woocommerce-product-details\">\n<h3>Detalls del producte<\/h3>\n<ul>\n<li>Editorial: New Naipe Publisher<\/li>\n<li>Data de publicaci\u00f3: 15 de gener de 2024<\/li>\n<li>Edici\u00f3: 1a<\/li>\n<li>Idioma: Portugu\u00e8s<\/li>\n<li>Nombre de p\u00e0gines: 134 p\u00e0gines<\/li>\n<li>ISBN-10:6585117328<\/li>\n<li>ISBN-13:978-6585117326<\/li>\n<li>Pes del producte: 160g<\/li>\n<li>Dimensions: 14 x 8 x 21 cm<\/li>\n<li>R\u00e0nquing de m\u00e9s venuts: n\u00fam. 230.750 en llibres (Coneix els 100 millors en la categoria de llibres) n\u00fam. 60 en comer\u00e7 en l\u00ednia n\u00fam. 116 en finances corporatives n\u00fam. 163 en introducci\u00f3<\/li>\n<li>60 En Comer\u00e7 Online<\/li>\n<li>116 En Finances Corporatives<\/li>\n<li>163 En Introducci\u00f3<\/li>\n<li>Comentaris dels clients: 4.6 4.6 sobre 5 estrelles (15)<\/li>\n<\/ul><\/div>","protected":false},"excerpt":{"rendered":"<p>Aquest llibre \u00e9s un cam\u00ed que us portar\u00e0 a una vida abundant i pr\u00f2spera.7 Durant molt de temps a la meva vida, em vaig preguntar si el que vaig viure va ser per a mi..i si el que estava passant era realment just.. Amb el temps, la vida em va aportar claredat i em va fer entendre quin \u00e9s el SECRET de l'\u00e8xit!<\/p>","protected":false},"featured_media":93572,"comment_status":"open","ping_status":"closed","template":"","meta":[],"product_cat":[1611,1613,1595],"product_tag":[],"class_list":{"0":"post-93572","1":"product","2":"type-product","3":"status-publish","4":"has-post-thumbnail","5":"product_brand-por-renato-gonalves-autor","6":"product_cat-administracao-negocios-e-economia","7":"product_cat-industrias-e-profissoes","8":"product_cat-livros","10":"first","11":"instock","12":"sale","13":"shipping-taxable","14":"purchasable","15":"product-type-simple"},"aioseo_notices":[],"_links":{"self":[{"href":"https:\/\/www.ecommerceupdate.com.br\/ca\/wp-json\/wp\/v2\/product\/93572","targetHints":{"allow":["GET"]}}],"collection":[{"href":"https:\/\/www.ecommerceupdate.com.br\/ca\/wp-json\/wp\/v2\/product"}],"about":[{"href":"https:\/\/www.ecommerceupdate.com.br\/ca\/wp-json\/wp\/v2\/types\/product"}],"replies":[{"embeddable":true,"href":"https:\/\/www.ecommerceupdate.com.br\/ca\/wp-json\/wp\/v2\/comments?post=93572"}],"wp:featuredmedia":[{"embeddable":true,"href":"https:\/\/www.ecommerceupdate.com.br\/ca\/wp-json\/wp\/v2\/product\/93572"}],"wp:attachment":[{"href":"https:\/\/www.ecommerceupdate.com.br\/ca\/wp-json\/wp\/v2\/media?parent=93572"}],"wp:term":[{"taxonomy":"product_cat","embeddable":true,"href":"https:\/\/www.ecommerceupdate.com.br\/ca\/wp-json\/wp\/v2\/product_cat?post=93572"},{"taxonomy":"product_tag","embeddable":true,"href":"https:\/\/www.ecommerceupdate.com.br\/ca\/wp-json\/wp\/v2\/product_tag?post=93572"}],"curies":[{"name":"wp","href":"https:\/\/api.w.org\/{rel}","templated":true}]}}