{"id":93666,"date":"2026-03-05T14:05:38","date_gmt":"2026-03-05T17:05:38","guid":{"rendered":"https:\/\/www.ecommerceupdate.com.br\/produto\/mercado-livre-como-escalar-anuncios-e-administrar-sua-conta\/"},"modified":"2026-03-13T15:42:52","modified_gmt":"2026-03-13T18:42:52","slug":"mercado-livre-como-escalar-anuncios-e-administrar-sua-conta","status":"publish","type":"product","link":"https:\/\/www.ecommerceupdate.com.br\/ca\/produto\/mercado-livre-como-escalar-anuncios-e-administrar-sua-conta\/","title":{"rendered":"Mercado Livre Com escalar anuncis i gestionar el vostre compte"},"content":{"rendered":"<div class=\"woocommerce-product-details\">\n<h3>Detalls del producte<\/h3>\n<ul>\n<li>ASIN: B0DP7BJ88Y<\/li>\n<li>Accessibilitat: Apr\u00e8n m\u00e9s<\/li>\n<li>Data de publicaci\u00f3: 27 de novembre de 2024<\/li>\n<li>Idioma: Portugu\u00e8s<\/li>\n<li>Mida del fitxer: 4,2 MB<\/li>\n<li>Configuraci\u00f3 de la font: No activat<\/li>\n<li>Consells de vocabulari: No activat<\/li>\n<li>Nombre de p\u00e0gines: 53 p\u00e0gines<\/li>\n<li>Format: Print Replica<\/li>\n<li>Full de p\u00e0gina: No habilitat<\/li>\n<li>R\u00e0nquing de m\u00e9s venuts: n\u00fam. 522.942 a Kindle Store (Coneix els 100 millors en la categoria Kindle Store) n\u00fam. 18.273 en negocis i economia<\/li>\n<li>18.273 en Economia i Empresa<\/li>\n<\/ul><\/div>","protected":false},"excerpt":{"rendered":"<p>Consells infal \u00b7 libles per alimentar els teus anuncis al Mercat Lliure + Eines gratu\u00eftes per crear Imatges d'Alta Qualitat + Eines que ajudaran a gestionar el teu compte de manera molt eficient.<\/p>\n<p>Apr\u00e8n d'un expert certificat per Icom i descobreix estrat\u00e8gies provades i provades que poden transformar els teus resultats!<\/p>\n<p>En aquest llibre electr\u00f2nic exclusiu, aprendr\u00e0s:<br \/>\u2714\ufe0f 5 Consells provats per optimitzar els teus anuncis i augmentar les teves vendes al Mercat Livre.<br \/>Com utilitzar 5 eines gratu\u00eftes per crear imatges professionals que atraguin m\u00e9s compradors.<br \/>\u2714\ufe0f Com utilitzar 2 eines que tenen el cost Super Low i que marcaran tota la difer\u00e8ncia a la vostra empresa per treballar al Mercat Lliure, nom\u00e9s aquestes 2 eines ja valen or tant com ho fan.<br \/>Un simple pas a pas per fer que els seus anuncis siguin m\u00e9s atractius i competitius.<\/p>\n<p>Tot aix\u00f2 a un preu s\u00faper baix! No perdis aquesta oportunitat de millorar les teves vendes amb els que ja tenen experi\u00e8ncia en Mercado Livre<\/p>","protected":false},"featured_media":93666,"comment_status":"open","ping_status":"closed","template":"","meta":[],"product_cat":[1611,1608,1607],"product_tag":[],"class_list":{"0":"post-93666","1":"product","2":"type-product","3":"status-publish","4":"has-post-thumbnail","6":"product_brand-por-adilson-d-ferreira-autor-formato-ebook-kindle","7":"product_cat-administracao-negocios-e-economia","8":"product_cat-ebooks-kindle","9":"product_cat-loja-kindle","11":"first","12":"instock","13":"shipping-taxable","14":"purchasable","15":"product-type-simple"},"aioseo_notices":[],"_links":{"self":[{"href":"https:\/\/www.ecommerceupdate.com.br\/ca\/wp-json\/wp\/v2\/product\/93666","targetHints":{"allow":["GET"]}}],"collection":[{"href":"https:\/\/www.ecommerceupdate.com.br\/ca\/wp-json\/wp\/v2\/product"}],"about":[{"href":"https:\/\/www.ecommerceupdate.com.br\/ca\/wp-json\/wp\/v2\/types\/product"}],"replies":[{"embeddable":true,"href":"https:\/\/www.ecommerceupdate.com.br\/ca\/wp-json\/wp\/v2\/comments?post=93666"}],"wp:featuredmedia":[{"embeddable":true,"href":"https:\/\/www.ecommerceupdate.com.br\/ca\/wp-json\/wp\/v2\/product\/93666"}],"wp:attachment":[{"href":"https:\/\/www.ecommerceupdate.com.br\/ca\/wp-json\/wp\/v2\/media?parent=93666"}],"wp:term":[{"taxonomy":"product_cat","embeddable":true,"href":"https:\/\/www.ecommerceupdate.com.br\/ca\/wp-json\/wp\/v2\/product_cat?post=93666"},{"taxonomy":"product_tag","embeddable":true,"href":"https:\/\/www.ecommerceupdate.com.br\/ca\/wp-json\/wp\/v2\/product_tag?post=93666"}],"curies":[{"name":"wp","href":"https:\/\/api.w.org\/{rel}","templated":true}]}}