{"id":93679,"date":"2026-03-05T14:08:01","date_gmt":"2026-03-05T17:08:01","guid":{"rendered":"https:\/\/www.ecommerceupdate.com.br\/produto\/como-vender-mais-pelo-mercado-livre-monte-seu-ecomerce-em-casa\/"},"modified":"2026-03-13T15:45:00","modified_gmt":"2026-03-13T18:45:00","slug":"como-vender-mais-pelo-mercado-livre-monte-seu-ecomerce-em-casa","status":"publish","type":"product","link":"https:\/\/www.ecommerceupdate.com.br\/ca\/produto\/como-vender-mais-pelo-mercado-livre-monte-seu-ecomerce-em-casa\/","title":{"rendered":"Com vendre m\u00e9s a trav\u00e9s del Mercat Lliure: Construeix el teu comer\u00e7 electr\u00f2nic a casa"},"content":{"rendered":"<div class=\"woocommerce-product-details\"><\/div>","protected":false},"excerpt":{"rendered":"<p>En l'entorn competitiu de Mercado Livre, tenir un bon producte no \u00e9s suficient. La manera de presentar els seus articles pot fer tota la difer\u00e8ncia. Els t\u00edtols dels seus anuncis s\u00f3n el primer que els compradors veuen i juguen un paper crucial en la decisi\u00f3 de fer clic o ignorar la seva oferta. En aquesta guia, explorarem com optimitzar els t\u00edtols dels seus productes per maximitzar les seves vendes.<\/p>","protected":false},"featured_media":93679,"comment_status":"open","ping_status":"closed","template":"","meta":[],"product_cat":[1611,1608,1607],"product_tag":[],"class_list":{"0":"post-93679","1":"product","2":"type-product","3":"status-publish","4":"has-post-thumbnail","6":"product_brand-por-felipe-guima-autor-formato-ebook-kindle","7":"product_cat-administracao-negocios-e-economia","8":"product_cat-ebooks-kindle","9":"product_cat-loja-kindle","11":"first","12":"instock","13":"shipping-taxable","14":"purchasable","15":"product-type-simple"},"aioseo_notices":[],"_links":{"self":[{"href":"https:\/\/www.ecommerceupdate.com.br\/ca\/wp-json\/wp\/v2\/product\/93679","targetHints":{"allow":["GET"]}}],"collection":[{"href":"https:\/\/www.ecommerceupdate.com.br\/ca\/wp-json\/wp\/v2\/product"}],"about":[{"href":"https:\/\/www.ecommerceupdate.com.br\/ca\/wp-json\/wp\/v2\/types\/product"}],"replies":[{"embeddable":true,"href":"https:\/\/www.ecommerceupdate.com.br\/ca\/wp-json\/wp\/v2\/comments?post=93679"}],"wp:featuredmedia":[{"embeddable":true,"href":"https:\/\/www.ecommerceupdate.com.br\/ca\/wp-json\/wp\/v2\/product\/93679"}],"wp:attachment":[{"href":"https:\/\/www.ecommerceupdate.com.br\/ca\/wp-json\/wp\/v2\/media?parent=93679"}],"wp:term":[{"taxonomy":"product_cat","embeddable":true,"href":"https:\/\/www.ecommerceupdate.com.br\/ca\/wp-json\/wp\/v2\/product_cat?post=93679"},{"taxonomy":"product_tag","embeddable":true,"href":"https:\/\/www.ecommerceupdate.com.br\/ca\/wp-json\/wp\/v2\/product_tag?post=93679"}],"curies":[{"name":"wp","href":"https:\/\/api.w.org\/{rel}","templated":true}]}}