{"id":93876,"date":"2026-03-06T03:28:33","date_gmt":"2026-03-06T06:28:33","guid":{"rendered":"https:\/\/www.ecommerceupdate.com.br\/produto\/amazon-marketplace-part-1\/"},"modified":"2026-03-13T15:47:50","modified_gmt":"2026-03-13T18:47:50","slug":"amazon-marketplace-part-1","status":"publish","type":"product","link":"https:\/\/www.ecommerceupdate.com.br\/ca\/produto\/amazon-marketplace-part-1\/","title":{"rendered":"Amazon mercat part-1"},"content":{"rendered":"<div class=\"woocommerce-product-details\">\n<h3>Detalls del producte<\/h3>\n<ul>\n<li>Editorial: Publicaci\u00f3 independent<\/li>\n<li>Data de publicaci\u00f3: 29 de gener de 2018<\/li>\n<li>Idioma: Angl\u00e8s<\/li>\n<li>Nombre de p\u00e0gines: 58 p\u00e0gines<\/li>\n<li>ISBN-10:1977034888<\/li>\n<li>ISBN-13:978-1977034885<\/li>\n<li>Pes del producte: 141g<\/li>\n<li>Dimensions: 15,24 x 0,38 x 22,86 cm<\/li>\n<\/ul><\/div>","protected":false},"excerpt":{"rendered":"<p>Amazon, el gegant del comer\u00e7 electr\u00f2nic, \u00e9s un dels comerciants m\u00e9s antics del web i t\u00e9 m\u00e9s de 200 milions de clients a tot el m\u00f3n. Amazon \u00e9s el mercat inigualable per vendre productes en l\u00ednia. Ofereix una excel\u00b7lent plataforma per fer negocis en l\u00ednia i ha proporcionat un benefici tant als mercats d'Amazon com als venedors.<\/p>","protected":false},"featured_media":93876,"comment_status":"open","ping_status":"closed","template":"","meta":[],"product_cat":[1653,1595,1610],"product_tag":[],"class_list":{"0":"post-93876","1":"product","2":"type-product","3":"status-publish","4":"has-post-thumbnail","6":"product_brand-edicao-ingls-por-mayur-sharma-autor","7":"product_cat-educacao-referencia-e-didaticos","8":"product_cat-livros","9":"product_cat-livros-internacionais","11":"first","12":"instock","13":"shipping-taxable","14":"purchasable","15":"product-type-simple"},"aioseo_notices":[],"_links":{"self":[{"href":"https:\/\/www.ecommerceupdate.com.br\/ca\/wp-json\/wp\/v2\/product\/93876","targetHints":{"allow":["GET"]}}],"collection":[{"href":"https:\/\/www.ecommerceupdate.com.br\/ca\/wp-json\/wp\/v2\/product"}],"about":[{"href":"https:\/\/www.ecommerceupdate.com.br\/ca\/wp-json\/wp\/v2\/types\/product"}],"replies":[{"embeddable":true,"href":"https:\/\/www.ecommerceupdate.com.br\/ca\/wp-json\/wp\/v2\/comments?post=93876"}],"wp:featuredmedia":[{"embeddable":true,"href":"https:\/\/www.ecommerceupdate.com.br\/ca\/wp-json\/wp\/v2\/product\/93876"}],"wp:attachment":[{"href":"https:\/\/www.ecommerceupdate.com.br\/ca\/wp-json\/wp\/v2\/media?parent=93876"}],"wp:term":[{"taxonomy":"product_cat","embeddable":true,"href":"https:\/\/www.ecommerceupdate.com.br\/ca\/wp-json\/wp\/v2\/product_cat?post=93876"},{"taxonomy":"product_tag","embeddable":true,"href":"https:\/\/www.ecommerceupdate.com.br\/ca\/wp-json\/wp\/v2\/product_tag?post=93876"}],"curies":[{"name":"wp","href":"https:\/\/api.w.org\/{rel}","templated":true}]}}