{"id":93880,"date":"2026-03-06T03:30:35","date_gmt":"2026-03-06T06:30:35","guid":{"rendered":"https:\/\/www.ecommerceupdate.com.br\/produto\/guia-completo-como-comecar-a-vender-na-amazon\/"},"modified":"2026-03-13T15:48:32","modified_gmt":"2026-03-13T18:48:32","slug":"guia-completo-como-comecar-a-vender-na-amazon","status":"publish","type":"product","link":"https:\/\/www.ecommerceupdate.com.br\/ca\/produto\/guia-completo-como-comecar-a-vender-na-amazon\/","title":{"rendered":"Guia completa Com comen\u00e7ar a vendre a Amazon"},"content":{"rendered":"<div class=\"woocommerce-product-details\">\n<h3>Detalls del producte<\/h3>\n<ul>\n<li>ASIN: B0DZZC7M54<\/li>\n<li>Accessibilitat: Apr\u00e8n m\u00e9s<\/li>\n<li>Data de publicaci\u00f3: 10 de mar\u00e7 de 2025<\/li>\n<li>Edici\u00f3: 1a<\/li>\n<li>Idioma: Portugu\u00e8s<\/li>\n<li>Mida del fitxer: 825 KB<\/li>\n<li>Configuraci\u00f3 de la font: No activat<\/li>\n<li>Consells de vocabulari: No activat<\/li>\n<li>Format: Print Replica<\/li>\n<li>Full de p\u00e0gina: No habilitat<\/li>\n<li>Edat lectora: 17 18 anys<\/li>\n<li>R\u00e0nquing de m\u00e9s venuts: n\u00fam. 424.161 a Kindle Store (Coneix els 100 millors en la categoria Kindle Store) n\u00fam. 15.624 en negocis i economia<\/li>\n<li>15.624 en Economia i Empresa<\/li>\n<li>Comentaris dels clients: 5.0 5.0 sobre 5 estrelles (1)<\/li>\n<\/ul><\/div>","protected":false},"excerpt":{"rendered":"<p>Vendre a Amazon \u00e9s una de les maneres m\u00e9s rendibles d'iniciar un negoci en l\u00ednia, permetent a qualsevol persona iniciar un negoci amb poca inversi\u00f3 i un gran potencial de creixement.El mercat ofereix una estructura robusta, abast global i milions de clients actius diaris.<\/p>\n<p>Amb aquest llibre electr\u00f2nic, qualsevol persona pot convertir Amazon en una font d'ingressos escalable i sostenible dominant el mercat i aconseguint la llibertat financera<\/p>","protected":false},"featured_media":93880,"comment_status":"open","ping_status":"closed","template":"","meta":[],"product_cat":[1611,1608,1607],"product_tag":[],"class_list":{"0":"post-93880","1":"product","2":"type-product","3":"status-publish","4":"has-post-thumbnail","6":"product_brand-por-allan-paixo-autor-formato-ebook-kindle","7":"product_cat-administracao-negocios-e-economia","8":"product_cat-ebooks-kindle","9":"product_cat-loja-kindle","11":"first","12":"instock","13":"shipping-taxable","14":"purchasable","15":"product-type-simple"},"aioseo_notices":[],"_links":{"self":[{"href":"https:\/\/www.ecommerceupdate.com.br\/ca\/wp-json\/wp\/v2\/product\/93880","targetHints":{"allow":["GET"]}}],"collection":[{"href":"https:\/\/www.ecommerceupdate.com.br\/ca\/wp-json\/wp\/v2\/product"}],"about":[{"href":"https:\/\/www.ecommerceupdate.com.br\/ca\/wp-json\/wp\/v2\/types\/product"}],"replies":[{"embeddable":true,"href":"https:\/\/www.ecommerceupdate.com.br\/ca\/wp-json\/wp\/v2\/comments?post=93880"}],"wp:featuredmedia":[{"embeddable":true,"href":"https:\/\/www.ecommerceupdate.com.br\/ca\/wp-json\/wp\/v2\/product\/93880"}],"wp:attachment":[{"href":"https:\/\/www.ecommerceupdate.com.br\/ca\/wp-json\/wp\/v2\/media?parent=93880"}],"wp:term":[{"taxonomy":"product_cat","embeddable":true,"href":"https:\/\/www.ecommerceupdate.com.br\/ca\/wp-json\/wp\/v2\/product_cat?post=93880"},{"taxonomy":"product_tag","embeddable":true,"href":"https:\/\/www.ecommerceupdate.com.br\/ca\/wp-json\/wp\/v2\/product_tag?post=93880"}],"curies":[{"name":"wp","href":"https:\/\/api.w.org\/{rel}","templated":true}]}}