{"id":93898,"date":"2026-03-06T07:21:58","date_gmt":"2026-03-06T10:21:58","guid":{"rendered":"https:\/\/www.ecommerceupdate.com.br\/produto\/aspectos-de-operacoes-multicanais-e-omnichannel\/"},"modified":"2026-03-13T15:49:55","modified_gmt":"2026-03-13T18:49:55","slug":"aspectos-de-operacoes-multicanais-e-omnichannel","status":"publish","type":"product","link":"https:\/\/www.ecommerceupdate.com.br\/ca\/produto\/aspectos-de-operacoes-multicanais-e-omnichannel\/","title":{"rendered":"Aspectes de les operacions multicanal i omnicanal"},"content":{"rendered":"<div class=\"woocommerce-product-details\">\n<h3>Detalls del producte<\/h3>\n<ul>\n<li>Editorial: InterSaberes<\/li>\n<li>Data de publicaci\u00f3: 28 de febrer de 2022<\/li>\n<li>Edici\u00f3: 1a<\/li>\n<li>Idioma: Portugu\u00e8s<\/li>\n<li>Nombre de p\u00e0gines: 266 p\u00e0gines<\/li>\n<li>ISBN-10:655517367X<\/li>\n<li>ISBN-13:978-6555173673<\/li>\n<li>Pes del producte: 300g<\/li>\n<li>Dimensions: 14 x 1,4 x 21 cm<\/li>\n<li>R\u00e0nquing de m\u00e9s venuts: n\u00fam. 483.474 en llibres (Coneix els 100 millors en la categoria de llibres) n\u00fam. 316 en m\u00e0rqueting web n\u00fam. 1.221 en m\u00e0rqueting n\u00fam. 9.004 en gesti\u00f3 i lideratge<\/li>\n<li>316 En M\u00e0rqueting Web<\/li>\n<li>1.221 en M\u00e0rqueting<\/li>\n<li>9.004 en Gesti\u00f3 i Lideratge<\/li>\n<li>Avaluacions de clients: 5.0 5.0 sobre 5 estrelles (4)<\/li>\n<\/ul><\/div>","protected":false},"excerpt":{"rendered":"<p>Imagina\u2019t la seg\u00fcent situaci\u00f3: est\u00e0s en una botiga, t\u2019atreu un producte, examina les caracter\u00edstiques i, finalment, decideixes no comprar-lo. M\u00e9s tard, quan arribes a casa, et penedeixes de no haver comprat el producte, per\u00f2 recorda que aquella botiga on eres t\u00e9 una aplicaci\u00f3 de venda online.F\u00e0cil, no? Des de la comoditat de casa teva, compres aquell producte que ja ha tingut el plaer de \u201cPLUVI amb les mans\u201d i encara el pots rebre sense sortir de casa. Aquesta experi\u00e8ncia de consum nom\u00e9s es pot experimentar en empreses que actuen en diverses plataformes (multichanalize), que poden ser una compra virtual o poden ser un mitj\u00e0.<\/p>","protected":false},"featured_media":0,"comment_status":"open","ping_status":"closed","template":"","meta":[],"product_cat":[1611,1595,1618],"product_tag":[],"class_list":{"0":"post-93898","1":"product","2":"type-product","3":"status-publish","5":"product_brand-por-las-ribeiro-autor-dayanna-dos-santos-costa-maciel-autor","6":"product_cat-administracao-negocios-e-economia","7":"product_cat-livros","8":"product_cat-marketing-e-vendas","10":"first","11":"instock","12":"sale","13":"shipping-taxable","14":"purchasable","15":"product-type-simple"},"aioseo_notices":[],"_links":{"self":[{"href":"https:\/\/www.ecommerceupdate.com.br\/ca\/wp-json\/wp\/v2\/product\/93898","targetHints":{"allow":["GET"]}}],"collection":[{"href":"https:\/\/www.ecommerceupdate.com.br\/ca\/wp-json\/wp\/v2\/product"}],"about":[{"href":"https:\/\/www.ecommerceupdate.com.br\/ca\/wp-json\/wp\/v2\/types\/product"}],"replies":[{"embeddable":true,"href":"https:\/\/www.ecommerceupdate.com.br\/ca\/wp-json\/wp\/v2\/comments?post=93898"}],"wp:attachment":[{"href":"https:\/\/www.ecommerceupdate.com.br\/ca\/wp-json\/wp\/v2\/media?parent=93898"}],"wp:term":[{"taxonomy":"product_cat","embeddable":true,"href":"https:\/\/www.ecommerceupdate.com.br\/ca\/wp-json\/wp\/v2\/product_cat?post=93898"},{"taxonomy":"product_tag","embeddable":true,"href":"https:\/\/www.ecommerceupdate.com.br\/ca\/wp-json\/wp\/v2\/product_tag?post=93898"}],"curies":[{"name":"wp","href":"https:\/\/api.w.org\/{rel}","templated":true}]}}