{"id":94288,"date":"2026-03-11T13:14:44","date_gmt":"2026-03-11T16:14:44","guid":{"rendered":"https:\/\/www.ecommerceupdate.com.br\/produto\/gestao-de-midias-sociais\/"},"modified":"2026-03-13T15:56:08","modified_gmt":"2026-03-13T18:56:08","slug":"gestao-de-midias-sociais","status":"publish","type":"product","link":"https:\/\/www.ecommerceupdate.com.br\/ca\/produto\/gestao-de-midias-sociais\/","title":{"rendered":"Gesti\u00f3 de xarxes socials"},"content":{"rendered":"<div class=\"woocommerce-product-details\">\n<h3>Detalls del producte<\/h3>\n<ul>\n<li>Editorial: InterSaberes<\/li>\n<li>Data de publicaci\u00f3: 1 d'octubre de 2017<\/li>\n<li>Edici\u00f3: 1a<\/li>\n<li>Idioma: Portugu\u00e8s<\/li>\n<li>Nombre de p\u00e0gines: 284 p\u00e0gines<\/li>\n<li>ISBN-10:8559725261<\/li>\n<li>ISBN-13:978-8559725261<\/li>\n<li>Pes del producte: 320g<\/li>\n<li>Dimensions: 21 x 14,2 x 1,6 cm<\/li>\n<li>R\u00e0nquing de m\u00e9s venuts: n\u00fam. 90.944 en llibres (Coneix els 100 millors en la categoria de llibres) n\u00fam. 1.847 en llibres de refer\u00e8ncia de sociologia<\/li>\n<li>1.847 a Llibres de refer\u00e8ncia sobre Sociologia<\/li>\n<li>Comentaris dels clients: 3.6 3.6 sobre 5 estrelles (10)<\/li>\n<\/ul><\/div>","protected":false},"excerpt":{"rendered":"<p>A m\u00e9s de mantenir-se molt atent a l\u2019aparici\u00f3 de noves tend\u00e8ncies, el professional que treballa amb les xarxes socials ha d\u2019adaptar-se r\u00e0pidament als canvis constants en les demandes i interessos del seu p\u00fablic objectiu.Per tal d\u2019ajudar a identificar i desenvolupar els atributs essencials per treballar amb la gesti\u00f3 de les xarxes socials, en aquest treball explorarem les principals teories i conceptes que sustenten els estudis en aquest \u00e0mbit i mostraran, de manera concreta i aplicada, tot el que cal saber per desenvolupar un pla de gesti\u00f3 de xarxes socials.<\/p>","protected":false},"featured_media":0,"comment_status":"open","ping_status":"closed","template":"","meta":{"_aipt_faq_data":""},"product_cat":[1638,1595,1637],"product_tag":[],"class_list":{"0":"post-94288","1":"product","2":"type-product","3":"status-publish","5":"product_brand-edicao-portugus-por-camila-gino-almeida-costa-autor","6":"product_cat-ciencias-sociais","7":"product_cat-livros","8":"product_cat-politica-filosofia-e-ciencias-sociais","10":"first","11":"instock","12":"sale","13":"shipping-taxable","14":"purchasable","15":"product-type-simple"},"aioseo_notices":[],"_links":{"self":[{"href":"https:\/\/www.ecommerceupdate.com.br\/ca\/wp-json\/wp\/v2\/product\/94288","targetHints":{"allow":["GET"]}}],"collection":[{"href":"https:\/\/www.ecommerceupdate.com.br\/ca\/wp-json\/wp\/v2\/product"}],"about":[{"href":"https:\/\/www.ecommerceupdate.com.br\/ca\/wp-json\/wp\/v2\/types\/product"}],"replies":[{"embeddable":true,"href":"https:\/\/www.ecommerceupdate.com.br\/ca\/wp-json\/wp\/v2\/comments?post=94288"}],"wp:attachment":[{"href":"https:\/\/www.ecommerceupdate.com.br\/ca\/wp-json\/wp\/v2\/media?parent=94288"}],"wp:term":[{"taxonomy":"product_cat","embeddable":true,"href":"https:\/\/www.ecommerceupdate.com.br\/ca\/wp-json\/wp\/v2\/product_cat?post=94288"},{"taxonomy":"product_tag","embeddable":true,"href":"https:\/\/www.ecommerceupdate.com.br\/ca\/wp-json\/wp\/v2\/product_tag?post=94288"}],"curies":[{"name":"wp","href":"https:\/\/api.w.org\/{rel}","templated":true}]}}