{"id":94363,"date":"2026-03-12T13:42:26","date_gmt":"2026-03-12T16:42:26","guid":{"rendered":"https:\/\/www.ecommerceupdate.com.br\/produto\/e-commerce-fgv-management\/"},"modified":"2026-03-13T15:58:12","modified_gmt":"2026-03-13T18:58:12","slug":"e-commerce-fgv-management","status":"publish","type":"product","link":"https:\/\/www.ecommerceupdate.com.br\/ca\/produto\/e-commerce-fgv-management\/","title":{"rendered":"Comer\u00e7 electr\u00f2nic (FGV Management)"},"content":{"rendered":"<div class=\"woocommerce-product-details\"><\/div>","protected":false},"excerpt":{"rendered":"<p>L\u2019objectiu d\u2019aquest llibre \u00e9s proporcionar al lector una visi\u00f3 sist\u00e8mica sobre l\u2019\u00fas de la tecnologia d\u2019internet en els negocis, tant en les operacions de comer\u00e7 electr\u00f2nic com en els usos d\u2019Internet, un mitj\u00e0 per ser explorat per diferents accions de m\u00e0rqueting.Perqu\u00e8 \u00e9s un tema subjecte a molts canvis, la preocupaci\u00f3 dels autors, m\u00e9s que portar receptes preparades, \u00e9s desenvolupar una metodologia perqu\u00e8 el lector pugui elaborar les seves pr\u00f2pies estrat\u00e8gies per als negocis en l\u00ednia.<\/p>","protected":false},"featured_media":94363,"comment_status":"open","ping_status":"closed","template":"","meta":[],"product_cat":[1611,1613,1595],"product_tag":[],"class_list":{"0":"post-94363","1":"product","2":"type-product","3":"status-publish","4":"has-post-thumbnail","6":"product_brand-por-eduardo-augusto-de-andrade-autor-andr-antunes-autor-andr-bittencourt-do-valle-autor-andre-kischinevsky-autor-1-mais-formato-ebook-kindle","7":"product_cat-administracao-negocios-e-economia","8":"product_cat-industrias-e-profissoes","9":"product_cat-livros","11":"first","12":"instock","13":"sale","14":"shipping-taxable","15":"purchasable","16":"product-type-simple"},"aioseo_notices":[],"_links":{"self":[{"href":"https:\/\/www.ecommerceupdate.com.br\/ca\/wp-json\/wp\/v2\/product\/94363","targetHints":{"allow":["GET"]}}],"collection":[{"href":"https:\/\/www.ecommerceupdate.com.br\/ca\/wp-json\/wp\/v2\/product"}],"about":[{"href":"https:\/\/www.ecommerceupdate.com.br\/ca\/wp-json\/wp\/v2\/types\/product"}],"replies":[{"embeddable":true,"href":"https:\/\/www.ecommerceupdate.com.br\/ca\/wp-json\/wp\/v2\/comments?post=94363"}],"wp:featuredmedia":[{"embeddable":true,"href":"https:\/\/www.ecommerceupdate.com.br\/ca\/wp-json\/wp\/v2\/product\/94363"}],"wp:attachment":[{"href":"https:\/\/www.ecommerceupdate.com.br\/ca\/wp-json\/wp\/v2\/media?parent=94363"}],"wp:term":[{"taxonomy":"product_cat","embeddable":true,"href":"https:\/\/www.ecommerceupdate.com.br\/ca\/wp-json\/wp\/v2\/product_cat?post=94363"},{"taxonomy":"product_tag","embeddable":true,"href":"https:\/\/www.ecommerceupdate.com.br\/ca\/wp-json\/wp\/v2\/product_tag?post=94363"}],"curies":[{"name":"wp","href":"https:\/\/api.w.org\/{rel}","templated":true}]}}