{"id":94373,"date":"2026-03-12T13:47:01","date_gmt":"2026-03-12T16:47:01","guid":{"rendered":"https:\/\/www.ecommerceupdate.com.br\/produto\/comercio-digital-e-pmes-em-puebla-o-impacto-do-comercio-digital-e-da-logistica\/"},"modified":"2026-03-12T13:47:03","modified_gmt":"2026-03-12T16:47:03","slug":"comercio-digital-e-pmes-em-puebla-o-impacto-do-comercio-digital-e-da-logistica","status":"publish","type":"product","link":"https:\/\/www.ecommerceupdate.com.br\/ca\/produto\/comercio-digital-e-pmes-em-puebla-o-impacto-do-comercio-digital-e-da-logistica\/","title":{"rendered":"Comer\u00e7 digital i PIME a Puebla: L'impacte del comer\u00e7 digital i la log\u00edstica"},"content":{"rendered":"<div class=\"woocommerce-product-details\">\n<h3>Detalls del producte<\/h3>\n<ul>\n<li>Edici\u00f3: Edicions El nostre coneixement<\/li>\n<li>Data de publicaci\u00f3: 31 de maig de 2022<\/li>\n<li>Idioma: Portugu\u00e8s<\/li>\n<li>Nombre de p\u00e0gines: 60 p\u00e0gines<\/li>\n<li>ISBN-10:6204785532<\/li>\n<li>ISBN-13:978-6204785530<\/li>\n<li>Dimensions: 15 x 0,36 x 22 cm<\/li>\n<\/ul><\/div>","protected":false},"excerpt":{"rendered":"<p>Detalls del producte Editorial: Edicions El nostre coneixement Data de publicaci\u00f3 : 31 Maig 2022 Idioma : Angl\u00e8s N\u00famero de p\u00e0gines : 60 p\u00e0gines ISBN-10 : 6204785532 ISBN-13 : 978-6204785530 Dimensions : 15 x 0,36 x 22 cm<\/p>","protected":false},"featured_media":0,"comment_status":"open","ping_status":"closed","template":"","meta":[],"product_cat":[1611,1621,1595],"product_tag":[],"class_list":{"0":"post-94373","1":"product","2":"type-product","3":"status-publish","5":"product_brand-por-juan-carlos-aranda-autor","6":"product_cat-administracao-negocios-e-economia","7":"product_cat-gestao-e-lideranca","8":"product_cat-livros","10":"first","11":"instock","12":"shipping-taxable","13":"purchasable","14":"product-type-simple"},"aioseo_notices":[],"_links":{"self":[{"href":"https:\/\/www.ecommerceupdate.com.br\/ca\/wp-json\/wp\/v2\/product\/94373","targetHints":{"allow":["GET"]}}],"collection":[{"href":"https:\/\/www.ecommerceupdate.com.br\/ca\/wp-json\/wp\/v2\/product"}],"about":[{"href":"https:\/\/www.ecommerceupdate.com.br\/ca\/wp-json\/wp\/v2\/types\/product"}],"replies":[{"embeddable":true,"href":"https:\/\/www.ecommerceupdate.com.br\/ca\/wp-json\/wp\/v2\/comments?post=94373"}],"wp:attachment":[{"href":"https:\/\/www.ecommerceupdate.com.br\/ca\/wp-json\/wp\/v2\/media?parent=94373"}],"wp:term":[{"taxonomy":"product_cat","embeddable":true,"href":"https:\/\/www.ecommerceupdate.com.br\/ca\/wp-json\/wp\/v2\/product_cat?post=94373"},{"taxonomy":"product_tag","embeddable":true,"href":"https:\/\/www.ecommerceupdate.com.br\/ca\/wp-json\/wp\/v2\/product_tag?post=94373"}],"curies":[{"name":"wp","href":"https:\/\/api.w.org\/{rel}","templated":true}]}}