{"id":94502,"date":"2026-03-15T14:19:10","date_gmt":"2026-03-15T17:19:10","guid":{"rendered":"https:\/\/www.ecommerceupdate.com.br\/produto\/os-10-pecados-mortais-do-marketing-sintomas-e-solucoes\/"},"modified":"2026-03-15T14:19:12","modified_gmt":"2026-03-15T17:19:12","slug":"os-10-pecados-mortais-do-marketing-sintomas-e-solucoes","status":"publish","type":"product","link":"https:\/\/www.ecommerceupdate.com.br\/ca\/produto\/os-10-pecados-mortais-do-marketing-sintomas-e-solucoes\/","title":{"rendered":"Els 10 pecats capitals del m\u00e0rqueting: S\u00edmptomes i solucions"},"content":{"rendered":"<div class=\"woocommerce-product-details\"><\/div>","protected":false},"excerpt":{"rendered":"<p>\u201c\u2194Probablement la guia de m\u00e0rqueting m\u00e9s \u00fatil i aplicable dels \u00faltims anys.ESH8 iNetworks8recomanable tant per als venedors com per als directius d'altres camps.incinnati Journal of Consumer Marketing AN llibre indispensable per a qualsevol persona que vulgui seguir sent competitiva en el mercat.\u00b3 &amp; &amp; &amp; &amp; &amp; &amp; &amp; &amp; &amp; &amp; &amp; &amp; &amp; &amp; &amp; &amp; &amp; &amp; &amp; &amp; &amp; &amp; &amp; &amp; &amp; &amp; &amp;.<br \/>Per qu\u00e8 75% de nous productes, serveis i negocis fracassen? I per qu\u00e8 les campanyes de m\u00e0rqueting ja no donen els mateixos resultats?Philip Kotler, una de les majors autoritats sobre el tema, presenta les respostes en aquest llibre que \u00e9s una de les guies m\u00e9s clares i pr\u00e0ctiques sobre qu\u00e8 fer (i qu\u00e8 no fer) quan es tracta de m\u00e0rqueting.A partir d'exemples i coneixements, explica com identificar els signes que una empresa est\u00e0 cometent un dels 10 pecats mortals del m\u00e0rqueting i comparteix les millors solucions per superar el problema.A aprendre a centrar-se en el mercat i el client, fer un seguiment de la compet\u00e8ncia, gestionar les m\u00e9s efectives, desenvolupar estrat\u00e8gies de m\u00e0rqueting, construir les m\u00e9s efectives, construir relacions i desenvolupar els plans de m\u00e0rqueting m\u00e9s efectius, construir els m\u00e9s efectius i els m\u00e9s efectius per construir el negoci.<\/p>","protected":false},"featured_media":0,"comment_status":"open","ping_status":"closed","template":"","meta":[],"product_cat":[1701,1700,1595],"product_tag":[],"class_list":{"0":"post-94502","1":"product","2":"type-product","3":"status-publish","5":"product_brand-edicao-portugus-por-philip-kotler-autor-ivo-korytowski-tradutor","6":"product_cat-drama","7":"product_cat-literatura-e-ficcao","8":"product_cat-livros","10":"first","11":"instock","12":"sale","13":"shipping-taxable","14":"purchasable","15":"product-type-simple"},"aioseo_notices":[],"_links":{"self":[{"href":"https:\/\/www.ecommerceupdate.com.br\/ca\/wp-json\/wp\/v2\/product\/94502","targetHints":{"allow":["GET"]}}],"collection":[{"href":"https:\/\/www.ecommerceupdate.com.br\/ca\/wp-json\/wp\/v2\/product"}],"about":[{"href":"https:\/\/www.ecommerceupdate.com.br\/ca\/wp-json\/wp\/v2\/types\/product"}],"replies":[{"embeddable":true,"href":"https:\/\/www.ecommerceupdate.com.br\/ca\/wp-json\/wp\/v2\/comments?post=94502"}],"wp:attachment":[{"href":"https:\/\/www.ecommerceupdate.com.br\/ca\/wp-json\/wp\/v2\/media?parent=94502"}],"wp:term":[{"taxonomy":"product_cat","embeddable":true,"href":"https:\/\/www.ecommerceupdate.com.br\/ca\/wp-json\/wp\/v2\/product_cat?post=94502"},{"taxonomy":"product_tag","embeddable":true,"href":"https:\/\/www.ecommerceupdate.com.br\/ca\/wp-json\/wp\/v2\/product_tag?post=94502"}],"curies":[{"name":"wp","href":"https:\/\/api.w.org\/{rel}","templated":true}]}}