{"id":94511,"date":"2026-03-15T16:43:28","date_gmt":"2026-03-15T19:43:28","guid":{"rendered":"https:\/\/www.ecommerceupdate.com.br\/produto\/wordpress-descomplicado-do-basico-ao-e-commerce\/"},"modified":"2026-03-24T19:48:49","modified_gmt":"2026-03-24T22:48:49","slug":"wordpress-descomplicado-do-basico-ao-e-commerce","status":"publish","type":"product","link":"https:\/\/www.ecommerceupdate.com.br\/ca\/produto\/wordpress-descomplicado-do-basico-ao-e-commerce\/","title":{"rendered":"WordPress Uncomplicated: De Fonaments a Comer\u00e7 Electr\u00f2nic"},"content":{"rendered":"<div class=\"woocommerce-product-details\">\n<h3>Detalls del producte<\/h3>\n<ul>\n<li>ASIN: B08C35YMMJ<\/li>\n<li>Accessibilitat: Apr\u00e8n m\u00e9s<\/li>\n<li>Data de publicaci\u00f3: 29 de juny de 2020<\/li>\n<li>Edici\u00f3: 1a<\/li>\n<li>Idioma: Portugu\u00e8s<\/li>\n<li>Mida del fitxer: 21,3 MB<\/li>\n<li>Lector de pantalla: Compatible<\/li>\n<li>Configuraci\u00f3 de la font: Habilitada<\/li>\n<li>Consells de vocabulari: No activat<\/li>\n<li>Nombre de p\u00e0gines: 50 p\u00e0gines<\/li>\n<li>Full de p\u00e0gina: habilitat<\/li>\n<li>R\u00e0nquing de m\u00e9s venuts: n\u00fam. 237.191 a Kindle Store (Coneix els 100 millors en la categoria Kindle Store) n\u00fam. 14 a les bases de dades d'Oracle n\u00fam. 3.115 en inform\u00e0tica, Internet i mitjans digitals<\/li>\n<li>14 A les bases de dades d'Oracle<\/li>\n<li>3.115 en Inform\u00e0tica, Internet i mitjans digitals<\/li>\n<li>Comentaris dels clients: 3.4 3.4 sobre 5 estrelles (7)<\/li>\n<\/ul><\/div>","protected":false},"excerpt":{"rendered":"<p>WordPress \u00e9s un sistema de gesti\u00f3 de continguts gratu\u00eft per a Internet, sent aquest el m\u00e9s utilitzat en el m\u00f3n. La popularitzaci\u00f3 de wordpress es deu principalment a la seva facilitat d'\u00fas, versatilitat i varietat de projectes que es poden desenvolupar a trav\u00e9s d'ell. Diverses empreses i persones utilitzen WordPress per desenvolupar les seves p\u00e0gines personals, p\u00e0gines de negocis, revistes, carteres, projectes gestionats, programador d'esdeveniments i fins i tot productes i serveis de comer\u00e7 electr\u00f2nic, per la seva capacitat d'estendre per complements i temes variats. En aquest treball segueix els passos de com comen\u00e7ar amb WordPress, comen\u00e7ant com un simple desenvolupament de p\u00e0gines, en el curs es mostrar\u00e0 com personalitzar d'una manera m\u00e9s professional i al final el desenvolupament d'una botiga electr\u00f2nica.<\/p>","protected":false},"featured_media":94511,"comment_status":"open","ping_status":"closed","template":"","meta":[],"product_cat":[1691,1641,1595],"product_tag":[],"class_list":{"0":"post-94511","1":"product","2":"type-product","3":"status-publish","4":"has-post-thumbnail","6":"product_brand-por-luiz-gallerani-autor-formato-ebook-kindle","7":"product_cat-base-de-dados","8":"product_cat-computacao-informatica-e-midias-digitais","9":"product_cat-livros","11":"first","12":"instock","13":"shipping-taxable","14":"purchasable","15":"product-type-simple"},"aioseo_notices":[],"_links":{"self":[{"href":"https:\/\/www.ecommerceupdate.com.br\/ca\/wp-json\/wp\/v2\/product\/94511","targetHints":{"allow":["GET"]}}],"collection":[{"href":"https:\/\/www.ecommerceupdate.com.br\/ca\/wp-json\/wp\/v2\/product"}],"about":[{"href":"https:\/\/www.ecommerceupdate.com.br\/ca\/wp-json\/wp\/v2\/types\/product"}],"replies":[{"embeddable":true,"href":"https:\/\/www.ecommerceupdate.com.br\/ca\/wp-json\/wp\/v2\/comments?post=94511"}],"wp:featuredmedia":[{"embeddable":true,"href":"https:\/\/www.ecommerceupdate.com.br\/ca\/wp-json\/wp\/v2\/product\/94511"}],"wp:attachment":[{"href":"https:\/\/www.ecommerceupdate.com.br\/ca\/wp-json\/wp\/v2\/media?parent=94511"}],"wp:term":[{"taxonomy":"product_cat","embeddable":true,"href":"https:\/\/www.ecommerceupdate.com.br\/ca\/wp-json\/wp\/v2\/product_cat?post=94511"},{"taxonomy":"product_tag","embeddable":true,"href":"https:\/\/www.ecommerceupdate.com.br\/ca\/wp-json\/wp\/v2\/product_tag?post=94511"}],"curies":[{"name":"wp","href":"https:\/\/api.w.org\/{rel}","templated":true}]}}