{"id":91399,"date":"2026-02-06T04:36:58","date_gmt":"2026-02-06T07:36:58","guid":{"rendered":"https:\/\/www.ecommerceupdate.org\/produto\/24-maneiras-de-ganhar-dinheiro-online-sem-investir-sua-jornada-para-a-liberdade-financeira-digital-marketing-digital\/"},"modified":"2026-05-13T09:58:10","modified_gmt":"2026-05-13T12:58:10","slug":"24-maneiras-de-ganhar-dinheiro-online-sem-investir-sua-jornada-para-a-liberdade-financeira-digital-marketing-digital","status":"publish","type":"product","link":"https:\/\/www.ecommerceupdate.com.br\/ceb\/produto\/24-maneiras-de-ganhar-dinheiro-online-sem-investir-sua-jornada-para-a-liberdade-financeira-digital-marketing-digital\/","title":{"rendered":"24 Maneiras de Ganhar Dinheiro Online Sem Investir: Sua Jornada para a Liberdade Financeira Digital (Marketing Digital)"},"content":{"rendered":"<div class=\"woocommerce-product-details\">\n<h3>Detalhes do produto<\/h3>\n<ul>\n<li>ASIN : B0FD8FCQM5<\/li>\n<li>Acessibilidade : Saiba mais<\/li>\n<li>Data da publica\u00e7\u00e3o : 15 junho 2025<\/li>\n<li>Idioma : Portugu\u00eas<\/li>\n<li>Tamanho do arquivo : 2.3 MB<\/li>\n<li>Configura\u00e7\u00e3o de fonte : Habilitado<\/li>\n<li>Dicas de vocabul\u00e1rio : N\u00e3o habilitado<\/li>\n<li>N\u00famero de p\u00e1ginas : 32 p\u00e1ginas<\/li>\n<li>Page Flip : Habilitado<\/li>\n<li>Parte da s\u00e9rie : Marketing Digital<\/li>\n<li>Idade de leitura : 13 &#8211; 18 anos<\/li>\n<li>Ranking dos mais vendidos: N\u00ba 161.282 em Loja Kindle (Conhe\u00e7a o Top 100 na categoria Loja Kindle) N\u00ba 2.006 em Computa\u00e7\u00e3o, internet e m\u00eddia digital N\u00ba 2.663 em Motivacional e inspiracional N\u00ba 6.055 em Neg\u00f3cios e economia<\/li>\n<li>N\u00ba 2.006 em Computa\u00e7\u00e3o, internet e m\u00eddia digital<\/li>\n<li>N\u00ba 2.663 em Motivacional e inspiracional<\/li>\n<li>N\u00ba 6.055 em Neg\u00f3cios e economia<\/li>\n<li>Avalia\u00e7\u00f5es dos clientes: 3,4 3,4 de 5 estrelas (4)<\/li>\n<\/ul><\/div>","protected":false},"excerpt":{"rendered":"<p>Alcance a liberdade financeira digital ao transformar seu tempo online em renda est\u00e1vel sem investir dinheiro. Este eBook da Loja Kindle, na categoria Autoajuda, apresenta 24 m\u00e9todos pr\u00e1ticos com passos simples e est\u00e1 dispon\u00edvel por apenas R$ 9,90. Descubra quais caminhos funcionam na pr\u00e1tica e como come\u00e7ar j\u00e1 hoje.<\/p>","protected":false},"featured_media":91399,"comment_status":"open","ping_status":"closed","template":"","meta":[],"product_cat":[1627,1608,1607],"product_tag":[2836,2838,2837],"class_list":{"0":"post-91399","1":"product","2":"type-product","3":"status-publish","4":"has-post-thumbnail","5":"product_brand-por-jos-neto-autor-formato-ebook-kindle","6":"product_cat-autoajuda","7":"product_cat-ebooks-kindle","8":"product_cat-loja-kindle","9":"product_tag-ebook-kindle-renda-extra-sem-investir","10":"product_tag-empreendedorismo-digital-autoajuda-kindle","11":"product_tag-ganhar-dinheiro-online-sem-investir-livro-digital","13":"first","14":"instock","15":"shipping-taxable","16":"purchasable","17":"product-type-simple"},"aioseo_notices":[],"_links":{"self":[{"href":"https:\/\/www.ecommerceupdate.com.br\/ceb\/wp-json\/wp\/v2\/product\/91399","targetHints":{"allow":["GET"]}}],"collection":[{"href":"https:\/\/www.ecommerceupdate.com.br\/ceb\/wp-json\/wp\/v2\/product"}],"about":[{"href":"https:\/\/www.ecommerceupdate.com.br\/ceb\/wp-json\/wp\/v2\/types\/product"}],"replies":[{"embeddable":true,"href":"https:\/\/www.ecommerceupdate.com.br\/ceb\/wp-json\/wp\/v2\/comments?post=91399"}],"wp:featuredmedia":[{"embeddable":true,"href":"https:\/\/www.ecommerceupdate.com.br\/ceb\/wp-json\/wp\/v2\/product\/91399"}],"wp:attachment":[{"href":"https:\/\/www.ecommerceupdate.com.br\/ceb\/wp-json\/wp\/v2\/media?parent=91399"}],"wp:term":[{"taxonomy":"product_cat","embeddable":true,"href":"https:\/\/www.ecommerceupdate.com.br\/ceb\/wp-json\/wp\/v2\/product_cat?post=91399"},{"taxonomy":"product_tag","embeddable":true,"href":"https:\/\/www.ecommerceupdate.com.br\/ceb\/wp-json\/wp\/v2\/product_tag?post=91399"}],"curies":[{"name":"wp","href":"https:\/\/api.w.org\/{rel}","templated":true}]}}