{"id":93226,"date":"2026-03-01T09:32:33","date_gmt":"2026-03-01T12:32:33","guid":{"rendered":"https:\/\/www.ecommerceupdate.com.br\/produto\/e-commerce-sem-enrolacao-um-guia-completo-e-direto-ao-ponto-para-quem-quer-vender-online-com-estrategia\/"},"modified":"2026-05-13T10:11:29","modified_gmt":"2026-05-13T13:11:29","slug":"e-commerce-sem-enrolacao-um-guia-completo-e-direto-ao-ponto-para-quem-quer-vender-online-com-estrategia","status":"publish","type":"product","link":"https:\/\/www.ecommerceupdate.com.br\/ceb\/produto\/e-commerce-sem-enrolacao-um-guia-completo-e-direto-ao-ponto-para-quem-quer-vender-online-com-estrategia\/","title":{"rendered":"E-COMMERCE SEM ENROLA\u00c7\u00c3O: UM GUIA COMPLETO E DIRETO AO PONTO PARA QUEM QUER VENDER ONLINE COM ESTRAT\u00c9GIA"},"content":{"rendered":"<div class=\"woocommerce-product-details\"><\/div>","protected":false},"excerpt":{"rendered":"<p>Aumente suas vendas online de forma mensur\u00e1vel, com um guia direto ao ponto que transforma estrat\u00e9gias em resultados reais. Oferece um plano completo com passos pr\u00e1ticos, foco em a\u00e7\u00f5es r\u00e1pidas e formato acess\u00edvel no Kindle para facilitar a implementa\u00e7\u00e3o. Por apenas R$ 39,90, leia agora e descubra como planejar, otimizar e escalar suas vendas com um m\u00e9todo comprovado.<\/p>","protected":false},"featured_media":93226,"comment_status":"open","ping_status":"closed","template":"","meta":[],"product_cat":[1627,1608,1607],"product_tag":[2701,2703,2702],"class_list":{"0":"post-93226","1":"product","2":"type-product","3":"status-publish","4":"has-post-thumbnail","5":"product_brand-por-alberto-vasconcelos-autor-paulo-miranda-autor-formato-ebook-kindle","6":"product_cat-autoajuda","7":"product_cat-ebooks-kindle","8":"product_cat-loja-kindle","9":"product_tag-ebook-e-commerce-guia-pratico","10":"product_tag-estrategia-de-venda-online-kindle-para-iniciantes","11":"product_tag-guia-direto-ao-ponto-para-vender-online","13":"first","14":"instock","15":"shipping-taxable","16":"purchasable","17":"product-type-simple"},"aioseo_notices":[],"_links":{"self":[{"href":"https:\/\/www.ecommerceupdate.com.br\/ceb\/wp-json\/wp\/v2\/product\/93226","targetHints":{"allow":["GET"]}}],"collection":[{"href":"https:\/\/www.ecommerceupdate.com.br\/ceb\/wp-json\/wp\/v2\/product"}],"about":[{"href":"https:\/\/www.ecommerceupdate.com.br\/ceb\/wp-json\/wp\/v2\/types\/product"}],"replies":[{"embeddable":true,"href":"https:\/\/www.ecommerceupdate.com.br\/ceb\/wp-json\/wp\/v2\/comments?post=93226"}],"wp:featuredmedia":[{"embeddable":true,"href":"https:\/\/www.ecommerceupdate.com.br\/ceb\/wp-json\/wp\/v2\/product\/93226"}],"wp:attachment":[{"href":"https:\/\/www.ecommerceupdate.com.br\/ceb\/wp-json\/wp\/v2\/media?parent=93226"}],"wp:term":[{"taxonomy":"product_cat","embeddable":true,"href":"https:\/\/www.ecommerceupdate.com.br\/ceb\/wp-json\/wp\/v2\/product_cat?post=93226"},{"taxonomy":"product_tag","embeddable":true,"href":"https:\/\/www.ecommerceupdate.com.br\/ceb\/wp-json\/wp\/v2\/product_tag?post=93226"}],"curies":[{"name":"wp","href":"https:\/\/api.w.org\/{rel}","templated":true}]}}