{"id":93857,"date":"2026-03-05T21:55:38","date_gmt":"2026-03-06T00:55:38","guid":{"rendered":"https:\/\/www.ecommerceupdate.com.br\/produto\/marketing-de-varejo\/"},"modified":"2026-05-08T11:51:02","modified_gmt":"2026-05-08T14:51:02","slug":"marketing-de-varejo","status":"publish","type":"product","link":"https:\/\/www.ecommerceupdate.com.br\/ceb\/produto\/marketing-de-varejo\/","title":{"rendered":"Marketing De Varejo"},"content":{"rendered":"<div class=\"woocommerce-product-details\">\n<h3>Detalhes do produto<\/h3>\n<ul>\n<li>Editora : Atlas<\/li>\n<li>Data da publica\u00e7\u00e3o : 17 novembro 2006<\/li>\n<li>Edi\u00e7\u00e3o : 4\u00aa<\/li>\n<li>Idioma : Portugu\u00eas<\/li>\n<li>N\u00famero de p\u00e1ginas : 376 p\u00e1ginas<\/li>\n<li>ISBN-10 : 8522445524<\/li>\n<li>ISBN-13 : 978-8522445523<\/li>\n<li>Peso do produto : 640 g<\/li>\n<li>Dimens\u00f5es : 23.8 x 17 x 2 cm<\/li>\n<li>Ranking dos mais vendidos: N\u00ba 578.843 em Livros (Conhe\u00e7a o Top 100 na categoria Livros) N\u00ba 2.011 em Marketing N\u00ba 10.292 em Gest\u00e3o e Lideran\u00e7a N\u00ba 39.195 em Feriados e Festivais Infantil e Infantojuvenil<\/li>\n<li>N\u00ba 2.011 em Marketing<\/li>\n<li>N\u00ba 10.292 em Gest\u00e3o e Lideran\u00e7a<\/li>\n<li>N\u00ba 39.195 em Feriados e Festivais Infantil e Infantojuvenil<\/li>\n<li>Avalia\u00e7\u00f5es dos clientes: 5,0 5,0 de 5 estrelas (1)<\/li>\n<\/ul><\/div>","protected":false},"excerpt":{"rendered":"<p>Na gama de presta\u00e7\u00e3o de servi\u00e7os, destaca-se a atividade varejista, que gera emprego para boa parte da popula\u00e7\u00e3o brasileira. Apesar de sua import\u00e2ncia para a economia e para a sociedade, h\u00e1 poucos livros especializados no assunto. Para suprir essa lacuna na bibliografia mercadol\u00f3gica brasileira, o autor pesquisou obras estrangeiras e nacionais que, adicionadas a sua experi\u00eancia como professor de Marketing de Varejo, proporcionaram a elabora\u00e7\u00e3o de um livro pr\u00e1tico e atual, adaptado \u00e0s necessidades brasileiras. Escrita em linguagem objetiva e simples, a obra habilita o leitor a aplicar t\u00e9cnicas de marketing em sua empresa de varejo, seja ela grande, m\u00e9dia, pequena ou micro, e atender aos seus objetivos mesmo diante das dificuldades e crises constantes que permeiam o ambiente econ\u00f4mico brasileiro. Cada cap\u00edtulo vem acompanhado de quest\u00f5es elaboradas para debate e an\u00e1lise com textos referentes ao assunto.<\/p>","protected":false},"featured_media":93857,"comment_status":"open","ping_status":"closed","template":"","meta":[],"product_cat":[1611,1595,1618],"product_tag":[],"class_list":{"0":"post-93857","1":"product","2":"type-product","3":"status-publish","4":"has-post-thumbnail","5":"product_brand-edicao-portugus-por-alexandre-l-las-casas-autor","6":"product_cat-administracao-negocios-e-economia","7":"product_cat-livros","8":"product_cat-marketing-e-vendas","10":"first","11":"instock","12":"shipping-taxable","13":"purchasable","14":"product-type-simple"},"aioseo_notices":[],"_links":{"self":[{"href":"https:\/\/www.ecommerceupdate.com.br\/ceb\/wp-json\/wp\/v2\/product\/93857","targetHints":{"allow":["GET"]}}],"collection":[{"href":"https:\/\/www.ecommerceupdate.com.br\/ceb\/wp-json\/wp\/v2\/product"}],"about":[{"href":"https:\/\/www.ecommerceupdate.com.br\/ceb\/wp-json\/wp\/v2\/types\/product"}],"replies":[{"embeddable":true,"href":"https:\/\/www.ecommerceupdate.com.br\/ceb\/wp-json\/wp\/v2\/comments?post=93857"}],"wp:featuredmedia":[{"embeddable":true,"href":"https:\/\/www.ecommerceupdate.com.br\/ceb\/wp-json\/wp\/v2\/product\/93857"}],"wp:attachment":[{"href":"https:\/\/www.ecommerceupdate.com.br\/ceb\/wp-json\/wp\/v2\/media?parent=93857"}],"wp:term":[{"taxonomy":"product_cat","embeddable":true,"href":"https:\/\/www.ecommerceupdate.com.br\/ceb\/wp-json\/wp\/v2\/product_cat?post=93857"},{"taxonomy":"product_tag","embeddable":true,"href":"https:\/\/www.ecommerceupdate.com.br\/ceb\/wp-json\/wp\/v2\/product_tag?post=93857"}],"curies":[{"name":"wp","href":"https:\/\/api.w.org\/{rel}","templated":true}]}}