{"id":93886,"date":"2026-03-06T03:32:36","date_gmt":"2026-03-06T06:32:36","guid":{"rendered":"https:\/\/www.ecommerceupdate.com.br\/produto\/sell-grow-on-amazon-an-essential-guide-for-beginners-to-start-selling-on-amazon-ecommerce-selling-mastery-book-1-english-edition\/"},"modified":"2026-04-13T23:25:42","modified_gmt":"2026-04-14T02:25:42","slug":"sell-grow-on-amazon-an-essential-guide-for-beginners-to-start-selling-on-amazon-ecommerce-selling-mastery-book-1-english-edition","status":"publish","type":"product","link":"https:\/\/www.ecommerceupdate.com.br\/ceb\/produto\/sell-grow-on-amazon-an-essential-guide-for-beginners-to-start-selling-on-amazon-ecommerce-selling-mastery-book-1-english-edition\/","title":{"rendered":"Sell &#038; Grow On Amazon: An Essential Guide for Beginners to Start Selling on Amazon (Ecommerce Selling Mastery Book 1) (English Edition)"},"content":{"rendered":"<div class=\"woocommerce-product-details\">\n<h3>Detalhes do produto<\/h3>\n<ul>\n<li>ASIN : B0DQSZ4FN1<\/li>\n<li>Acessibilidade : Saiba mais<\/li>\n<li>Data da publica\u00e7\u00e3o : 17 dezembro 2024<\/li>\n<li>Idioma : Ingl\u00eas<\/li>\n<li>Tamanho do arquivo : 784 KB<\/li>\n<li>Leitor de tela : Compat\u00edvel<\/li>\n<li>Configura\u00e7\u00e3o de fonte : Habilitado<\/li>\n<li>X-Ray : N\u00e3o habilitado<\/li>\n<li>Dicas de vocabul\u00e1rio : Habilitado<\/li>\n<li>N\u00famero de p\u00e1ginas : 131 p\u00e1ginas<\/li>\n<li>Page Flip : Habilitado<\/li>\n<li>Livro 1 de 9 : Ecommerce Selling Mastery<\/li>\n<li>Avalia\u00e7\u00f5es dos clientes: 5,0 5,0 de 5 estrelas (3)<\/li>\n<\/ul><\/div>","protected":false},"excerpt":{"rendered":"<p>Selling on Amazon offers incredible opportunities for businesses to reach millions of potential customers worldwide. However, navigating the Amazon marketplace can be complex and challenging. &#8220;Sell &#038; Grow on Amazon&#8221; is your comprehensive guide to understanding and mastering the essential aspects of building a successful Amazon business. This book provides step-by-step instructions, expert tips, and actionable strategies to help you thrive on Amazon.<\/p>\n<p>In this book, you will learn:<span>Account Opening<\/span>Account Opening<span>Product Research<\/span>Product Research<span>Brand Registration<\/span>Brand Registration<span>GTIN Exemption<\/span>GTIN Exemption<span>Catalogue Creation<\/span>Catalogue Creation<span>Image &#038; Content Guidelines<\/span>Image &#038; Content Guidelines<span>Retail Readiness Checklist<\/span>Retail Readiness Checklist<span>Inventory Management<\/span>Inventory Management<span>FBA Shipment<\/span>FBA Shipment<span>Order Management<\/span>Order Management<span>Return Management<\/span>Return Management<span>Filing Safety Claim<\/span>Filing Safety Claim<span>Fees Types<\/span>Fees Types<span>Shipping Type<\/span>Shipping Type<span>Shipping Delivery Type<\/span>Shipping Delivery Type<span>Fulfillment Type<\/span>Fulfillment Type<span>Driving Traffic<\/span>Driving Traffic<span>Advertising<\/span>Advertising<span>Keywords Research<\/span>Keywords Research<span>Promotion &#038; Offers<\/span>Promotion &#038; Offers<span>Badges<\/span>Badges<span>Storefront<\/span>Storefront<span>EBC Or A+ Content<\/span>EBC Or A+ Content<span>Ratings &#038; Reviews<\/span>Ratings &#038; Reviews<span>Payment<\/span>Payment<span>Performance Metrics<\/span>Performance Metrics<span>Reporting<\/span>Reporting<span>Account Health<\/span>Account Health<span>Step Level<\/span>Step Level<span>Customer Interaction<\/span>Customer Interaction<span>Creating &#038; Managing Cases<\/span>Creating &#038; Managing Cases<span>Glossary<\/span>GlossaryBy following the steps outlined in this guide, you will be well-equipped to establish and grow a successful Amazon business.<\/p>","protected":false},"featured_media":93886,"comment_status":"open","ping_status":"closed","template":"","meta":[],"product_cat":[1608,1628,1607],"product_tag":[],"class_list":{"0":"post-93886","1":"product","2":"type-product","3":"status-publish","4":"has-post-thumbnail","5":"product_brand-edicao-ingls-por-kamlesh-vishwakarma-autor-formato-ebook-kindle","6":"product_cat-ebooks-kindle","7":"product_cat-ingles-e-outras-linguas","8":"product_cat-loja-kindle","10":"first","11":"instock","12":"shipping-taxable","13":"purchasable","14":"product-type-simple"},"aioseo_notices":[],"_links":{"self":[{"href":"https:\/\/www.ecommerceupdate.com.br\/ceb\/wp-json\/wp\/v2\/product\/93886","targetHints":{"allow":["GET"]}}],"collection":[{"href":"https:\/\/www.ecommerceupdate.com.br\/ceb\/wp-json\/wp\/v2\/product"}],"about":[{"href":"https:\/\/www.ecommerceupdate.com.br\/ceb\/wp-json\/wp\/v2\/types\/product"}],"replies":[{"embeddable":true,"href":"https:\/\/www.ecommerceupdate.com.br\/ceb\/wp-json\/wp\/v2\/comments?post=93886"}],"wp:featuredmedia":[{"embeddable":true,"href":"https:\/\/www.ecommerceupdate.com.br\/ceb\/wp-json\/wp\/v2\/product\/93886"}],"wp:attachment":[{"href":"https:\/\/www.ecommerceupdate.com.br\/ceb\/wp-json\/wp\/v2\/media?parent=93886"}],"wp:term":[{"taxonomy":"product_cat","embeddable":true,"href":"https:\/\/www.ecommerceupdate.com.br\/ceb\/wp-json\/wp\/v2\/product_cat?post=93886"},{"taxonomy":"product_tag","embeddable":true,"href":"https:\/\/www.ecommerceupdate.com.br\/ceb\/wp-json\/wp\/v2\/product_tag?post=93886"}],"curies":[{"name":"wp","href":"https:\/\/api.w.org\/{rel}","templated":true}]}}