{"id":94357,"date":"2026-03-12T13:40:51","date_gmt":"2026-03-12T16:40:51","guid":{"rendered":"https:\/\/www.ecommerceupdate.com.br\/produto\/e-commerce-uma-via-de-mao-dupla\/"},"modified":"2026-05-13T11:00:12","modified_gmt":"2026-05-13T14:00:12","slug":"e-commerce-uma-via-de-mao-dupla","status":"publish","type":"product","link":"https:\/\/www.ecommerceupdate.com.br\/ceb\/produto\/e-commerce-uma-via-de-mao-dupla\/","title":{"rendered":"E-commerce: uma via de m\u00e3o dupla."},"content":{"rendered":"<div class=\"woocommerce-product-details\"><\/div>","protected":false},"excerpt":{"rendered":"<p>Transforme a gest\u00e3o do seu e-commerce em uma via de m\u00e3o dupla, fortalecendo a rela\u00e7\u00e3o com o cliente, aumentando a confian\u00e7a e elevando as convers\u00f5es. Escrito por Denis Andrade, Gabriela Schilling, Edmilson Maleski e Jessica Fragoso, com edi\u00e7\u00e3o da Viseu, o livro est\u00e1 dispon\u00edvel por R$ 69,90. Descubra estrat\u00e9gias pr\u00e1ticas, exemplos reais e caminhos para aplicar hoje mesmo, para ter opera\u00e7\u00f5es mais transparentes e resultados mensur\u00e1veis.<\/p>","protected":false},"featured_media":94357,"comment_status":"open","ping_status":"closed","template":"","meta":[],"product_cat":[1611,1621,1595],"product_tag":[2505,2506,2504],"class_list":{"0":"post-94357","1":"product","2":"type-product","3":"status-publish","4":"has-post-thumbnail","5":"product_brand-por-denis-andrade-e-gabriela-schilling-edmilson-maleski-jessica-fragoso-autor-viseu-editor","6":"product_cat-administracao-negocios-e-economia","7":"product_cat-gestao-e-lideranca","8":"product_cat-livros","9":"product_tag-estrategias-de-venda-online","10":"product_tag-gestao-de-lojas-virtuais","11":"product_tag-livro-e-commerce-gestao-de-negocios","13":"first","14":"instock","15":"shipping-taxable","16":"purchasable","17":"product-type-simple"},"aioseo_notices":[],"_links":{"self":[{"href":"https:\/\/www.ecommerceupdate.com.br\/ceb\/wp-json\/wp\/v2\/product\/94357","targetHints":{"allow":["GET"]}}],"collection":[{"href":"https:\/\/www.ecommerceupdate.com.br\/ceb\/wp-json\/wp\/v2\/product"}],"about":[{"href":"https:\/\/www.ecommerceupdate.com.br\/ceb\/wp-json\/wp\/v2\/types\/product"}],"replies":[{"embeddable":true,"href":"https:\/\/www.ecommerceupdate.com.br\/ceb\/wp-json\/wp\/v2\/comments?post=94357"}],"wp:featuredmedia":[{"embeddable":true,"href":"https:\/\/www.ecommerceupdate.com.br\/ceb\/wp-json\/wp\/v2\/product\/94357"}],"wp:attachment":[{"href":"https:\/\/www.ecommerceupdate.com.br\/ceb\/wp-json\/wp\/v2\/media?parent=94357"}],"wp:term":[{"taxonomy":"product_cat","embeddable":true,"href":"https:\/\/www.ecommerceupdate.com.br\/ceb\/wp-json\/wp\/v2\/product_cat?post=94357"},{"taxonomy":"product_tag","embeddable":true,"href":"https:\/\/www.ecommerceupdate.com.br\/ceb\/wp-json\/wp\/v2\/product_tag?post=94357"}],"curies":[{"name":"wp","href":"https:\/\/api.w.org\/{rel}","templated":true}]}}