{"id":91410,"date":"2026-02-06T05:59:13","date_gmt":"2026-02-06T08:59:13","guid":{"rendered":"https:\/\/www.ecommerceupdate.org\/produto\/a-formula-do-youtube-como-desvendar-o-algoritmo-para-impulsionar-as-visualizacoes-construir-seu-publico-e-aumentar-sua-renda\/"},"modified":"2026-03-14T19:51:54","modified_gmt":"2026-03-14T22:51:54","slug":"a-formula-do-youtube-como-desvendar-o-algoritmo-para-impulsionar-as-visualizacoes-construir-seu-publico-e-aumentar-sua-renda","status":"publish","type":"product","link":"https:\/\/www.ecommerceupdate.com.br\/cs\/produto\/a-formula-do-youtube-como-desvendar-o-algoritmo-para-impulsionar-as-visualizacoes-construir-seu-publico-e-aumentar-sua-renda\/","title":{"rendered":"Formule Youtube: Jak rozlu\u0161tit algoritmus, abyste zv\u00fd\u0161ili po\u010det zhl\u00e9dnut\u00ed, vybudovali publikum a zv\u00fd\u0161ili sv\u016fj p\u0159\u00edjem"},"content":{"rendered":"<div class=\"woocommerce-product-details\">\n<h3>Detaily v\u00fdrobku<\/h3>\n<ul>\n<li>Vydavatel: DVS EDITORA<\/li>\n<li>Datum zve\u0159ejn\u011bn\u00ed: 15. listopadu 2022<\/li>\n<li>Vyd\u00e1n\u00ed: 1a<\/li>\n<li>Jazyk: portugal\u0161tina<\/li>\n<li>Po\u010det stran : 336 stran<\/li>\n<li>ISBN-10:6556950645<\/li>\n<li>ISBN-13:978-6556950648<\/li>\n<li>Hmotnost produktu: 500g<\/li>\n<li>Rozm\u011bry: 16 x 1,6 x 23 cm<\/li>\n<li>\u017deb\u0159\u00ed\u010dek nejprod\u00e1van\u011bj\u0161\u00edch knih: \u010d. 13 809 v knih\u00e1ch (seznamte se s 100 nejlep\u0161\u00edmi v kategorii knih) \u010d. 23 ve webov\u00e9m marketingu \u010d. 57 v marketingu \u010d. 431 v managementu a veden\u00ed<\/li>\n<li>23 Ve Web Marketing<\/li>\n<li>57 V marketingu<\/li>\n<li>431 V \u0158\u00edzen\u00ed a Veden\u00ed<\/li>\n<li>Hodnocen\u00ed z\u00e1kazn\u00edk\u016f: 4,8 4,8 z 5 hv\u011bzdi\u010dek (196)<\/li>\n<\/ul><\/div>","protected":false},"excerpt":{"rendered":"<p>Jak se YouTube st\u00e1v\u00e1 st\u00e1le popul\u00e1rn\u011bj\u0161\u00edm, konkurence mezi tv\u016frci o dosa\u017een\u00ed nejvy\u0161\u0161\u00edch pater popularity a p\u0159edplatn\u00e9ho se ka\u017ed\u00fdm dnem zost\u0159uje. Star\u00e1 kamera iPhone a strategie r\u016fstu bez velk\u00e9ho uv\u00e1\u017een\u00ed u\u017e prost\u011b nebudou sta\u010dit k roz\u0161\u00ed\u0159en\u00ed va\u0161eho kan\u00e1lu a zlep\u0161en\u00ed va\u0161ich p\u0159\u00edjm\u016f.<br \/> V YOUTUBE FORMULA v\u00e1m Derral Eves, zku\u0161en\u00fd tv\u016frce a kou\u010d YouTube, uk\u00e1\u017ee v\u0161e, co pot\u0159ebujete v\u011bd\u011bt, abyste optimalizovali svou sou\u010dasnou obsahovou strategii. Nab\u00edz\u00ed praktick\u00e9, implementovateln\u00e9 strategie, jak spustit kan\u00e1l, generovat masivn\u00ed r\u016fst zhl\u00e9dnut\u00ed a odb\u011bratel\u016f, vybudovat zna\u010dka, zv\u00fd\u0161it zapojen\u00ed, zlep\u0161it mo\u017enost vyhled\u00e1v\u00e1n\u00ed a pos\u00edlit sv\u00e9 podnik\u00e1n\u00ed prost\u0159ednictv\u00edm YouTube.<br \/>Derral v\u00e1s nau\u010d\u00ed, pro\u010d v\u011bt\u0161ina kan\u00e1l\u016f YouTube nedok\u00e1\u017ee z\u00edskat v\u00fdznamnou dynamiku a co m\u016f\u017eete ud\u011blat, abyste se ujistili, \u017ee mezi nimi nejste. Objev\u00edte r\u016fzn\u00e9 zp\u016fsoby, jak zpen\u011b\u017eit sv\u016fj kan\u00e1l, rozv\u00edjet sv\u00e9 podnik\u00e1n\u00ed s YouTube, inspirovat loajalitu u sv\u00fdch div\u00e1k\u016f a odb\u011bratel\u016f a vyu\u017e\u00edt s\u00edlu solidn\u00edch dat k r\u016fstu po\u010dtu na YouTube.<br \/>Dozv\u00edte se v\u011bci o algoritmu YouTube, kter\u00e9 nejsou vyu\u010dov\u00e1ny v \u017e\u00e1dn\u00e9 jin\u00e9 knize na platform\u011b, v\u0161e napsan\u00e9 ve snadno sledovateln\u00e9m a snadno pou\u017eiteln\u00e9m form\u00e1tu, pln\u00e9 p\u0159\u00edpadov\u00fdch studi\u00ed a skute\u010dn\u00fdch ot\u00e1zek a odpov\u011bd\u00ed kladen\u00fdch skute\u010dn\u00fdmi tv\u016frci a spole\u010dnostmi. Derral v\u00e1s provede procesem vytv\u00e1\u0159en\u00ed obsahu YouTube od za\u010d\u00e1tku do konce a nab\u00edz\u00ed rady od ostatn\u00edch tv\u016frc\u016f, kte\u0159\u00ed prok\u00e1zali schopnost soustavn\u011b zvy\u0161ovat po\u010det odb\u011bratel\u016f, zhl\u00e9dnut\u00ed a zisk\u016f.<br \/>Ide\u00e1ln\u00ed pro sou\u010dasn\u00e9 a aspiruj\u00edc\u00ed tv\u016frce v\u0161ech skladeb na YouTube, YOUTUBE FORMULA z\u00edsk\u00e1 m\u00edsto v knihovn\u00e1ch ka\u017ed\u00e9ho, kdo se zaj\u00edm\u00e1 o modern\u00ed a digit\u00e1ln\u00ed marketing, hackov\u00e1n\u00ed r\u016fstu a elektronick\u00fd obchod.<\/p>","protected":false},"featured_media":91410,"comment_status":"open","ping_status":"closed","template":"","meta":[],"product_cat":[1611,1595,1618],"product_tag":[],"class_list":{"0":"post-91410","1":"product","2":"type-product","3":"status-publish","4":"has-post-thumbnail","6":"product_brand-por-derral-eves-autor","7":"product_cat-administracao-negocios-e-economia","8":"product_cat-livros","9":"product_cat-marketing-e-vendas","11":"first","12":"instock","13":"sale","14":"shipping-taxable","15":"purchasable","16":"product-type-simple"},"aioseo_notices":[],"_links":{"self":[{"href":"https:\/\/www.ecommerceupdate.com.br\/cs\/wp-json\/wp\/v2\/product\/91410","targetHints":{"allow":["GET"]}}],"collection":[{"href":"https:\/\/www.ecommerceupdate.com.br\/cs\/wp-json\/wp\/v2\/product"}],"about":[{"href":"https:\/\/www.ecommerceupdate.com.br\/cs\/wp-json\/wp\/v2\/types\/product"}],"replies":[{"embeddable":true,"href":"https:\/\/www.ecommerceupdate.com.br\/cs\/wp-json\/wp\/v2\/comments?post=91410"}],"wp:featuredmedia":[{"embeddable":true,"href":"https:\/\/www.ecommerceupdate.com.br\/cs\/wp-json\/wp\/v2\/product\/91410"}],"wp:attachment":[{"href":"https:\/\/www.ecommerceupdate.com.br\/cs\/wp-json\/wp\/v2\/media?parent=91410"}],"wp:term":[{"taxonomy":"product_cat","embeddable":true,"href":"https:\/\/www.ecommerceupdate.com.br\/cs\/wp-json\/wp\/v2\/product_cat?post=91410"},{"taxonomy":"product_tag","embeddable":true,"href":"https:\/\/www.ecommerceupdate.com.br\/cs\/wp-json\/wp\/v2\/product_tag?post=91410"}],"curies":[{"name":"wp","href":"https:\/\/api.w.org\/{rel}","templated":true}]}}