{"id":91649,"date":"2026-02-07T11:38:51","date_gmt":"2026-02-07T14:38:51","guid":{"rendered":"https:\/\/www.ecommerceupdate.org\/produto\/a-loja-de-tudo-jeff-bezos-e-a-era-da-amazon\/"},"modified":"2026-03-08T20:06:12","modified_gmt":"2026-03-08T23:06:12","slug":"a-loja-de-tudo-jeff-bezos-e-a-era-da-amazon","status":"publish","type":"product","link":"https:\/\/www.ecommerceupdate.com.br\/cs\/produto\/a-loja-de-tudo-jeff-bezos-e-a-era-da-amazon\/","title":{"rendered":"Obchod v\u0161eho: Jeff Bezos a v\u011bk Amazonu"},"content":{"rendered":"<div class=\"woocommerce-product-details\">\n<div id=\"aplus_feature_div\" class=\"celwidget\" data-feature-name=\"aplus\" data-csa-c-type=\"widget\" data-csa-c-content-id=\"aplus\" data-csa-c-slot-id=\"aplus_feature_div\" data-csa-c-asin=\"\" data-csa-c-is-in-initial-active-row=\"false\">\n<div id=\"aplus\" class=\"a-section a-spacing-large bucket\">\n<h3 class=\"\">Od vydavatele<\/h3>\n<div lang=\"pt_BR\">\n<div class=\"aplus-v2 desktop celwidget\">\n<div class=\"celwidget aplus-module module-12 aplus-standard\">\n<div class=\"aplus-module-wrapper apm-spacing apm-floatnone apm-fixed-width\">\n<div class=\"apm-sidemodule aplus-module-content\">\n<div class=\"apm-hero-image\"> <img decoding=\"async\" alt=\"amazon, obchod se v\u0161\u00edm v\u0161udy, jeff bezos, brad stone, obchod, nakupov\u00e1n\u00ed, obchod\" src=\"https:\/\/m.media-amazon.com\/images\/S\/aplus-media\/vc\/7efa9976-3ab8-4a1f-aeea-0cfb612008a4._CR0,0,1347,417_PT0_SX970__.jpg\" \/> <\/div>\n<\/p>\n<\/div>\n<\/div>\n<\/div>\n<div class=\"celwidget aplus-module module-3 aplus-standard\">\n<div class=\"aplus-module-wrapper apm-floatnone apm-fixed-width\">\n<div class=\"apm-sidemodule apm-spacing\">\n<div class=\"apm-sidemodule-imageright\"> <img decoding=\"async\" alt=\"amazon, obchod se v\u0161\u00edm v\u0161udy, jeff bezos, brad stone, obchod, nakupov\u00e1n\u00ed, obchod\" src=\"https:\/\/m.media-amazon.com\/images\/S\/aplus-media\/vc\/002cae37-e348-4a96-9d59-f3fbedb8fb60._CR0,0,417,417_PT0_SX300__.jpg\" \/> <\/div>\n<div class=\"apm-sidemodule-textleft\">\n<h3 class=\"a-spacing-mini\"> Kdo je Jeff Bezos? <\/h3>\n<p> <span class=\"a-text-bold\">Jeff Bezos<\/span> podnikatel, zakladatel, prezident a gener\u00e1ln\u00ed \u0159editel spole\u010dnosti Amazon Narodil se ve Spojen\u00fdch st\u00e1tech a vystudoval elektrotechniku a po\u010d\u00edta\u010dov\u00e9 in\u017een\u00fdrstv\u00ed na Princetonsk\u00e9 univerzit\u011b V sou\u010dasn\u00e9 dob\u011b, nejv\u011bt\u0161\u00ed online internetov\u00e1 prodejn\u00ed spole\u010dnost na sv\u011bt\u011b, Amazon byl zalo\u017een v roce 1994. D\u00edky obchodu a jeho r\u016fzn\u00e9 investice, Bezos se stal jedn\u00edm z nejbohat\u0161\u00edch mu\u017e\u016f v historii, s odhadovan\u00fdm jm\u011bn\u00edm 113,5 miliardy US$. <\/p>\n<\/p>\n<\/div>\n<\/div>\n<\/div>\n<\/div>\n<div class=\"celwidget aplus-module module-4 aplus-standard\">\n<div class=\"aplus-module-wrapper apm-fixed-width apm-spacing\">\n<h3 class=\"a-spacing-small\"> Zaj\u00edmavosti o Amazonu <\/h3>\n<div class=\"apm-flex\">\n<div class=\"apm-flex-item-fourth-width\">\n<p class=\"apm-text-center\"> <img decoding=\"async\" alt=\"amazon, obchod se v\u0161\u00edm v\u0161udy, jeff bezos, brad stone, obchod, nakupov\u00e1n\u00ed, obchod\" src=\"https:\/\/m.media-amazon.com\/images\/S\/aplus-media\/vc\/e5c5dd2c-6181-4de0-b0a7-1f1d603c7f33._CR0,0,306,306_PT0_SX220__.jpg\" \/> <\/p>\n<h4 class=\"a-spacing-mini\"> Tis\u00edce objedn\u00e1vek <\/h4>\n<p class=\"a-size-small\"> Prvn\u00edm s\u00eddlem spole\u010dnosti byl domov jej\u00edho zakladatele Jeffa Bezose. Aby bylo mo\u017en\u00e9 pojmout velk\u00e9 mno\u017estv\u00ed po\u0161ty p\u0159ijat\u00e9 v t\u00e9 dob\u011b, m\u011bla mnohem v\u011bt\u0161\u00ed po\u0161tovn\u00ed schr\u00e1nku ne\u017e obvykle. <\/p>\n<\/p>\n<\/div>\n<div class=\"apm-flex-item-fourth-width\">\n<p class=\"apm-text-center\"> <img decoding=\"async\" alt=\"amazon, obchod se v\u0161\u00edm v\u0161udy, jeff bezos, brad stone, obchod, nakupov\u00e1n\u00ed, obchod\" src=\"https:\/\/m.media-amazon.com\/images\/S\/aplus-media\/vc\/a88a3ea9-5860-4817-b12c-48f02dc5398a._CR0,0,306,306_PT0_SX220__.jpg\" \/> <\/p>\n<h4 class=\"a-spacing-mini\"> Volba jm\u00e9na <\/h4>\n<p class=\"a-size-small\"> P\u0159i rozhodov\u00e1n\u00ed o n\u00e1zvu spole\u010dnosti Bezos zva\u017eoval <span class=\"a-text-bold\">Cadabras<\/span> (v odkazu na Abracadabra) a Relentless (voln\u011b p\u0159elo\u017eeno jako ne\u00faprosn\u00fd nebo trval\u00fd) <span class=\"a-text-italic\">ne\u00faprosn\u00fd<\/span>, automaticky je p\u0159esm\u011brov\u00e1n na Amazon. <\/p>\n<\/p>\n<\/div>\n<div class=\"apm-flex-item-fourth-width\">\n<p class=\"apm-text-center\"> <img decoding=\"async\" alt=\"amazon, obchod se v\u0161\u00edm v\u0161udy, jeff bezos, brad stone, obchod, nakupov\u00e1n\u00ed, obchod\" src=\"https:\/\/m.media-amazon.com\/images\/S\/aplus-media\/vc\/15ae2382-c098-49e3-ab39-69ada746c762._CR0,0,306,306_PT0_SX220__.jpg\" \/> <\/p>\n<h4 class=\"a-spacing-mini\"> Zvon prodeje <\/h4>\n<p class=\"a-size-small\"> Zpo\u010d\u00e1tku m\u011bla firma zvonek, kter\u00fd se zvonil poka\u017ed\u00e9, kdy\u017e se uskute\u010dnil prodej Postupem \u010dasu se prodeje staly tak \u010dast\u00fdmi, \u017ee byly sta\u017eeny. <\/p>\n<\/p>\n<\/div>\n<div class=\"apm-flex-item-fourth-width\">\n<p class=\"apm-text-center\"> <img decoding=\"async\" alt=\"amazon, obchod se v\u0161\u00edm v\u0161udy, jeff bezos, brad stone, obchod, nakupov\u00e1n\u00ed, obchod\" src=\"https:\/\/m.media-amazon.com\/images\/S\/aplus-media\/vc\/a9cb10f2-b884-46ec-8b3e-7b97635aa106._CR0,0,306,306_PT0_SX220__.jpg\" \/> <\/p>\n<h4 class=\"a-spacing-mini\"> Mnoho dod\u00e1vek <\/h4>\n<p class=\"a-size-small\"> Amazon prov\u00e1d\u00ed asi 1,6 milionu dod\u00e1vek denn\u011b. Mno\u017estv\u00ed lepenky v t\u011bchto krabic\u00edch by sta\u010dilo na pokryt\u00ed oblasti v\u011bt\u0161\u00ed ne\u017e Kostarika. <\/p>\n<\/p>\n<\/div>\n<\/div>\n<\/div>\n<\/div>\n<div class=\"celwidget aplus-module module-9 aplus-standard\">\n<div class=\"aplus-module-wrapper apm-fixed-width apm-spacing\">\n<h3 class=\"a-spacing-small\"> Dal\u0161\u00ed knihy, kter\u00e9 by se v\u00e1m mohly l\u00edbit <\/h3>\n<div class=\"apm-flex\">\n<div class=\"apm-flex-item-third-width\">\n<p class=\"apm-text-center\"> <img decoding=\"async\" alt=\"amazon, obchod se v\u0161\u00edm v\u0161udy, jeff bezos, brad stone, obchod, nakupov\u00e1n\u00ed, obchod, elon musk\" src=\"https:\/\/m.media-amazon.com\/images\/S\/aplus-media\/vc\/37f5ff55-9b2d-471c-bbe0-f6db9b765a9c._CR0,0,417,417_PT0_SX300__.jpg\" \/> <\/p>\n<\/p>\n<\/div>\n<div class=\"apm-flex-item-third-width\">\n<p class=\"apm-text-center\"> <img decoding=\"async\" alt=\"amazon, obchod v\u0161eho, jeff bezos, brad stone, obchod, nakupov\u00e1n\u00ed, obchod, sprint, google\" src=\"https:\/\/m.media-amazon.com\/images\/S\/aplus-media\/vc\/88c01a54-6448-4280-832e-aabd3f9986ba._CR0,0,417,417_PT0_SX300__.jpg\" \/> <\/p>\n<\/p>\n<\/div>\n<div class=\"apm-flex-item-third-width\">\n<p class=\"apm-text-center\"> <img decoding=\"async\" alt=\"amazon, obchod se v\u0161\u00edm v\u0161udy, jeff bezos, brad stone, obchod, nakupov\u00e1n\u00ed, obchod, principy\" src=\"https:\/\/m.media-amazon.com\/images\/S\/aplus-media\/vc\/ed2f48bd-d056-450d-8c30-268021a0e687._CR0,0,417,417_PT0_SX300__.jpg\" \/> <\/p>\n<\/p>\n<\/div>\n<\/div>\n<\/div>\n<\/div>\n<div class=\"celwidget aplus-module module-11 aplus-standard\">\n<div class=\"aplus-module-wrapper apm-spacing apm-floatnone apm-fixed-width\">\n<div class=\"apm-sidemodule aplus-module-content\">\n<div class=\"apm-hero-image\"> <img decoding=\"async\" alt=\"amazon, obchod se v\u0161\u00edm v\u0161udy, jeff bezos, brad stone, obchod, nakupov\u00e1n\u00ed, obchod\" src=\"https:\/\/m.media-amazon.com\/images\/S\/aplus-media\/vc\/4e4bb8a5-cad5-44db-aa4f-2f6cf4606584._CR0,0,1347,417_PT0_SX970__.jpg\" \/> <\/div>\n<\/p>\n<\/div>\n<\/div>\n<\/div>\n<\/div>\n<\/div>\n<\/div>\n<\/div>\n<h3>Detaily v\u00fdrobku<\/h3>\n<ul>\n<li>ASIN: B00JAJX8OW<\/li>\n<li>Vydavatel: Intrinsic<\/li>\n<li>P\u0159\u00edstupnost: Dal\u0161\u00ed informace<\/li>\n<li>Datum zve\u0159ejn\u011bn\u00ed: 1. dubna 2014<\/li>\n<li>Jazyk: portugal\u0161tina<\/li>\n<li>Velikost souboru: 13.6 MB<\/li>\n<li>\u010cte\u010dka obrazovky: Kompatibiln\u00ed<\/li>\n<li>Konfigurace p\u00edsma: Povoleno<\/li>\n<li>Tipy pro slovn\u00ed z\u00e1sobu: Nen\u00ed povoleno<\/li>\n<li>Po\u010det stran : 484 stran<\/li>\n<li>ISBN-10:9788580574906<\/li>\n<li>ISBN-13:978-8580574906<\/li>\n<li>P\u0159eklopen\u00ed str\u00e1nky: Povoleno<\/li>\n<li>\u017deb\u0159\u00ed\u010dek nejprod\u00e1van\u011bj\u0161\u00edch: \u010d. 68 893 v Kindle Store (seznamte se s Top 100 v kategorii Kindle Store) \u010d. 1 363 v Biografi\u00edch a autobiografi\u00edch<\/li>\n<li>1 363 v Biografi\u00edch a autobiografi\u00edch<\/li>\n<li>Hodnocen\u00ed z\u00e1kazn\u00edk\u016f: 4,6 4,6 z 5 hv\u011bzdi\u010dek (3 606)<\/li>\n<\/ul><\/div>","protected":false},"excerpt":{"rendered":"<p>A Amazon foi uma pioneira no com\u00e9rcio de livros pela internet e esteve \u00e0 frente da primeira grande febre das pontocom. Mas Jeff Bezos, seu vision\u00e1rio criador, n\u00e3o se contentaria com uma livraria virtual descolada: ele queria que sua empresa dispusesse de uma sele\u00e7\u00e3o ilimitada de produtos a pre\u00e7os radicalmente baixos \u2014 e se tornasse \u201ca loja de tudo\u201d.Com o objetivo de descortinar esse universo, o jornalista Brad Stone obteve acesso in\u00e9dito a funcion\u00e1rios e executivos da Amazon, al\u00e9m de familiares e amigos de Bezos, e o resultado \u00e9 um retrato detalhado da vida na gigante do com\u00e9rcio on-line que exp\u00f5e um mundo de competitividade sem limites. Como outros precursores da tecnologia, entre eles Steve Jobs, Bill Gates e Mark Zuckerberg, Bezos n\u00e3o cede em sua incans\u00e1vel busca por novos mercados, transformando o varejo da mesma forma como Henry Ford revolucionou a ind\u00fastria \u2014 com uma impiedade tamanha que s\u00f3 se iguala \u00e0 sua vontade de oferecer a melhor experi\u00eancia poss\u00edvel ao cliente.A loja de tudo \u00e9 a biografia definitiva da start-up que fez uma das primeiras e maiores apostas na internet e mudou para sempre a nossa forma de ler e de comprar. \u00c9 um relato honesto sobre a empresa mais emblem\u00e1tica da nossa era, bem como um olhar profundamente pessoal sobre o ic\u00f4nico personagem que a criou.Agraciado com o pr\u00eamio de \u201cmelhor livro de neg\u00f3cios de 2013\u201d pelo Financial Times\/Goldman Sachs, tamb\u00e9m foi selecionado entre os melhores t\u00edtulos do ano por publica\u00e7\u00f5es como The Washington Post e Forbes. A obra re\u00fane depoimentos in\u00e9ditos de amigos, familiares, colaboradores e ex-funcion\u00e1rios da Amazon, revelando importantes detalhes de todas as jogadas de Jeff Bezos para tornar a Amazon uma das empresas mais poderosas da atualidade. O livro inclui dezenas de imagens in\u00e9ditas de Jeff Bezos desde a inf\u00e2ncia at\u00e9 se tornar um bilion\u00e1rio do Vale do Sil\u00edcio.\u201c\u00c9 uma grande aula de administra\u00e7\u00e3o de empresas e a biografia de um vision\u00e1rio. Conta como Bezos construiu a maior loja virtual do mundo, quantas besteiras fez e como virou um \u00edcone perseguindo uma s\u00f3 ideia: o poder da rede.\u201d Elio Gaspari, colunista de Folha de S.Paulo e O GloboBest-seller da Veja<\/p>","protected":false},"featured_media":91649,"comment_status":"open","ping_status":"closed","template":"","meta":[],"product_cat":[1625,1608,1607],"product_tag":[],"class_list":{"0":"post-91649","1":"product","2":"type-product","3":"status-publish","4":"has-post-thumbnail","6":"product_brand-por-brad-stone-autor-andrea-gottlieb-de-castro-neves-tradutor-formato-ebook-kindle","7":"product_cat-biografias-e-historias-reais","8":"product_cat-ebooks-kindle","9":"product_cat-loja-kindle","11":"first","12":"instock","13":"sale","14":"shipping-taxable","15":"purchasable","16":"product-type-simple"},"aioseo_notices":[],"_links":{"self":[{"href":"https:\/\/www.ecommerceupdate.com.br\/cs\/wp-json\/wp\/v2\/product\/91649","targetHints":{"allow":["GET"]}}],"collection":[{"href":"https:\/\/www.ecommerceupdate.com.br\/cs\/wp-json\/wp\/v2\/product"}],"about":[{"href":"https:\/\/www.ecommerceupdate.com.br\/cs\/wp-json\/wp\/v2\/types\/product"}],"replies":[{"embeddable":true,"href":"https:\/\/www.ecommerceupdate.com.br\/cs\/wp-json\/wp\/v2\/comments?post=91649"}],"wp:featuredmedia":[{"embeddable":true,"href":"https:\/\/www.ecommerceupdate.com.br\/cs\/wp-json\/wp\/v2\/product\/91649"}],"wp:attachment":[{"href":"https:\/\/www.ecommerceupdate.com.br\/cs\/wp-json\/wp\/v2\/media?parent=91649"}],"wp:term":[{"taxonomy":"product_cat","embeddable":true,"href":"https:\/\/www.ecommerceupdate.com.br\/cs\/wp-json\/wp\/v2\/product_cat?post=91649"},{"taxonomy":"product_tag","embeddable":true,"href":"https:\/\/www.ecommerceupdate.com.br\/cs\/wp-json\/wp\/v2\/product_tag?post=91649"}],"curies":[{"name":"wp","href":"https:\/\/api.w.org\/{rel}","templated":true}]}}