{"id":91654,"date":"2026-02-07T11:58:45","date_gmt":"2026-02-07T14:58:45","guid":{"rendered":"https:\/\/www.ecommerceupdate.org\/produto\/steve-jobs\/"},"modified":"2026-03-13T15:23:10","modified_gmt":"2026-03-13T18:23:10","slug":"steve-jobs","status":"publish","type":"product","link":"https:\/\/www.ecommerceupdate.com.br\/cs\/produto\/steve-jobs\/","title":{"rendered":"Steve Jobs"},"content":{"rendered":"<div class=\"woocommerce-product-details\">\n<div id=\"aplus_feature_div\" class=\"celwidget\" data-feature-name=\"aplus\" data-csa-c-type=\"widget\" data-csa-c-content-id=\"aplus\" data-csa-c-slot-id=\"aplus_feature_div\" data-csa-c-asin=\"\" data-csa-c-is-in-initial-active-row=\"false\">\n<div id=\"aplus\" class=\"a-section a-spacing-large bucket\">\n<h3 class=\"\">Od vydavatele<\/h3>\n<div lang=\"pt_BR\">\n<div class=\"aplus-v2 desktop celwidget\">\n<div class=\"celwidget aplus-module module-12 aplus-standard\">\n<div class=\"aplus-module-wrapper apm-spacing apm-floatnone apm-fixed-width\">\n<div class=\"apm-sidemodule aplus-module-content\">\n<div class=\"apm-hero-image\"> <img decoding=\"async\" alt=\"steve jobs\" src=\"https:\/\/m.media-amazon.com\/images\/S\/aplus-media-library-service-media\/efed023c-6914-4994-aaea-5774ccd240c8.__CR0,0,970,300_PT0_SX970_V1___.jpg\" \/> <\/div>\n<\/p>\n<\/div>\n<\/div>\n<\/div>\n<div class=\"celwidget aplus-module 3p-module-b aplus-standard\">\n<div class=\"aplus-module-wrapper aplus-3p-fixed-width\"> <img decoding=\"async\" alt=\"steve jobs\" src=\"https:\/\/m.media-amazon.com\/images\/S\/aplus-media-library-service-media\/5343247a-b760-41e3-9818-0148cb61ec65.__CR0,0,970,600_PT0_SX970_V1___.jpg\" \/> <\/div>\n<\/p>\n<\/div>\n<div class=\"celwidget aplus-module 3p-module-b aplus-standard\">\n<div class=\"aplus-module-wrapper aplus-3p-fixed-width\"> <img decoding=\"async\" alt=\"steve jobs\" src=\"https:\/\/m.media-amazon.com\/images\/S\/aplus-media-library-service-media\/6fc2404e-f3f2-43f3-950a-6553cc80506f.__CR0,0,970,600_PT0_SX970_V1___.jpg\" \/> <\/div>\n<\/p>\n<\/div>\n<div class=\"celwidget aplus-module module-12 aplus-standard\">\n<div class=\"aplus-module-wrapper apm-spacing apm-floatnone apm-fixed-width\">\n<div class=\"apm-sidemodule aplus-module-content\">\n<div class=\"apm-hero-image\"> <img decoding=\"async\" alt=\"steve jobs\" src=\"https:\/\/m.media-amazon.com\/images\/S\/aplus-media-library-service-media\/b4e5cb13-62fe-4d29-96f7-68f8c0bb82c9.__CR0,0,970,300_PT0_SX970_V1___.jpg\" \/> <\/div>\n<\/p>\n<\/div>\n<\/div>\n<\/div>\n<div class=\"celwidget aplus-module module-5 aplus-standard\">\n<div class=\"aplus-module-wrapper apm-fixed-width\">\n<div class=\"apm-spacing aplus-module-content\">\n<div class=\"apm-tablemodule\">\n<table class=\"apm-tablemodule-table\" cellspacing=\"0\" cellpadding=\"0\">\n<tbody>\n<tr class=\"apm-tablemodule-imagerows\">\n<td class=\"apm-tablemodule-blankkeyhead\" \/>\n<th> <a href='\/cs\/dp\/B075CN35WH\/?ref=emc_s_m_5_i_atc'> <\/p>\n<div class=\"apm-tablemodule-image\"> <img decoding=\"async\" alt=\"\" src=\"https:\/\/m.media-amazon.com\/images\/S\/aplus-media-library-service-media\/bf653dba-9860-47a6-a7ef-8757b14b1b36.__CR0,0,150,300_PT0_SX150_V1___.jpg\" width=\"148.0px\" \/> <\/div>\n<div> Leonarda da Vinciho <\/div>\n<p> <\/a> <\/th>\n<th> <a href='\/cs\/dp\/B08R7ZHTLM\/?ref=emc_s_m_5_i_atc'> <\/p>\n<div class=\"apm-tablemodule-image\"> <img decoding=\"async\" alt=\"\" src=\"https:\/\/m.media-amazon.com\/images\/S\/aplus-media-library-service-media\/cd62543f-694a-4708-a394-d6454a78be32.__CR0,0,150,300_PT0_SX150_V1___.jpg\" width=\"148.0px\" \/> <\/div>\n<div> Inov\u00e1to\u0159i <\/div>\n<p> <\/a> <\/th>\n<th> <a href='\/cs\/dp\/B08X192R3Y\/?ref=emc_s_m_5_i_atc'> <\/p>\n<div class=\"apm-tablemodule-image\"> <img decoding=\"async\" alt=\"\" src=\"https:\/\/m.media-amazon.com\/images\/S\/aplus-media-library-service-media\/87d4f507-fb8f-4774-aeb7-f4e4cfcc39f0.__CR0,0,150,300_PT0_SX150_V1___.jpg\" width=\"148.0px\" \/> <\/div>\n<div> Dekod\u00e9r <\/div>\n<p> <\/a> <\/th>\n<th> <a href='\/cs\/dp\/B08L9PMZPX\/?ref=emc_s_m_5_i_atc'> <\/p>\n<div class=\"apm-tablemodule-image\"> <img decoding=\"async\" alt=\"\" src=\"https:\/\/m.media-amazon.com\/images\/S\/aplus-media-library-service-media\/750ff88f-62e1-485d-b01f-b47404b2a134.__CR0,0,150,300_PT0_SX150_V1___.jpg\" width=\"148.0px\" \/> <\/div>\n<div> Alexandra Hamiltona <\/div>\n<p> <\/a> <\/th>\n<th> <a href='\/cs\/dp\/B01555GJKE\/?ref=emc_s_m_5_i_atc'> <\/p>\n<div class=\"apm-tablemodule-image\"> <img decoding=\"async\" alt=\"\" src=\"https:\/\/m.media-amazon.com\/images\/S\/aplus-media-library-service-media\/9a203d85-5049-4446-9126-60e551d7a606.__CR0,0,150,300_PT0_SX150_V1___.jpg\" width=\"148.0px\" \/> <\/div>\n<div> Elon Musk: Jak miliard\u00e1\u0159 CEO SpaceX a Tesly utv\u00e1\u0159\u00ed na\u0161i budoucnost <\/div>\n<p> <\/a> <\/th>\n<\/tr>\n<tr class=\"apm-tablemodule-atc\">\n<td class=\"apm-tablemodule-blankkeyhead\" \/>\n<td>\n<div class=\"add-to-cart\"> <span class=\"a-button a-button-base\"><span class=\"a-button-inner\"><a href=\"\/cs\/dp\/B075CN35WH\/?ref=emc_s_m_5_i_atc\" class=\"a-button-text\"> Mo\u017enosti n\u00e1kupu <\/a><\/span><\/span> <\/div>\n<\/td>\n<td>\n<div class=\"add-to-cart\"> <span class=\"a-button a-button-base\"><span class=\"a-button-inner\"><a href=\"\/cs\/dp\/B08R7ZHTLM\/?ref=emc_s_m_5_i_atc\" class=\"a-button-text\"> Mo\u017enosti n\u00e1kupu <\/a><\/span><\/span> <\/div>\n<\/td>\n<td>\n<div class=\"add-to-cart\"> <span class=\"a-button a-button-base\"><span class=\"a-button-inner\"><a href=\"\/cs\/dp\/B08X192R3Y\/?ref=emc_s_m_5_i_atc\" class=\"a-button-text\"> Mo\u017enosti n\u00e1kupu <\/a><\/span><\/span> <\/div>\n<\/td>\n<td>\n<div class=\"add-to-cart\"> <span class=\"a-button a-button-base\"><span class=\"a-button-inner\"><a href=\"\/cs\/dp\/B08L9PMZPX\/?ref=emc_s_m_5_i_atc\" class=\"a-button-text\"> Mo\u017enosti n\u00e1kupu <\/a><\/span><\/span> <\/div>\n<\/td>\n<td>\n<div class=\"add-to-cart\"> <span class=\"a-button a-button-base\"><span class=\"a-button-inner\"><a href=\"\/cs\/dp\/B01555GJKE\/?ref=emc_s_m_5_i_atc\" class=\"a-button-text\"> Mo\u017enosti n\u00e1kupu <\/a><\/span><\/span> <\/div>\n<\/td>\n<\/tr>\n<tr class=\"apm-tablemodule-keyvalue\">\n<th class=\"apm-tablemodule-keyhead\"> <span class=\"a-color-secondary\"> Hodnocen\u00ed z\u00e1kazn\u00edk\u016f <\/span> <\/th>\n<td class=\"apm-tablemodule-valuecell apm-checked\" style=\"width:191px\">\n<div class=\"\">\n<div class=\"a-size-base\"> <i class=\"a-icon a-icon-star-small a-star-small-5 a-spacing-none\"><span class=\"a-icon-alt\">4,8 Z 5 hv\u011bzdi\u010dek<\/span><\/i> <span class=\"a-size-mini a-color-base\">4.513<\/span> <\/div>\n<\/p>\n<\/div>\n<\/td>\n<td class=\"apm-tablemodule-valuecell apm-checked\" style=\"width:191px\">\n<div class=\"\">\n<div class=\"a-size-base\"> <i class=\"a-icon a-icon-star-small a-star-small-4-5 a-spacing-none\"><span class=\"a-icon-alt\">4,7 Z 5 hv\u011bzdi\u010dek<\/span><\/i> <span class=\"a-size-mini a-color-base\">238<\/span> <\/div>\n<\/p>\n<\/div>\n<\/td>\n<td class=\"apm-tablemodule-valuecell apm-checked\" style=\"width:191px\">\n<div class=\"\">\n<div class=\"a-size-base\"> <i class=\"a-icon a-icon-star-small a-star-small-5 a-spacing-none\"><span class=\"a-icon-alt\">4,8 Z 5 hv\u011bzdi\u010dek<\/span><\/i> <span class=\"a-size-mini a-color-base\">880<\/span> <\/div>\n<\/p>\n<\/div>\n<\/td>\n<td class=\"apm-tablemodule-valuecell apm-checked\" style=\"width:191px\">\n<div class=\"\">\n<div class=\"a-size-base\"> <i class=\"a-icon a-icon-star-small a-star-small-5 a-spacing-none\"><span class=\"a-icon-alt\">4,8 Z 5 hv\u011bzdi\u010dek<\/span><\/i> <span class=\"a-size-mini a-color-base\">478<\/span> <\/div>\n<\/p>\n<\/div>\n<\/td>\n<td class=\"apm-tablemodule-valuecell apm-checked\" style=\"width:191px\">\n<div class=\"\">\n<div class=\"a-size-base\"> <i class=\"a-icon a-icon-star-small a-star-small-4-5 a-spacing-none\"><span class=\"a-icon-alt\">4,7 Z 5 hv\u011bzdi\u010dek<\/span><\/i> <span class=\"a-size-mini a-color-base\">5.138<\/span> <\/div>\n<\/p>\n<\/div>\n<\/td>\n<\/tr>\n<tr class=\"apm-tablemodule-keyvalue\">\n<th class=\"apm-tablemodule-keyhead\"> <span class=\"a-color-secondary\"> Cena <\/span> <\/th>\n<td class=\"apm-tablemodule-valuecell apm-checked\" style=\"width:191px\"> <span class=\"a-price\" data-a-size=\"medium_plus\" data-a-color=\"base\"><span class=\"a-offscreen\">R$ 65.10<\/span><span aria-hidden=\"true\"><span class=\"a-price-symbol\">R$<\/span><span class=\"a-price-whole\">65<span class=\"a-price-decimal\">,<\/span><\/span><span class=\"a-price-fraction\">10<\/span><\/span><\/span> <\/td>\n<td class=\"apm-tablemodule-valuecell apm-checked\" style=\"width:191px\"> <span class=\"a-price\" data-a-size=\"medium_plus\" data-a-color=\"base\"><span class=\"a-offscreen\">R$ 92.61<\/span><span aria-hidden=\"true\"><span class=\"a-price-symbol\">R$<\/span><span class=\"a-price-whole\">92<span class=\"a-price-decimal\">,<\/span><\/span><span class=\"a-price-fraction\">61<\/span><\/span><\/span> <\/td>\n<td class=\"apm-tablemodule-valuecell apm-checked\" style=\"width:191px\"> <span class=\"a-price\" data-a-size=\"medium_plus\" data-a-color=\"base\"><span class=\"a-offscreen\">R$ 49.41<\/span><span aria-hidden=\"true\"><span class=\"a-price-symbol\">R$<\/span><span class=\"a-price-whole\">49<span class=\"a-price-decimal\">,<\/span><\/span><span class=\"a-price-fraction\">41<\/span><\/span><\/span> <\/td>\n<td class=\"apm-tablemodule-valuecell apm-checked\" style=\"width:191px\"> <span class=\"a-price\" data-a-size=\"medium_plus\" data-a-color=\"base\"><span class=\"a-offscreen\">R$ 74.61<\/span><span aria-hidden=\"true\"><span class=\"a-price-symbol\">R$<\/span><span class=\"a-price-whole\">74<span class=\"a-price-decimal\">,<\/span><\/span><span class=\"a-price-fraction\">61<\/span><\/span><\/span> <\/td>\n<td class=\"apm-tablemodule-valuecell apm-checked\" style=\"width:191px\"> <span class=\"a-price\" data-a-size=\"medium_plus\" data-a-color=\"base\"><span class=\"a-offscreen\">R$ 49.41<\/span><span aria-hidden=\"true\"><span class=\"a-price-symbol\">R$<\/span><span class=\"a-price-whole\">49<span class=\"a-price-decimal\">,<\/span><\/span><span class=\"a-price-fraction\">41<\/span><\/span><\/span> <\/td>\n<\/tr>\n<tr class=\"apm-tablemodule-keyvalue\">\n<th class=\"apm-tablemodule-keyhead\"> <span class=\"a-color-secondary\"> Zn\u00e1t dal\u0161\u00ed podobn\u00e9 tituly <\/span> <\/th>\n<td class=\"apm-tablemodule-valuecell\" style=\"width:191px\"> <span class=\"a-size-base\"> Vnit\u0159n\u00ed <\/span> <\/td>\n<td class=\"apm-tablemodule-valuecell\" style=\"width:191px\"> <span class=\"a-size-base\"> Vnit\u0159n\u00ed <\/span> <\/td>\n<td class=\"apm-tablemodule-valuecell\" style=\"width:191px\"> <span class=\"a-size-base\"> Vnit\u0159n\u00ed <\/span> <\/td>\n<td class=\"apm-tablemodule-valuecell\" style=\"width:191px\"> <span class=\"a-size-base\"> Vnit\u0159n\u00ed <\/span> <\/td>\n<td class=\"apm-tablemodule-valuecell\" style=\"width:191px\"> <span class=\"a-size-base\"> Vnit\u0159n\u00ed <\/span> <\/td>\n<\/tr>\n<\/tbody>\n<\/table>\n<\/div>\n<\/div>\n<\/div>\n<\/div>\n<\/div>\n<\/div>\n<\/div>\n<\/div>\n<h3>Detaily v\u00fdrobku<\/h3>\n<ul>\n<li>ASIN: B0BL5T4JJ7<\/li>\n<li>Vydavatel: Intrinsic<\/li>\n<li>P\u0159\u00edstupnost: Dal\u0161\u00ed informace<\/li>\n<li>Datum zve\u0159ejn\u011bn\u00ed: 2. prosince 2022<\/li>\n<li>Jazyk: portugal\u0161tina<\/li>\n<li>Velikost souboru: 19.2 MB<\/li>\n<li>\u010cte\u010dka obrazovky: Kompatibiln\u00ed<\/li>\n<li>Konfigurace p\u00edsma: Povoleno<\/li>\n<li>Tipy pro slovn\u00ed z\u00e1sobu: Nen\u00ed povoleno<\/li>\n<li>Po\u010det stran : 806 stran<\/li>\n<li>ISBN-13:978-6555603330<\/li>\n<li>P\u0159eklopen\u00ed str\u00e1nky: Povoleno<\/li>\n<li>V\u011bk \u010dten\u00ed: 16 let a v\u00edce<\/li>\n<li>\u017deb\u0159\u00ed\u010dek nejprod\u00e1van\u011bj\u0161\u00edch: \u010d. 16 041 v Kindle Store (Seznamte se s Top 100 v kategorii Kindle Store) \u010d. 10 v Biografi\u00edch v\u011bdc\u016f \u010d. 268 v Biografi\u00edch a autobiografi\u00edch<\/li>\n<li>10 V Biografie v\u011bdc\u016f<\/li>\n<li>268 In \u017divotopisy a autobiografie<\/li>\n<li>Hodnocen\u00ed z\u00e1kazn\u00edk\u016f: 4,8 4,8 z 5 hv\u011bzdi\u010dek (616)<\/li>\n<\/ul><\/div>","protected":false},"excerpt":{"rendered":"<p>\u017divotopis brilantn\u00edho a kontroverzn\u00edho spoluzakladatele Applu od m\u00f3dn\u00edho autora Leonarda da Vinciho je znovu uveden v nov\u00e9m vyd\u00e1n\u00ed Na z\u00e1klad\u011b v\u00edce ne\u017e \u010dty\u0159iceti rozhovor\u016f veden\u00fdch se Stevem Jobsem b\u011bhem dvou let a n\u011bkolika dal\u0161\u00edch vytvo\u0159en\u00fdch s v\u00edce ne\u017e stovkou rodin, p\u0159\u00e1tel, odp\u016frci, konkurenti a spolupracovn\u00edci Walter Isaacson v t\u00e9to biografii p\u0159edstavuje fascinuj\u00edc\u00ed trajektorii ikony. Intenzivn\u00ed, mimochodem siln\u00fd, osobit\u00fd a v\u00e1\u0161niv\u00fd Jobs \u017eil vysoko a n\u00edzko a zp\u016fsobil revoluci v charakteru osobn\u00edch po\u010d\u00edta\u010d\u016f, animovan\u00fdch film\u016f, hudby, mobiln\u00ed telefon, zak\u00e1zan\u00e9 po\u010d\u00edt\u00e1n\u00ed osobnosti a digit\u00e1ln\u00ed m\u00e9dia. <\/p>","protected":false},"featured_media":91654,"comment_status":"open","ping_status":"closed","template":"","meta":[],"product_cat":[1625,1608,1607],"product_tag":[],"class_list":{"0":"post-91654","1":"product","2":"type-product","3":"status-publish","4":"has-post-thumbnail","6":"product_brand-por-walter-isaacson-autor-rogerio-w-galindo-tradutor-formato-ebook-kindle","7":"product_cat-biografias-e-historias-reais","8":"product_cat-ebooks-kindle","9":"product_cat-loja-kindle","11":"first","12":"instock","13":"sale","14":"shipping-taxable","15":"purchasable","16":"product-type-simple"},"aioseo_notices":[],"_links":{"self":[{"href":"https:\/\/www.ecommerceupdate.com.br\/cs\/wp-json\/wp\/v2\/product\/91654","targetHints":{"allow":["GET"]}}],"collection":[{"href":"https:\/\/www.ecommerceupdate.com.br\/cs\/wp-json\/wp\/v2\/product"}],"about":[{"href":"https:\/\/www.ecommerceupdate.com.br\/cs\/wp-json\/wp\/v2\/types\/product"}],"replies":[{"embeddable":true,"href":"https:\/\/www.ecommerceupdate.com.br\/cs\/wp-json\/wp\/v2\/comments?post=91654"}],"wp:featuredmedia":[{"embeddable":true,"href":"https:\/\/www.ecommerceupdate.com.br\/cs\/wp-json\/wp\/v2\/product\/91654"}],"wp:attachment":[{"href":"https:\/\/www.ecommerceupdate.com.br\/cs\/wp-json\/wp\/v2\/media?parent=91654"}],"wp:term":[{"taxonomy":"product_cat","embeddable":true,"href":"https:\/\/www.ecommerceupdate.com.br\/cs\/wp-json\/wp\/v2\/product_cat?post=91654"},{"taxonomy":"product_tag","embeddable":true,"href":"https:\/\/www.ecommerceupdate.com.br\/cs\/wp-json\/wp\/v2\/product_tag?post=91654"}],"curies":[{"name":"wp","href":"https:\/\/api.w.org\/{rel}","templated":true}]}}