{"id":91660,"date":"2026-02-07T12:37:33","date_gmt":"2026-02-07T15:37:33","guid":{"rendered":"https:\/\/www.ecommerceupdate.org\/produto\/logistica-de-e-commerce\/"},"modified":"2026-03-13T15:23:37","modified_gmt":"2026-03-13T18:23:37","slug":"logistica-de-e-commerce","status":"publish","type":"product","link":"https:\/\/www.ecommerceupdate.com.br\/cs\/produto\/logistica-de-e-commerce\/","title":{"rendered":"E-commerce Logistika"},"content":{"rendered":"<div class=\"woocommerce-product-details\"><\/div>","protected":false},"excerpt":{"rendered":"<p>V\u00e1\u017een\u00fd (a) student (a), E-commerce zm\u011bnil zp\u016fsob, jak\u00fdm lid\u00e9 maj\u00ed vztah k firm\u00e1m Pokud d\u0159\u00edve pot\u0159ebovali p\u0159esunout do provozovny, aby jejich n\u00e1kup, dnes ka\u017ed\u00fd s chytr\u00fdm telefonem s p\u0159\u00edstupem na internet m\u016f\u017ee, s ve\u0161ker\u00fdm pohodl\u00edm, prov\u00e9st n\u00e1kup a sledovat stav va\u0161\u00ed on-line objedn\u00e1vky Na jedn\u00e9 stran\u011b m\u00e1 spot\u0159ebitel v\u011bt\u0161\u00ed s\u00edlu a pohodl\u00ed ve vztahu se spole\u010dnost\u00ed; na druh\u00e9 stran\u011b, za\u010dlen\u011bn do obchodn\u00edho ka\u017edodenn\u00edho \u017eivota obrovskou v\u00fdzvu v \u0159\u00edzen\u00ed cel\u00e9ho dodavatelsk\u00e9ho \u0159et\u011bzce Douf\u00e1m, \u017ee produkt je dod\u00e1v\u00e1n nejrychlej\u0161\u00edm kan\u00e1lem, v nejkrat\u0161\u00edm \u010dase, na spr\u00e1vn\u00e9m m\u00edst\u011b a v souladu s po\u017eadavkem z\u00e1kazn\u00edka Tato pr\u00e1ce m\u00e1 velk\u00e9 pochopen\u00ed, s p\u0159ihl\u00e9dnut\u00edm k podnik\u00e1n\u00ed, s p\u0159ihl\u00e9dnut\u00edm k trhu a s p\u0159ihl\u00e9dnut\u00edm k osv\u011bd\u010den\u00fdm postup\u016fm, na trhu, nejd\u016fle\u017eit\u011bj\u0161\u00ed aspekty trhu, trhu, trhu, nejd\u016fle\u017eit\u011bj\u0161\u00ed, nejd\u016fle\u017eit\u011bj\u0161\u00ed, nejd\u016fle\u017eit\u011bj\u0161\u00ed, nejd\u016fle\u017eit\u011bj\u0161\u00ed, nejd\u016fle\u017eit\u011bj\u0161\u00ed, nejd\u016fle\u017eit\u011bj\u0161\u00ed, nejd\u016fle\u017eit\u011bj\u0161\u00ed, nejd\u016fle\u017eit\u011bj\u0161\u00ed v nejd\u016fle\u017eit\u011bj\u0161\u00ed, a nejd\u016fle\u017eit\u011bj\u0161\u00ed, nejv\u00edce v nejd\u016fle\u017eit\u011bj\u0161\u00ed, a nejd\u016fle\u017eit\u011bj\u0161\u00ed, nejv\u00edce.<\/p>","protected":false},"featured_media":91660,"comment_status":"open","ping_status":"closed","template":"","meta":[],"product_cat":[1653,1595],"product_tag":[],"class_list":{"0":"post-91660","1":"product","2":"type-product","3":"status-publish","4":"has-post-thumbnail","6":"product_brand-por-elson-hazelski-teixeira-autor","7":"product_cat-educacao-referencia-e-didaticos","8":"product_cat-livros","10":"first","11":"instock","12":"shipping-taxable","13":"purchasable","14":"product-type-simple"},"aioseo_notices":[],"_links":{"self":[{"href":"https:\/\/www.ecommerceupdate.com.br\/cs\/wp-json\/wp\/v2\/product\/91660","targetHints":{"allow":["GET"]}}],"collection":[{"href":"https:\/\/www.ecommerceupdate.com.br\/cs\/wp-json\/wp\/v2\/product"}],"about":[{"href":"https:\/\/www.ecommerceupdate.com.br\/cs\/wp-json\/wp\/v2\/types\/product"}],"replies":[{"embeddable":true,"href":"https:\/\/www.ecommerceupdate.com.br\/cs\/wp-json\/wp\/v2\/comments?post=91660"}],"wp:featuredmedia":[{"embeddable":true,"href":"https:\/\/www.ecommerceupdate.com.br\/cs\/wp-json\/wp\/v2\/product\/91660"}],"wp:attachment":[{"href":"https:\/\/www.ecommerceupdate.com.br\/cs\/wp-json\/wp\/v2\/media?parent=91660"}],"wp:term":[{"taxonomy":"product_cat","embeddable":true,"href":"https:\/\/www.ecommerceupdate.com.br\/cs\/wp-json\/wp\/v2\/product_cat?post=91660"},{"taxonomy":"product_tag","embeddable":true,"href":"https:\/\/www.ecommerceupdate.com.br\/cs\/wp-json\/wp\/v2\/product_tag?post=91660"}],"curies":[{"name":"wp","href":"https:\/\/api.w.org\/{rel}","templated":true}]}}