{"id":93225,"date":"2026-03-01T09:31:52","date_gmt":"2026-03-01T12:31:52","guid":{"rendered":"https:\/\/www.ecommerceupdate.com.br\/produto\/dominando-a-ia\/"},"modified":"2026-04-13T22:44:49","modified_gmt":"2026-04-14T01:44:49","slug":"dominando-a-ia","status":"publish","type":"product","link":"https:\/\/www.ecommerceupdate.com.br\/cs\/produto\/dominando-a-ia\/","title":{"rendered":"Zvl\u00e1dnut\u00ed AI"},"content":{"rendered":"<div class=\"woocommerce-product-details\"><\/div>","protected":false},"excerpt":{"rendered":"<p>\u201cJAK AI OHRO\u017dUJE DEMOKRACII A M\u011aN\u00cd N\u00c1\u0160 ZP\u016eSOB MY\u0160LEN\u00cd\u201d<\/p>\n<p>Novin\u00e1\u0159 \u010dasopisu Fortune Jeremy Kahn \u010derp\u00e1 ze v\u0161ech sv\u00fdch odborn\u00fdch znalost\u00ed a \u0161irok\u00e9 s\u00edt\u011b kontakt\u016f mezi spole\u010dnostmi a v\u011bdci, kte\u0159\u00ed jsou v pop\u0159ed\u00ed um\u011bl\u00e9 inteligence, aby mohl v p\u0159\u00ed\u0161t\u00edm desetilet\u00ed p\u0159edpov\u00eddat \u00fa\u010dinek t\u00e9to technologie.<\/p>\n<p>Autor p\u0159edpov\u00edd\u00e1, \u017ee b\u011bhem p\u0159\u00ed\u0161t\u00edch p\u011bti let AI ovlivn\u00ed v\u0161echna hospod\u00e1\u0159sk\u00e1 odv\u011btv\u00ed a podniky, \u010d\u00edm\u017e dramaticky zv\u00fd\u0161\u00ed efektivitu a produktivitu AI v\u0161ak, p\u0159esto\u017ee projekce nazna\u010duj\u00ed sv\u011btlou budoucnost, p\u0159in\u00e1\u0161\u00ed s sebou i st\u00edn strachu a nejistoty.<\/p>\n<p>S v\u00fdhodou privilegovan\u00e9ho p\u0159\u00edstupu k v\u016fdc\u016fm, v\u011bdc\u016fm, futurist\u016fm a dal\u0161\u00edm protagonist\u016fm t\u00e9to nov\u00e9 reality Kahn tvrd\u00ed, \u017ee pokud AI nebude pe\u010dliv\u011b navr\u017eena a p\u0159\u00edsn\u011b regulov\u00e1na, zp\u016fsob\u00ed to sn\u00ed\u017een\u00ed mezd a zv\u00fd\u0161enou p\u0159\u00edjmovou nerovnost, co\u017e ve velk\u00e9 \u010d\u00e1sti zavede monopolizovan\u00e9 trhy. ekonomika.<br \/>Zvl\u00e1dnut\u00ed AI slou\u017e\u00ed jako d\u016fle\u017eit\u00fd pr\u016fvodce pro ka\u017ed\u00e9ho, kdo tou\u017e\u00ed porozum\u011bt explozivn\u00edmu pokroku AI a tomu, co n\u00e1s \u010dek\u00e1 p\u0159ed n\u00e1mi.<\/p>","protected":false},"featured_media":93225,"comment_status":"open","ping_status":"closed","template":"","meta":{"_aipt_faq_data":""},"product_cat":[1615,1608,1607],"product_tag":[],"class_list":{"0":"post-93225","1":"product","2":"type-product","3":"status-publish","4":"has-post-thumbnail","6":"product_brand-por-jeremy-kahn-autor-formato-ebook-kindle","7":"product_cat-ciencias","8":"product_cat-ebooks-kindle","9":"product_cat-loja-kindle","11":"first","12":"instock","13":"sale","14":"shipping-taxable","15":"purchasable","16":"product-type-simple"},"aioseo_notices":[],"_links":{"self":[{"href":"https:\/\/www.ecommerceupdate.com.br\/cs\/wp-json\/wp\/v2\/product\/93225","targetHints":{"allow":["GET"]}}],"collection":[{"href":"https:\/\/www.ecommerceupdate.com.br\/cs\/wp-json\/wp\/v2\/product"}],"about":[{"href":"https:\/\/www.ecommerceupdate.com.br\/cs\/wp-json\/wp\/v2\/types\/product"}],"replies":[{"embeddable":true,"href":"https:\/\/www.ecommerceupdate.com.br\/cs\/wp-json\/wp\/v2\/comments?post=93225"}],"wp:featuredmedia":[{"embeddable":true,"href":"https:\/\/www.ecommerceupdate.com.br\/cs\/wp-json\/wp\/v2\/product\/93225"}],"wp:attachment":[{"href":"https:\/\/www.ecommerceupdate.com.br\/cs\/wp-json\/wp\/v2\/media?parent=93225"}],"wp:term":[{"taxonomy":"product_cat","embeddable":true,"href":"https:\/\/www.ecommerceupdate.com.br\/cs\/wp-json\/wp\/v2\/product_cat?post=93225"},{"taxonomy":"product_tag","embeddable":true,"href":"https:\/\/www.ecommerceupdate.com.br\/cs\/wp-json\/wp\/v2\/product_tag?post=93225"}],"curies":[{"name":"wp","href":"https:\/\/api.w.org\/{rel}","templated":true}]}}