{"id":93561,"date":"2026-03-04T20:18:42","date_gmt":"2026-03-04T23:18:42","guid":{"rendered":"https:\/\/www.ecommerceupdate.com.br\/produto\/como-ter-um-e-commerce-de-sucesso-na-shopee\/"},"modified":"2026-03-13T15:36:23","modified_gmt":"2026-03-13T18:36:23","slug":"como-ter-um-e-commerce-de-sucesso-na-shopee","status":"publish","type":"product","link":"https:\/\/www.ecommerceupdate.com.br\/cs\/produto\/como-ter-um-e-commerce-de-sucesso-na-shopee\/","title":{"rendered":"Jak m\u00edt \u00fasp\u011b\u0161n\u00fd eCommerce v Shopee"},"content":{"rendered":"<div class=\"woocommerce-product-details\">\n<h3>Detaily v\u00fdrobku<\/h3>\n<ul>\n<li>ASIN: B0CR65S4P4<\/li>\n<li>P\u0159\u00edstupnost: Dal\u0161\u00ed informace<\/li>\n<li>Datum zve\u0159ejn\u011bn\u00ed: 28. prosince 2023<\/li>\n<li>Jazyk: portugal\u0161tina<\/li>\n<li>Velikost souboru: 3.3 MB<\/li>\n<li>\u010cte\u010dka obrazovky: Kompatibiln\u00ed<\/li>\n<li>Konfigurace p\u00edsma: Povoleno<\/li>\n<li>Tipy pro slovn\u00ed z\u00e1sobu: Nen\u00ed povoleno<\/li>\n<li>Po\u010det stran : 53 stran<\/li>\n<li>P\u0159eklopen\u00ed str\u00e1nky: Povoleno<\/li>\n<li>V\u011bk \u010dten\u00ed: 14 18 let<\/li>\n<li>\u017deb\u0159\u00ed\u010dek nejprod\u00e1van\u011bj\u0161\u00edch: \u010d. 76 521 v Kindle Store (seznamte se s Top 100 v kategorii Kindle Store) \u010d. 42 v otev\u0159en\u00ed firmy \u010d. 54 v elektronick\u00e9m obchodu \u010d. 102 ve webov\u00e9m marketingu<\/li>\n<li>42 P\u0159i otev\u00edr\u00e1n\u00ed firmy<\/li>\n<li>54 V Elektronick\u00fd obchod<\/li>\n<li>102 Ve webov\u00e9m marketingu<\/li>\n<li>Hodnocen\u00ed z\u00e1kazn\u00edk\u016f: 4,1 4,1 z 5 hv\u011bzdi\u010dek (3)<\/li>\n<\/ul><\/div>","protected":false},"excerpt":{"rendered":"<p>Objevte cestu k \u00fasp\u011bchu v elektronick\u00e9m obchodov\u00e1n\u00ed s \u201cHOW to have a successful e-commerce at Shopeeheard\u201d, nepostradateln\u00fdm pr\u016fvodcem pro ty, kte\u0159\u00ed cht\u011bj\u00ed dob\u00fdt sv\u016fj prostor v Shopee, jedn\u00e9 z nejv\u011bt\u0161\u00edch platforem elektronick\u00e9ho obchodov\u00e1n\u00ed na sv\u011bt\u011b, S 54 str\u00e1nkami pln\u00fdmi praktick\u00fdch poznatk\u016f a osv\u011bd\u010den\u00fdch strategi\u00ed je tato e-kniha va\u0161\u00ed vstupenkou do fascinuj\u00edc\u00edho a lukrativn\u00edho sv\u011bta online obchodu, veden\u00e1 odborn\u00fdmi znalostmi Guilherme Ribeiro, mlad\u00e9ho podnikatele a odborn\u00edka na digit\u00e1ln\u00ed trh, se nau\u010d\u00edte:<span>Vyberte si ten spr\u00e1vn\u00fd mezeru na trhu pro v\u00e1\u0161 e-commerce.<\/span>Vyberte si ten spr\u00e1vn\u00fd mezeru na trhu pro v\u00e1\u0161 e-commerce.<span>Vyvinout silnou a atraktivn\u00ed zna\u010dku.<\/span>Vyvinout silnou a atraktivn\u00ed zna\u010dku.<span>Vytv\u00e1\u0159ejte seznamy produkt\u016f, kter\u00e9 prod\u00e1vaj\u00ed.<\/span>Vytv\u00e1\u0159ejte seznamy produkt\u016f, kter\u00e9 prod\u00e1vaj\u00ed.<span>Implementujte digit\u00e1ln\u00ed marketing a SEO strategie pro zv\u00fd\u0161en\u00ed viditelnosti a dosahu.<\/span>Implementujte digit\u00e1ln\u00ed marketing a SEO strategie pro zv\u00fd\u0161en\u00ed viditelnosti a dosahu.<span>Efektivn\u011b \u0159\u00eddit logistiku a z\u00e1kaznick\u00fd servis pro budov\u00e1n\u00ed loajality z\u00e1kazn\u00edk\u016f.<\/span>Efektivn\u011b \u0159\u00eddit logistiku a z\u00e1kaznick\u00fd servis budovat loajalitu z\u00e1kazn\u00edk\u016f.Tato ebook nen\u00ed jen manu\u00e1l, ale digit\u00e1ln\u00ed mentor nab\u00edzej\u00edc\u00ed skute\u010dn\u00e9 p\u0159\u00edpadov\u00e9 studie, praktick\u00e9 tipy a rady, kter\u00e9 m\u016f\u017eete za\u010d\u00edt aplikovat ihned. A\u0165 u\u017e jste za\u010d\u00ednaj\u00edc\u00ed podnikatel nebo zku\u0161en\u00fd prodejce, kter\u00fd chce roz\u0161\u00ed\u0159it svou online p\u0159\u00edtomnost, \u201cJak m\u00edt \u00fasp\u011b\u0161n\u00fd elektronick\u00fd obchod v Shopeefect je perfektn\u00ed volbou pro pos\u00edlen\u00ed va\u0161eho podnik\u00e1n\u00ed. Nyn\u00ed k dispozici na Amazonu. Prom\u011b\u0148te svou obchodn\u00ed vizi do reality!<\/p>","protected":false},"featured_media":93561,"comment_status":"open","ping_status":"closed","template":"","meta":[],"product_cat":[1611,1613,1595],"product_tag":[],"class_list":{"0":"post-93561","1":"product","2":"type-product","3":"status-publish","4":"has-post-thumbnail","6":"product_brand-por-guilherme-ribeiro-autor-formato-ebook-kindle","7":"product_cat-administracao-negocios-e-economia","8":"product_cat-industrias-e-profissoes","9":"product_cat-livros","11":"first","12":"instock","13":"shipping-taxable","14":"purchasable","15":"product-type-simple"},"aioseo_notices":[],"_links":{"self":[{"href":"https:\/\/www.ecommerceupdate.com.br\/cs\/wp-json\/wp\/v2\/product\/93561","targetHints":{"allow":["GET"]}}],"collection":[{"href":"https:\/\/www.ecommerceupdate.com.br\/cs\/wp-json\/wp\/v2\/product"}],"about":[{"href":"https:\/\/www.ecommerceupdate.com.br\/cs\/wp-json\/wp\/v2\/types\/product"}],"replies":[{"embeddable":true,"href":"https:\/\/www.ecommerceupdate.com.br\/cs\/wp-json\/wp\/v2\/comments?post=93561"}],"wp:featuredmedia":[{"embeddable":true,"href":"https:\/\/www.ecommerceupdate.com.br\/cs\/wp-json\/wp\/v2\/product\/93561"}],"wp:attachment":[{"href":"https:\/\/www.ecommerceupdate.com.br\/cs\/wp-json\/wp\/v2\/media?parent=93561"}],"wp:term":[{"taxonomy":"product_cat","embeddable":true,"href":"https:\/\/www.ecommerceupdate.com.br\/cs\/wp-json\/wp\/v2\/product_cat?post=93561"},{"taxonomy":"product_tag","embeddable":true,"href":"https:\/\/www.ecommerceupdate.com.br\/cs\/wp-json\/wp\/v2\/product_tag?post=93561"}],"curies":[{"name":"wp","href":"https:\/\/api.w.org\/{rel}","templated":true}]}}