{"id":93567,"date":"2026-03-04T20:20:46","date_gmt":"2026-03-04T23:20:46","guid":{"rendered":"https:\/\/www.ecommerceupdate.com.br\/produto\/transformando-palavras-em-dinheiro\/"},"modified":"2026-03-06T05:53:27","modified_gmt":"2026-03-06T08:53:27","slug":"transformando-palavras-em-dinheiro","status":"publish","type":"product","link":"https:\/\/www.ecommerceupdate.com.br\/cs\/produto\/transformando-palavras-em-dinheiro\/","title":{"rendered":"P\u0159em\u011bna slov v pen\u00edze"},"content":{"rendered":"<div class=\"woocommerce-product-details\">\n<div id=\"aplus_feature_div\" class=\"celwidget\" data-feature-name=\"aplus\" data-csa-c-type=\"widget\" data-csa-c-content-id=\"aplus\" data-csa-c-slot-id=\"aplus_feature_div\" data-csa-c-asin=\"\" data-csa-c-is-in-initial-active-row=\"false\">\n<div id=\"aplus\" class=\"a-section a-spacing-large bucket\">\n<h3 class=\"\">Od vydavatele<\/h3>\n<div lang=\"pt_BR\">\n<div class=\"aplus-v2 desktop celwidget\">\n<div class=\"celwidget aplus-module module-12 aplus-standard\">\n<div class=\"aplus-module-wrapper apm-spacing apm-floatnone apm-fixed-width\">\n<div class=\"apm-sidemodule aplus-module-content\">\n<div class=\"apm-hero-image\"> <img decoding=\"async\" alt=\"img 2\" src=\"https:\/\/m.media-amazon.com\/images\/S\/aplus-media-library-service-media\/4658e758-7cbe-4637-a1ff-34cc95cb8892.__CR0,0,970,300_PT0_SX970_V1___.jpg\" \/> <\/div>\n<\/p>\n<\/div>\n<\/div>\n<\/div>\n<div class=\"celwidget aplus-module module-3 aplus-standard\">\n<div class=\"aplus-module-wrapper apm-floatnone apm-fixed-width\">\n<div class=\"apm-sidemodule apm-spacing\">\n<div class=\"apm-sidemodule-imageright\"> <img decoding=\"async\" alt=\"autor\" src=\"https:\/\/m.media-amazon.com\/images\/S\/aplus-media-library-service-media\/99c0523a-cf47-4673-8543-2136262da1ca.__CR0,0,300,300_PT0_SX300_V1___.jpg\" \/> <\/div>\n<div class=\"apm-sidemodule-textleft\">\n<h3 class=\"a-spacing-mini\"> Autor <\/h3>\n<p> <span class=\"a-text-bold\">Icarus de Carvalho<\/span> je podnikatel, komunik\u00e1tor a digit\u00e1ln\u00ed strat\u00e9g Byl zodpov\u011bdn\u00fd za digit\u00e1ln\u00ed marketing projekt\u016f, jako je Braz\u00edlie Parallel, The Code of Wealth a Avenue SecuritiesJe zakladatelem O Novo Mercado, nejrychleji rostouc\u00ed \u0161koly digit\u00e1ln\u00edho marketingu, prodeje a soci\u00e1ln\u00edch s\u00edt\u00ed v zemi Byl tv\u016frcem term\u00ednu \u201cemstage podnik\u00e1n\u00ed\u201d a je kritick\u00fd v\u016f\u010di snadn\u00fdm a rychl\u00fdm \u0159e\u0161en\u00edm, kter\u00e9 \u010dlov\u011bk vid\u00ed na internetu Je \u017eenat\u00fd s Annou a otcem t\u0159\u00ed d\u011bt\u00ed. <\/p>\n<\/p>\n<\/div>\n<\/div>\n<\/div>\n<\/div>\n<div class=\"celwidget aplus-module module-12 aplus-standard\">\n<div class=\"aplus-module-wrapper apm-spacing apm-floatnone apm-fixed-width\">\n<div class=\"apm-sidemodule aplus-module-content\">\n<div class=\"apm-hero-image\"> <img decoding=\"async\" alt=\"img 1\" src=\"https:\/\/m.media-amazon.com\/images\/S\/aplus-media-library-service-media\/669fd07b-f2d2-4441-80bf-26e6b3de4a27.__CR0,0,970,300_PT0_SX970_V1___.jpg\" \/> <\/div>\n<\/p>\n<\/div>\n<\/div>\n<\/div>\n<\/div>\n<\/div>\n<\/div>\n<\/div>\n<h3>Detaily v\u00fdrobku<\/h3>\n<ul>\n<li>Vydavatel: Buzz Publisher<\/li>\n<li>Datum zve\u0159ejn\u011bn\u00ed: 3. \u00fanora 2020<\/li>\n<li>Vyd\u00e1n\u00ed: 1a<\/li>\n<li>Jazyk: portugal\u0161tina<\/li>\n<li>Po\u010det stran : 176 stran<\/li>\n<li>ISBN-10:6580435445<\/li>\n<li>ISBN-13:978-6580435449<\/li>\n<li>Hmotnost produktu: 800g<\/li>\n<li>V\u011bk \u010dten\u00ed: 14 let a v\u00edce<\/li>\n<li>Rozm\u011bry: 22,8 x 15,6 x 1,2 cm<\/li>\n<li>\u017deb\u0159\u00ed\u010dek nejprod\u00e1van\u011bj\u0161\u00edch knih: \u010d. 36 808 v knih\u00e1ch (seznamte se s 100 nejlep\u0161\u00edmi v kategorii knih) \u010d. 44 ve webov\u00e9m marketingu \u010d. 154 v marketingu \u010d. 402 ve v\u011bd\u011b o \u0159\u00edzen\u00ed podniku<\/li>\n<li>44 Ve Web Marketing<\/li>\n<li>154 V marketingu<\/li>\n<li>402 V Obchodn\u00ed management V\u011bda<\/li>\n<li>Hodnocen\u00ed z\u00e1kazn\u00edk\u016f: 4,6 4,6 z 5 hv\u011bzdi\u010dek (3 579)<\/li>\n<\/ul><\/div>","protected":false},"excerpt":{"rendered":"<p>Copywriting lze popsat jako schopnost prom\u011bnit slova v pen\u00edze Produkovat z\u00e1jem m\u00edsto reklamy Ka\u017ed\u00fd den jsme ovlivn\u011bni tis\u00edci reklamy Pokud jste dnes p\u0159istupovali na soci\u00e1ln\u00ed s\u00edt\u011b, je dost pravd\u011bpodobn\u00e9, \u017ee jste jich vid\u011bli des\u00edtky Vzpomenete si na posledn\u00ed? T\u00e9m\u011b\u0159 nikdo nem\u016f\u017ee Obsah je jedin\u00fd typ reklamy, kter\u00fd vyr\u00e1b\u00edte neust\u00e1le a z\u00e1kazn\u00edk st\u00e1le \u017e\u00e1d\u00e1 o dal\u0161\u00ed Tato kniha spojuje 42 nejlep\u0161\u00edch p\u0159esv\u011bd\u010dovac\u00edch technik, marketingu a prodeje testovan\u00fdch Icaro de Carvalho Skute\u010dn\u00fd d\u00e1rek Je to manu\u00e1l, kter\u00fd najdete svou nejliber\u00e1ln\u011bj\u0161\u00ed komunikaci, inteligentn\u00ed a efektivn\u00ed.<\/p>","protected":false},"featured_media":93567,"comment_status":"open","ping_status":"closed","template":"","meta":[],"product_cat":[1611,1621,1595],"product_tag":[],"class_list":{"0":"post-93567","1":"product","2":"type-product","3":"status-publish","4":"has-post-thumbnail","6":"product_brand-edicao-portugus-por-caro-carvalho-autor","7":"product_cat-administracao-negocios-e-economia","8":"product_cat-gestao-e-lideranca","9":"product_cat-livros","11":"first","12":"instock","13":"sale","14":"shipping-taxable","15":"purchasable","16":"product-type-simple"},"aioseo_notices":[],"_links":{"self":[{"href":"https:\/\/www.ecommerceupdate.com.br\/cs\/wp-json\/wp\/v2\/product\/93567","targetHints":{"allow":["GET"]}}],"collection":[{"href":"https:\/\/www.ecommerceupdate.com.br\/cs\/wp-json\/wp\/v2\/product"}],"about":[{"href":"https:\/\/www.ecommerceupdate.com.br\/cs\/wp-json\/wp\/v2\/types\/product"}],"replies":[{"embeddable":true,"href":"https:\/\/www.ecommerceupdate.com.br\/cs\/wp-json\/wp\/v2\/comments?post=93567"}],"wp:featuredmedia":[{"embeddable":true,"href":"https:\/\/www.ecommerceupdate.com.br\/cs\/wp-json\/wp\/v2\/product\/93567"}],"wp:attachment":[{"href":"https:\/\/www.ecommerceupdate.com.br\/cs\/wp-json\/wp\/v2\/media?parent=93567"}],"wp:term":[{"taxonomy":"product_cat","embeddable":true,"href":"https:\/\/www.ecommerceupdate.com.br\/cs\/wp-json\/wp\/v2\/product_cat?post=93567"},{"taxonomy":"product_tag","embeddable":true,"href":"https:\/\/www.ecommerceupdate.com.br\/cs\/wp-json\/wp\/v2\/product_tag?post=93567"}],"curies":[{"name":"wp","href":"https:\/\/api.w.org\/{rel}","templated":true}]}}