{"id":93568,"date":"2026-03-04T20:20:48","date_gmt":"2026-03-04T23:20:48","guid":{"rendered":"https:\/\/www.ecommerceupdate.com.br\/produto\/direitos-do-consumidor-no-e-commerce-dicas-e-orientacoes-para-empresas\/"},"modified":"2026-03-13T15:37:26","modified_gmt":"2026-03-13T18:37:26","slug":"direitos-do-consumidor-no-e-commerce-dicas-e-orientacoes-para-empresas","status":"publish","type":"product","link":"https:\/\/www.ecommerceupdate.com.br\/cs\/produto\/direitos-do-consumidor-no-e-commerce-dicas-e-orientacoes-para-empresas\/","title":{"rendered":"Pr\u00e1va spot\u0159ebitel\u016f v elektronick\u00e9m obchodov\u00e1n\u00ed: Tipy a pokyny pro spole\u010dnosti"},"content":{"rendered":"<div class=\"woocommerce-product-details\">\n<h3>Detaily v\u00fdrobku<\/h3>\n<ul>\n<li>ASIN: B08MWVN6R7<\/li>\n<li>P\u0159\u00edstupnost: Dal\u0161\u00ed informace<\/li>\n<li>Datum zve\u0159ejn\u011bn\u00ed: 5. listopadu 2020<\/li>\n<li>Vyd\u00e1n\u00ed: 1a<\/li>\n<li>Jazyk: portugal\u0161tina<\/li>\n<li>Velikost souboru: 1.4 MB<\/li>\n<li>\u010cte\u010dka obrazovky: Kompatibiln\u00ed<\/li>\n<li>Konfigurace p\u00edsma: Povoleno<\/li>\n<li>Tipy pro slovn\u00ed z\u00e1sobu: Nen\u00ed povoleno<\/li>\n<li>Po\u010det stran : 83 stran<\/li>\n<li>ISBN-13:978-6500119480<\/li>\n<li>P\u0159eklopen\u00ed str\u00e1nky: Povoleno<\/li>\n<li>\u017deb\u0159\u00ed\u010dek nejprod\u00e1van\u011bj\u0161\u00edch: \u010d. 379 865 v Kindle Store (seznamte se s Top 100 v kategorii Kindle Store) \u010d. 216 v elektronick\u00e9m obchodu \u010d. 8 206 v pr\u00e1vu (Kindle Store) \u010d. 14 178 v podnik\u00e1n\u00ed a ekonomice<\/li>\n<li>216 V Elektronick\u00fd obchod<\/li>\n<li>8 206 v pr\u00e1vu (Kindle Store)<\/li>\n<li>14 178 v oboru podnik\u00e1n\u00ed a ekonomika<\/li>\n<li>Hodnocen\u00ed z\u00e1kazn\u00edk\u016f: 4,0 4,0 z 5 hv\u011bzdi\u010dek (1)<\/li>\n<\/ul><\/div>","protected":false},"excerpt":{"rendered":"<p>N\u00e1hled e-knihy: <\/p>\n<p>P\u0159ed zakoupen\u00edm produktu si p\u0159e\u010dt\u011bte n\u011bkolik str\u00e1nek <\/p>\n<p>Shrnuj\u00edc\u00ed <\/p>\n<p>O projektu: <\/p>\n<p>Projekt \u201cDecached Law for Lay people vznikl kv\u016fli n\u011bkolika ot\u00e1zk\u00e1m, kter\u00e9 denn\u011b dost\u00e1v\u00e1me v r\u00e1mci na\u0161eho profesion\u00e1ln\u00edho v\u00fdkonu, a tak\u00e9 kv\u016fli na\u0161im zku\u0161enostem jako spot\u0159ebitel\u016f. <\/p>\n<p>Krom\u011b toho v\u00edme, jak m\u00e1 obecn\u00e1 populace pot\u00ed\u017ee s porozum\u011bn\u00edm a porozum\u011bn\u00edm z\u00e1konu, a\u0165 u\u017e kv\u016fli r\u016fzn\u00fdm specifik\u016fm, nomenklatur\u00e1m, teori\u00edm a ch\u00e1p\u00e1n\u00edm, nebo jednodu\u0161e kv\u016fli nedostatku p\u0159\u00edstupu ke spr\u00e1vn\u00fdm informac\u00edm. <\/p>\n<p>V\u00edme, \u017ee existuje \u0159ada d\u011bl pozoruhodn\u00e9 kvality o z\u00e1kon\u011b, zejm\u00e9na o pr\u00e1vech spot\u0159ebitel\u016f. V\u011bt\u0161ina t\u011bchto prac\u00ed je v\u0161ak zam\u011b\u0159ena na akademickou nebo aktivn\u00ed ve\u0159ejnost v pr\u00e1vn\u00ed oblasti, a proto maj\u00ed hloubku a slo\u017eitost velmi velkou pro jednotlivce, kter\u00fd nejedn\u00e1 v pr\u00e1vn\u00ed oblasti. <\/p>\n<p>Proto jsme se rozhodli pokusit se zjednodu\u0161it a nekomplikovat z\u00e1kon, aby lid\u00e9, kte\u0159\u00ed nemaj\u00ed pr\u00e1vn\u00ed vzd\u011bl\u00e1n\u00ed, mohli zn\u00e1t, ch\u00e1pat a uplat\u0148ovat sv\u00e1 pr\u00e1va. <\/p>\n<p>Na\u0161e spole\u010dnost projde hlubokou zm\u011bnou, kdy\u017e budeme zn\u00e1t a uplat\u0148ovat sv\u00e1 pr\u00e1va a tak\u00e9 plnit sv\u00e9 povinnosti. <\/p>\n<p>Sledujte tedy n\u00e1\u0161 projekt, pos\u00edlejte dotazy, p\u0159ipom\u00ednky, kritiku a n\u00e1vrhy, pomozte n\u00e1m nad\u00e1le nekomplikovat pr\u00e1vo pro laiky ve vztahu k pr\u00e1vn\u00edmu sv\u011btu. <\/p>\n<p>Velk\u00e9 objet\u00ed a dobr\u00e9 \u010dten\u00ed! <\/p>\n<p>Ana Carolina Matos a Stephen Matos <\/p>\n<p>O autorech: <\/p>\n<p>Ana Carolina Matos: Absolventka Dom Helder Camara Superior School M\u00e1 \u0161irokou sensu specializaci v oblasti pr\u00e1va soci\u00e1ln\u00edho zabezpe\u010den\u00ed Pr\u00e1vn\u00edk p\u016fsob\u00edc\u00ed v oblastech pr\u00e1va soci\u00e1ln\u00edho zabezpe\u010den\u00ed, spot\u0159ebitelsk\u00e9ho pr\u00e1va a pracovn\u00edho pr\u00e1va Monitorov\u00e1n\u00ed p\u0159\u00edpravn\u00fdch kurz\u016f pro sout\u011b\u017ee. <\/p>\n<p>Stephen Matos: Absolvent Dom Helder Camara Superior School M\u00e1 \u0161irokou sensu specializaci v pracovn\u00edm pr\u00e1vu a pracovn\u00edm \u0159\u00edzen\u00ed Pr\u00e1vn\u00edk p\u016fsob\u00edc\u00ed v oblastech pr\u00e1va soci\u00e1ln\u00edho zabezpe\u010den\u00ed, spr\u00e1vn\u00edho pr\u00e1va, spot\u0159ebitelsk\u00e9ho pr\u00e1va a ob\u010dansk\u00e9ho pr\u00e1va Monitor p\u0159\u00edpravn\u00fdch kurz\u016f pro sout\u011b\u017ee M\u011bstsk\u00fd advok\u00e1t obce Curvelo. <\/p>\n<p>\u00dadaje o knize: <\/p>\n<p>^Name: Pr\u00e1va spot\u0159ebitel\u016f v elektronick\u00e9m obchodov\u00e1n\u00ed a tipy a pokyny pro podnik\u00e1n\u00ed <\/p>\n<p>auto\u0159i: Ana Carolina Matos a Stephen Matos <\/p>\n<p>1. vyd\u00e1n\u00ed, revidovan\u00e9, aktualizovan\u00e9 a roz\u0161\u00ed\u0159en\u00e9. <\/p>\n<p>Rok vyd\u00e1n\u00ed 2020. <\/p>\n<p>80 str\u00e1nek. <\/p>\n<p>ISBN: 978-65-00-11948-0 <\/p>\n<p>3 Form\u00e1t: PDF. <\/p>\n<p>Velikost 1,30 Mb.<\/p>","protected":false},"featured_media":0,"comment_status":"open","ping_status":"closed","template":"","meta":{"_aipt_faq_data":""},"product_cat":[1611,1613,1595],"product_tag":[],"class_list":{"0":"post-93568","1":"product","2":"type-product","3":"status-publish","5":"product_brand-por-ana-carolina-matos-autor-estevo-matos-autor-formato-ebook-kindle","6":"product_cat-administracao-negocios-e-economia","7":"product_cat-industrias-e-profissoes","8":"product_cat-livros","10":"first","11":"instock","12":"shipping-taxable","13":"purchasable","14":"product-type-simple"},"aioseo_notices":[],"_links":{"self":[{"href":"https:\/\/www.ecommerceupdate.com.br\/cs\/wp-json\/wp\/v2\/product\/93568","targetHints":{"allow":["GET"]}}],"collection":[{"href":"https:\/\/www.ecommerceupdate.com.br\/cs\/wp-json\/wp\/v2\/product"}],"about":[{"href":"https:\/\/www.ecommerceupdate.com.br\/cs\/wp-json\/wp\/v2\/types\/product"}],"replies":[{"embeddable":true,"href":"https:\/\/www.ecommerceupdate.com.br\/cs\/wp-json\/wp\/v2\/comments?post=93568"}],"wp:attachment":[{"href":"https:\/\/www.ecommerceupdate.com.br\/cs\/wp-json\/wp\/v2\/media?parent=93568"}],"wp:term":[{"taxonomy":"product_cat","embeddable":true,"href":"https:\/\/www.ecommerceupdate.com.br\/cs\/wp-json\/wp\/v2\/product_cat?post=93568"},{"taxonomy":"product_tag","embeddable":true,"href":"https:\/\/www.ecommerceupdate.com.br\/cs\/wp-json\/wp\/v2\/product_tag?post=93568"}],"curies":[{"name":"wp","href":"https:\/\/api.w.org\/{rel}","templated":true}]}}