{"id":93573,"date":"2026-03-04T20:35:13","date_gmt":"2026-03-04T23:35:13","guid":{"rendered":"https:\/\/www.ecommerceupdate.com.br\/produto\/agentic-commerce-o-futuro-do-e-commerce-autonomo-fundamentos-casos-reais-e-implementacao-pratica\/"},"modified":"2026-03-13T15:38:13","modified_gmt":"2026-03-13T18:38:13","slug":"agentic-commerce-o-futuro-do-e-commerce-autonomo-fundamentos-casos-reais-e-implementacao-pratica","status":"publish","type":"product","link":"https:\/\/www.ecommerceupdate.com.br\/cs\/produto\/agentic-commerce-o-futuro-do-e-commerce-autonomo-fundamentos-casos-reais-e-implementacao-pratica\/","title":{"rendered":"AGENTIC COMMERCE: Budoucnost autonomn\u00edho elektronick\u00e9ho obchodu: Z\u00e1klady, skute\u010dn\u00e9 p\u0159\u00edpady a praktick\u00e1 implementace"},"content":{"rendered":"<div class=\"woocommerce-product-details\">\n<h3>Detaily v\u00fdrobku<\/h3>\n<ul>\n<li>ASIN: B0GHJ2KY3C<\/li>\n<li>Vydavatel: GDS } Press<\/li>\n<li>P\u0159\u00edstupnost: Dal\u0161\u00ed informace<\/li>\n<li>Datum zve\u0159ejn\u011bn\u00ed: 18. ledna 2026<\/li>\n<li>Jazyk: portugal\u0161tina<\/li>\n<li>Velikost souboru: 1.8 MB<\/li>\n<li>\u010cte\u010dka obrazovky: Kompatibiln\u00ed<\/li>\n<li>Konfigurace p\u00edsma: Povoleno<\/li>\n<li>Tipy pro slovn\u00ed z\u00e1sobu: Nen\u00ed povoleno<\/li>\n<li>Po\u010det stran : 131 stran<\/li>\n<li>ISBN-13:979-8244494358<\/li>\n<li>P\u0159eklopen\u00ed str\u00e1nky: Povoleno<\/li>\n<li>\u017deb\u0159\u00ed\u010dek nejprod\u00e1van\u011bj\u0161\u00edch: \u010d. 53 124 v Kindle Store (seznamte se s Top 100 v kategorii Kindle Store) \u010d. 642 v odv\u011btv\u00edch a profes\u00edch \u010d. 1 820 v podnik\u00e1n\u00ed a ekonomice<\/li>\n<li>642 V Pr\u016fmyslov\u00e1 odv\u011btv\u00ed a profese<\/li>\n<li>1 820 v oboru podnik\u00e1n\u00ed a ekonomika<\/li>\n<li>Hodnocen\u00ed z\u00e1kazn\u00edk\u016f: 5,0 5,0 z 5 hv\u011bzdi\u010dek (1)<\/li>\n<\/ul><\/div>","protected":false},"excerpt":{"rendered":"<p>E-commerce proch\u00e1z\u00ed nejv\u011bt\u0161\u00ed transformac\u00ed od vzniku virtu\u00e1ln\u00edch obchod\u016f Po statick\u00fdch kataloz\u00edch, doporu\u010den\u00edch zalo\u017een\u00fdch na datech a chatbotech p\u0159ich\u00e1z\u00ed \u00e9ra autonomn\u00edch AI agent\u016f schopn\u00fdch porozum\u011bt kontextu, rozhodovat se a jednat jm\u00e9nem spot\u0159ebitel\u016f a firemToto se naz\u00fdv\u00e1 Agentic Commerce V t\u00e9to knize Daniel Guedes p\u0159edstavuje kompletn\u00ed mapu t\u00e9to revoluce: koncept, jeho technologick\u00e9 z\u00e1klady, obchodn\u00ed p\u0159\u00edpady, kter\u00e9 ji\u017e m\u011bn\u00ed glob\u00e1ln\u00ed maloobchod a krok za krokem k praktick\u00e9 implementaci. Nejedn\u00e1 se o futurologii nebo v\u00fdhradn\u011b technickou p\u0159\u00edru\u010dku, ale o p\u0159\u00edstupnou, strategickou a na v\u00fdsledky orientovanou p\u0159\u00edru\u010dku pro ty, kte\u0159\u00ed pot\u0159ebuj\u00ed transformovat glob\u00e1ln\u00ed maloobchod a obchod.<br \/>jak Amazon, Netflix, Spotify, Shopify a velk\u00e9 brazilsk\u00e9 spole\u010dnosti vyu\u017e\u00edvaj\u00ed AI k vytv\u00e1\u0159en\u00ed miliardov\u00fdch p\u0159\u00edjm\u016f<br \/>Jak\u00e9 jsou architektury, vrstvy a agenti, kter\u00e9 tvo\u0159\u00ed autonomn\u00ed syst\u00e9my aplikovan\u00e9 na maloobchod<br \/>1 Jak p\u0159ipravit organizaci, sestavit t\u00fdmy, vybrat technologie a m\u011b\u0159it n\u00e1vratnost investic<br \/>Jak vypo\u010d\u00edtat finan\u010dn\u00ed dopad a vybudovat spr\u00e1vn\u00fd obchodn\u00ed p\u0159\u00edpad pro z\u00edsk\u00e1n\u00ed investic<br \/>spole\u010dnosti se u\u010d\u00ed podle t\u00e9matu Zvl\u00e1\u0161tn\u00edm vrcholem knihy je kapitola o fran\u0161\u00edzov\u00fdch s\u00edt\u00edch, ekosyst\u00e9mu, ve kter\u00e9m nasazen\u00ed autonomn\u00edch agent\u016f vy\u017eaduje pozornost kontrakt\u016f, \u0159\u00edzen\u00ed a slad\u011bn\u00ed pob\u00eddek. Guedes ukazuje, jak mohou fran\u0161\u00edz\u00e9\u0159i pou\u017e\u00edvat AI ke zn\u00e1soben\u00ed v\u00fdkonu fran\u0161\u00edzant\u016f m\u00edsto toho, aby s nimi sout\u011b\u017eili. m\u00e1lo prozkouman\u00e9 a mimo\u0159\u00e1dn\u011b relevantn\u00ed t\u00e9ma pro brazilsk\u00fd maloobchod. Krom\u011b toho autor p\u0159edstavuje praktickou p\u0159\u00edru\u010dku s diagnostikou, cestovn\u00ed mapou, metrikami, technologick\u00fdm z\u00e1sobn\u00edkem pro spu\u0161t\u011bn\u00ed, gener\u00e1ln\u00edmi \u0159editeli p\u0159ipraven\u00fdmi k pou\u017eit\u00ed, se st\u00e1v\u00e1 knihou s podnikateli.<\/p>","protected":false},"featured_media":93573,"comment_status":"open","ping_status":"closed","template":"","meta":[],"product_cat":[1611,1608,1607],"product_tag":[],"class_list":{"0":"post-93573","1":"product","2":"type-product","3":"status-publish","4":"has-post-thumbnail","6":"product_brand-por-daniel-guedes-autor-formato-ebook-kindle","7":"product_cat-administracao-negocios-e-economia","8":"product_cat-ebooks-kindle","9":"product_cat-loja-kindle","11":"first","12":"instock","13":"shipping-taxable","14":"purchasable","15":"product-type-simple"},"aioseo_notices":[],"_links":{"self":[{"href":"https:\/\/www.ecommerceupdate.com.br\/cs\/wp-json\/wp\/v2\/product\/93573","targetHints":{"allow":["GET"]}}],"collection":[{"href":"https:\/\/www.ecommerceupdate.com.br\/cs\/wp-json\/wp\/v2\/product"}],"about":[{"href":"https:\/\/www.ecommerceupdate.com.br\/cs\/wp-json\/wp\/v2\/types\/product"}],"replies":[{"embeddable":true,"href":"https:\/\/www.ecommerceupdate.com.br\/cs\/wp-json\/wp\/v2\/comments?post=93573"}],"wp:featuredmedia":[{"embeddable":true,"href":"https:\/\/www.ecommerceupdate.com.br\/cs\/wp-json\/wp\/v2\/product\/93573"}],"wp:attachment":[{"href":"https:\/\/www.ecommerceupdate.com.br\/cs\/wp-json\/wp\/v2\/media?parent=93573"}],"wp:term":[{"taxonomy":"product_cat","embeddable":true,"href":"https:\/\/www.ecommerceupdate.com.br\/cs\/wp-json\/wp\/v2\/product_cat?post=93573"},{"taxonomy":"product_tag","embeddable":true,"href":"https:\/\/www.ecommerceupdate.com.br\/cs\/wp-json\/wp\/v2\/product_tag?post=93573"}],"curies":[{"name":"wp","href":"https:\/\/api.w.org\/{rel}","templated":true}]}}