{"id":93579,"date":"2026-03-04T20:39:06","date_gmt":"2026-03-04T23:39:06","guid":{"rendered":"https:\/\/www.ecommerceupdate.com.br\/produto\/marketing-with-ai-for-dummies\/"},"modified":"2026-03-13T15:38:25","modified_gmt":"2026-03-13T18:38:25","slug":"marketing-with-ai-for-dummies","status":"publish","type":"product","link":"https:\/\/www.ecommerceupdate.com.br\/cs\/produto\/marketing-with-ai-for-dummies\/","title":{"rendered":"Marketing s AI pro figur\u00edny"},"content":{"rendered":"<div class=\"woocommerce-product-details\">\n<h3>Detaily v\u00fdrobku<\/h3>\n<ul>\n<li>Vydavatel: For Dummies<\/li>\n<li>Datum zve\u0159ejn\u011bn\u00ed: 1. \u0159\u00edjna 2024<\/li>\n<li>Vyd\u00e1n\u00ed: 1a<\/li>\n<li>Jazyk: English<\/li>\n<li>Po\u010det stran : 400 stran<\/li>\n<li>ISBN-10:1394237197<\/li>\n<li>ISBN-13:978-1394237197<\/li>\n<li>Hmotnost produktu: 716g<\/li>\n<li>Rozm\u011bry: 18,8 x 2,79 x 23,11 cm<\/li>\n<li>\u017deb\u0159\u00ed\u010dek nejprod\u00e1van\u011bj\u0161\u00edch knih: \u010d. 545 832 v knih\u00e1ch (seznamte se s 100 nejlep\u0161\u00edmi v kategorii knih) \u010d. 160 v importovan\u00e9m marketingov\u00e9m v\u00fdzkumu \u010d. 366 v importovan\u00e9m webov\u00e9m marketingu<\/li>\n<li>160 V Importovan\u00fd Marketing V\u00fdzkum<\/li>\n<li>366 V Importovan\u00fd Web Marketing<\/li>\n<li>Hodnocen\u00ed z\u00e1kazn\u00edk\u016f: 4,7 4,7 z 5 hv\u011bzdi\u010dek (21)<\/li>\n<\/ul><\/div>","protected":false},"excerpt":{"rendered":"<p>Z\u016fsta\u0148te nap\u0159ed v marketingov\u00e9 h\u0159e vyu\u017eit\u00edm s\u00edly um\u011bl\u00e9 inteligence Marketing s AI For Dummies je va\u0161\u00edm \u00favodem do revoluce, kter\u00e1 se odehr\u00e1v\u00e1 v marketingov\u00e9m pr\u016fmyslu, d\u00edky n\u00e1stroj\u016fm um\u011bl\u00e9 inteligence, kter\u00e9 dok\u00e1\u017eou vytv\u00e1\u0159et text, obr\u00e1zky, zvuk, video, webov\u00e9 str\u00e1nky a d\u00e1le. Tato kniha zachycuje pohled p\u0159edn\u00edch mana\u017eer\u016f marketingu Shiv Single na to, jak AI zm\u011bn\u00ed marketing, pom\u00e1h\u00e1 nov\u00fdm a zku\u0161en\u00fdm obchodn\u00edk\u016fm \u0159e\u0161it marketingov\u00e9 pl\u00e1ny AI, obsah, kreativn\u00ed technologie a s\u00edly obvin\u011bn\u00ed a lokalizaci.<span>Pod\u00edvejte se na vnit\u0159n\u00ed fungov\u00e1n\u00ed marketingov\u00fdch n\u00e1stroj\u016f AI a zjist\u011bte, jak nejl\u00e9pe vyu\u017e\u00edt jejich schopnosti<\/span>Pod\u00edvejte se na vnit\u0159n\u00ed fungov\u00e1n\u00ed marketingov\u00fdch n\u00e1stroj\u016f AI a zjist\u011bte, jak nejl\u00e9pe vyu\u017e\u00edt jejich schopnosti<span>Identifikujte z\u00e1kazn\u00edky, vytv\u00e1\u0159ejte obsah, p\u0159izp\u016fsobujte dosah a p\u0159izp\u016fsobujte z\u00e1kaznickou zku\u0161enost s um\u011blou inteligenc\u00ed<\/span>Identifikujte z\u00e1kazn\u00edky, vytv\u00e1\u0159ejte obsah, p\u0159izp\u016fsobujte dosah a p\u0159izp\u016fsobujte z\u00e1kaznickou zku\u0161enost s um\u011blou inteligenc\u00ed<span>Zva\u017ete, jak lze obnovit v\u00e1\u0161 t\u00fdm, odd\u011blen\u00ed nebo organizaci, aby mohli jezdit ve sv\u011bt\u011b s um\u011blou inteligenc\u00ed<\/span>Zva\u017ete, jak lze obnovit v\u00e1\u0161 t\u00fdm, odd\u011blen\u00ed nebo organizaci, aby mohli jezdit ve sv\u011bt\u011b s um\u011blou inteligenc\u00ed<span>Pou\u010dte se z cenn\u00fdch p\u0159\u00edpadov\u00fdch studi\u00ed, kter\u00e9 ukazuj\u00ed, jak velk\u00e9 organizace pou\u017e\u00edvaj\u00ed AI ve sv\u00fdch kampan\u00edch<\/span>Pou\u010dte se z cenn\u00fdch p\u0159\u00edpadov\u00fdch studi\u00ed, kter\u00e9 ukazuj\u00ed, jak velk\u00e9 organizace pou\u017e\u00edvaj\u00ed AI ve sv\u00fdch kampan\u00edch<br \/>Tento snadno srozumiteln\u00fd pr\u016fvodce Dummies je ide\u00e1ln\u00ed pro obchodn\u00edky na v\u0161ech \u00farovn\u00edch, stejn\u011b jako pro ty, kte\u0159\u00ed pouze p\u0159\u00edle\u017eitostn\u011b nos\u00ed marketingov\u00fd klobouk. A\u0165 u\u017e je va\u0161e profesn\u00ed z\u00e1zem\u00ed jak\u00e9koli, Marketing s AI For Dummies v\u00e1s vyu\u017eije do budoucnosti marketingu.<\/p>","protected":false},"featured_media":93579,"comment_status":"open","ping_status":"closed","template":"","meta":[],"product_cat":[1611,1595,1610],"product_tag":[],"class_list":{"0":"post-93579","1":"product","2":"type-product","3":"status-publish","4":"has-post-thumbnail","6":"product_brand-edicao-ingls-por-shiv-singh-autor","7":"product_cat-administracao-negocios-e-economia","8":"product_cat-livros","9":"product_cat-livros-internacionais","11":"first","12":"instock","13":"shipping-taxable","14":"purchasable","15":"product-type-simple"},"aioseo_notices":[],"_links":{"self":[{"href":"https:\/\/www.ecommerceupdate.com.br\/cs\/wp-json\/wp\/v2\/product\/93579","targetHints":{"allow":["GET"]}}],"collection":[{"href":"https:\/\/www.ecommerceupdate.com.br\/cs\/wp-json\/wp\/v2\/product"}],"about":[{"href":"https:\/\/www.ecommerceupdate.com.br\/cs\/wp-json\/wp\/v2\/types\/product"}],"replies":[{"embeddable":true,"href":"https:\/\/www.ecommerceupdate.com.br\/cs\/wp-json\/wp\/v2\/comments?post=93579"}],"wp:featuredmedia":[{"embeddable":true,"href":"https:\/\/www.ecommerceupdate.com.br\/cs\/wp-json\/wp\/v2\/product\/93579"}],"wp:attachment":[{"href":"https:\/\/www.ecommerceupdate.com.br\/cs\/wp-json\/wp\/v2\/media?parent=93579"}],"wp:term":[{"taxonomy":"product_cat","embeddable":true,"href":"https:\/\/www.ecommerceupdate.com.br\/cs\/wp-json\/wp\/v2\/product_cat?post=93579"},{"taxonomy":"product_tag","embeddable":true,"href":"https:\/\/www.ecommerceupdate.com.br\/cs\/wp-json\/wp\/v2\/product_tag?post=93579"}],"curies":[{"name":"wp","href":"https:\/\/api.w.org\/{rel}","templated":true}]}}