{"id":93662,"date":"2026-03-05T14:04:37","date_gmt":"2026-03-05T17:04:37","guid":{"rendered":"https:\/\/www.ecommerceupdate.com.br\/produto\/como-vender-no-mercado-livre-domine-todas-as-formas-de-venda-e-lucre-com-a-maior-plataforma-do-brasil\/"},"modified":"2026-03-08T20:25:57","modified_gmt":"2026-03-08T23:25:57","slug":"como-vender-no-mercado-livre-domine-todas-as-formas-de-venda-e-lucre-com-a-maior-plataforma-do-brasil","status":"publish","type":"product","link":"https:\/\/www.ecommerceupdate.com.br\/cs\/produto\/como-vender-no-mercado-livre-domine-todas-as-formas-de-venda-e-lucre-com-a-maior-plataforma-do-brasil\/","title":{"rendered":"Jak prod\u00e1vat na voln\u00e9m trhu : Ovl\u00e1dat v\u0161echny formy prodeje a profitovat z nejv\u011bt\u0161\u00ed platformy v Braz\u00edlii"},"content":{"rendered":"<div class=\"woocommerce-product-details\"><\/div>","protected":false},"excerpt":{"rendered":"<p>Objevte Ultimate Guide k prodeji na voln\u00e9m trhu a transformovat sv\u016fj finan\u010dn\u00ed \u017eivot! Tato kompletn\u00ed 100+ str\u00e1nky e-kniha v\u00e1s nau\u010d\u00ed, krok za krokem, jak vybudovat ziskov\u00e9 a udr\u017eiteln\u00e9 podnik\u00e1n\u00ed na nejv\u011bt\u0161\u00edm trhu v Latinsk\u00e9 Americe Nau\u010dte se, jak si vybrat v\u00edt\u011bzn\u00e9 produkty, vyjedn\u00e1vat s dodavateli, vytv\u00e1\u0159et reklamy, kter\u00e9 konvertuj\u00ed, zvl\u00e1dnout Shipping Market a \u0161k\u00e1lovat sv\u00e9 prodeje profesion\u00e1ln\u00edm zp\u016fsobem, S re\u00e1ln\u00fdmi p\u0159\u00edpadov\u00fdmi studiemi, praktick\u00fdmi kontroln\u00edmi seznamy a osv\u011bd\u010den\u00fdmi strategiemi, budete m\u00edt v\u0161e, co pot\u0159ebujete, abyste se dostali z nuly a dos\u00e1hli konzistentn\u00edch v\u00fdsledk\u016f Ide\u00e1ln\u00ed pro za\u010d\u00e1te\u010dn\u00edky, kte\u0159\u00ed cht\u011bj\u00ed za\u010d\u00edt na spr\u00e1vn\u00e9 noze a pro st\u0159edn\u011b pokro\u010dil\u00e9 prodejce, kte\u0159\u00ed se sna\u017e\u00ed optimalizovat a \u0161k\u00e1lovat sv\u00e9 v\u00fdsledky P\u0159esta\u0148te se sna\u017eit z\u00edskat v\u00fdsledky a prok\u00e1zat t\u00edm, \u017ee uhodnete tis\u00edce \u00fasp\u011bch\u016f<\/p>","protected":false},"featured_media":93662,"comment_status":"open","ping_status":"closed","template":"","meta":[],"product_cat":[1611,1595,1618],"product_tag":[],"class_list":{"0":"post-93662","1":"product","2":"type-product","3":"status-publish","4":"has-post-thumbnail","6":"product_brand-por-victor-lemos-autor-formato-ebook-kindle","7":"product_cat-administracao-negocios-e-economia","8":"product_cat-livros","9":"product_cat-marketing-e-vendas","11":"first","12":"instock","13":"shipping-taxable","14":"purchasable","15":"product-type-simple"},"aioseo_notices":[],"_links":{"self":[{"href":"https:\/\/www.ecommerceupdate.com.br\/cs\/wp-json\/wp\/v2\/product\/93662","targetHints":{"allow":["GET"]}}],"collection":[{"href":"https:\/\/www.ecommerceupdate.com.br\/cs\/wp-json\/wp\/v2\/product"}],"about":[{"href":"https:\/\/www.ecommerceupdate.com.br\/cs\/wp-json\/wp\/v2\/types\/product"}],"replies":[{"embeddable":true,"href":"https:\/\/www.ecommerceupdate.com.br\/cs\/wp-json\/wp\/v2\/comments?post=93662"}],"wp:featuredmedia":[{"embeddable":true,"href":"https:\/\/www.ecommerceupdate.com.br\/cs\/wp-json\/wp\/v2\/product\/93662"}],"wp:attachment":[{"href":"https:\/\/www.ecommerceupdate.com.br\/cs\/wp-json\/wp\/v2\/media?parent=93662"}],"wp:term":[{"taxonomy":"product_cat","embeddable":true,"href":"https:\/\/www.ecommerceupdate.com.br\/cs\/wp-json\/wp\/v2\/product_cat?post=93662"},{"taxonomy":"product_tag","embeddable":true,"href":"https:\/\/www.ecommerceupdate.com.br\/cs\/wp-json\/wp\/v2\/product_tag?post=93662"}],"curies":[{"name":"wp","href":"https:\/\/api.w.org\/{rel}","templated":true}]}}