{"id":93672,"date":"2026-03-05T14:06:47","date_gmt":"2026-03-05T17:06:47","guid":{"rendered":"https:\/\/www.ecommerceupdate.com.br\/produto\/guia-afiliados-mercado-livre\/"},"modified":"2026-05-08T11:48:25","modified_gmt":"2026-05-08T14:48:25","slug":"guia-afiliados-mercado-livre","status":"publish","type":"product","link":"https:\/\/www.ecommerceupdate.com.br\/cs\/produto\/guia-afiliados-mercado-livre\/","title":{"rendered":"Partnersk\u00fd pr\u016fvodce voln\u00fdm trhem"},"content":{"rendered":"<div class=\"woocommerce-product-details\"><\/div>","protected":false},"excerpt":{"rendered":"<p>Pr\u016fvodce p\u0159idru\u017een\u00fdmi spole\u010dnostmi Mercado Livre<br \/>Jak vybrat ide\u00e1ln\u00ed produkt a \u00fasp\u011b\u0161n\u011b prod\u00e1vat<br \/>Autor EuEmEvolution2.0 io@euemevolution2.0<\/p>\n<p>Chcete vyd\u011bl\u00e1vat pen\u00edze propagac\u00ed produkt\u016f, ani\u017e byste museli investovat do z\u00e1sob nebo logistiky? Partnersk\u00fd program Mercado Livre nab\u00edz\u00ed vynikaj\u00edc\u00ed p\u0159\u00edle\u017eitost generovat p\u0159\u00edjmy online a tento pr\u016fvodce je prvn\u00edm krokem k va\u0161emu \u00fasp\u011bchu!<\/p>\n<p>V t\u00e9to eKnize se dozv\u00edte:<\/p>\n<p>co je affiliate program Mercado Livre a jak funguje<br \/>jak si vybrat spr\u00e1vn\u00e9 produkty k propagaci, na z\u00e1klad\u011b popt\u00e1vky a pov\u011bsti<br \/>efektivn\u00ed strategie pro zv\u00fd\u0161en\u00ed prodeje jako affiliate partnera<br \/>z\u00e1kladn\u00ed n\u00e1stroje pro zlep\u0161en\u00ed jeho \u0161\u00ed\u0159en\u00ed a sledov\u00e1n\u00ed v\u00fdsledk\u016f<br \/>\u00dasp\u011b\u0161n\u00e9 tipy, jak vyniknout na trhu a generovat konzistentn\u00ed provize<\/p>\n<p>Ide\u00e1ln\u00ed pro za\u010d\u00e1te\u010dn\u00edky nebo kohokoli, kdo ji\u017e v affiliate sv\u011bt\u011b, tento pr\u016fvodce poskytuje v\u0161e, co pot\u0159ebujete, abyste mohli za\u010d\u00edt efektivn\u011b prod\u00e1vat. Pokud chcete svou digit\u00e1ln\u00ed marketingovou strategii prom\u011bnit v neust\u00e1l\u00fd zdroj zisku, je tato e-kniha ur\u010dena pr\u00e1v\u011b v\u00e1m!<\/p>\n<p>Za\u010dn\u011bte hned a nau\u010dte se, jak vybrat nejlep\u0161\u00ed produkty a \u00fasp\u011b\u0161n\u011b propagovat Poj\u010fme spole\u010dn\u011b na tuto digit\u00e1ln\u00ed prodejn\u00ed cestu!<\/p>","protected":false},"featured_media":93672,"comment_status":"open","ping_status":"closed","template":"","meta":[],"product_cat":[1611,1595,1618],"product_tag":[],"class_list":{"0":"post-93672","1":"product","2":"type-product","3":"status-publish","4":"has-post-thumbnail","5":"product_brand-por-euem-evoluo2-0-autor-formato-ebook-kindle","6":"product_cat-administracao-negocios-e-economia","7":"product_cat-livros","8":"product_cat-marketing-e-vendas","10":"first","11":"instock","12":"shipping-taxable","13":"purchasable","14":"product-type-simple"},"aioseo_notices":[],"_links":{"self":[{"href":"https:\/\/www.ecommerceupdate.com.br\/cs\/wp-json\/wp\/v2\/product\/93672","targetHints":{"allow":["GET"]}}],"collection":[{"href":"https:\/\/www.ecommerceupdate.com.br\/cs\/wp-json\/wp\/v2\/product"}],"about":[{"href":"https:\/\/www.ecommerceupdate.com.br\/cs\/wp-json\/wp\/v2\/types\/product"}],"replies":[{"embeddable":true,"href":"https:\/\/www.ecommerceupdate.com.br\/cs\/wp-json\/wp\/v2\/comments?post=93672"}],"wp:featuredmedia":[{"embeddable":true,"href":"https:\/\/www.ecommerceupdate.com.br\/cs\/wp-json\/wp\/v2\/product\/93672"}],"wp:attachment":[{"href":"https:\/\/www.ecommerceupdate.com.br\/cs\/wp-json\/wp\/v2\/media?parent=93672"}],"wp:term":[{"taxonomy":"product_cat","embeddable":true,"href":"https:\/\/www.ecommerceupdate.com.br\/cs\/wp-json\/wp\/v2\/product_cat?post=93672"},{"taxonomy":"product_tag","embeddable":true,"href":"https:\/\/www.ecommerceupdate.com.br\/cs\/wp-json\/wp\/v2\/product_tag?post=93672"}],"curies":[{"name":"wp","href":"https:\/\/api.w.org\/{rel}","templated":true}]}}