{"id":93674,"date":"2026-03-05T14:07:10","date_gmt":"2026-03-05T17:07:10","guid":{"rendered":"https:\/\/www.ecommerceupdate.com.br\/produto\/como-vender-no-mercado-livre\/"},"modified":"2026-03-13T15:44:06","modified_gmt":"2026-03-13T18:44:06","slug":"como-vender-no-mercado-livre","status":"publish","type":"product","link":"https:\/\/www.ecommerceupdate.com.br\/cs\/produto\/como-vender-no-mercado-livre\/","title":{"rendered":"JAK PROD\u00c1VAT NA VOLN\u00c9M TRHU?"},"content":{"rendered":"<div class=\"woocommerce-product-details\">\n<h3>Detaily v\u00fdrobku<\/h3>\n<ul>\n<li>ASIN: B0CW1MKNV2<\/li>\n<li>P\u0159\u00edstupnost: Dal\u0161\u00ed informace<\/li>\n<li>Datum zve\u0159ejn\u011bn\u00ed: 25. dubna 2024<\/li>\n<li>Jazyk: portugal\u0161tina<\/li>\n<li>Velikost souboru: 12.8 MB<\/li>\n<li>\u010cte\u010dka obrazovky: Kompatibiln\u00ed<\/li>\n<li>Konfigurace p\u00edsma: Povoleno<\/li>\n<li>Tipy pro slovn\u00ed z\u00e1sobu: Nen\u00ed povoleno<\/li>\n<li>Po\u010det stran : 231 stran<\/li>\n<li>P\u0159eklopen\u00ed str\u00e1nky: Povoleno<\/li>\n<li>\u017deb\u0159\u00ed\u010dek nejprod\u00e1van\u011bj\u0161\u00edch: \u010d. 348 564 v Kindle Store (Seznamte se s Top 100 v kategorii Kindle Store) \u010d. 343 210 v e-knih\u00e1ch Kindle<\/li>\n<li>343 210 elektronick\u00fdch knih Kindle<\/li>\n<\/ul><\/div>","protected":false},"excerpt":{"rendered":"<p>Kompletn\u00ed ebook se v\u0161emi tipy, jak za\u010d\u00edt sv\u016fj prvn\u00ed prodej na Voln\u00e9m trhu, nejv\u011bt\u0161\u00edm tr\u017ei\u0161ti v Latinsk\u00e9 AmericeNa\u0161e kniha obsahuje: Voln\u00fd trh Zdarma Historie, koncepty a podnikatelsk\u00fd pl\u00e1n Voln\u00e9ho trhuJak za\u010d\u00edt sv\u016fj prodej na Voln\u00e9m trhuDigit\u00e1ln\u00ed marketing na Voln\u00e9m trhuJak spravovat sv\u016fj \u00fa\u010det na Voln\u00e9m trhuJak inzerovat na Voln\u00e9m trhuRozvoj reputace na Voln\u00e9m trhuProgram nejlep\u0161\u00edch prodejc\u016f Voln\u00fd trh &amp; MarketLeadersCLIPS Platforma Voln\u00e9ho trhu Voln\u00fd trhProgramy komunikace s Voln\u00fdm trhem Klasifikovan\u00fd trh TrhZna\u010dky TrhZna\u010dky TrhObchodn\u00ed trhZna\u010dky TrhObchodn\u00ed trhBranded MarketBusiness<\/p>","protected":false},"featured_media":93674,"comment_status":"open","ping_status":"closed","template":"","meta":[],"product_cat":[1608,1607],"product_tag":[],"class_list":{"0":"post-93674","1":"product","2":"type-product","3":"status-publish","4":"has-post-thumbnail","6":"product_brand-por-andr-santos-autor-formato-ebook-kindle","7":"product_cat-ebooks-kindle","8":"product_cat-loja-kindle","10":"first","11":"instock","12":"shipping-taxable","13":"purchasable","14":"product-type-simple"},"aioseo_notices":[],"_links":{"self":[{"href":"https:\/\/www.ecommerceupdate.com.br\/cs\/wp-json\/wp\/v2\/product\/93674","targetHints":{"allow":["GET"]}}],"collection":[{"href":"https:\/\/www.ecommerceupdate.com.br\/cs\/wp-json\/wp\/v2\/product"}],"about":[{"href":"https:\/\/www.ecommerceupdate.com.br\/cs\/wp-json\/wp\/v2\/types\/product"}],"replies":[{"embeddable":true,"href":"https:\/\/www.ecommerceupdate.com.br\/cs\/wp-json\/wp\/v2\/comments?post=93674"}],"wp:featuredmedia":[{"embeddable":true,"href":"https:\/\/www.ecommerceupdate.com.br\/cs\/wp-json\/wp\/v2\/product\/93674"}],"wp:attachment":[{"href":"https:\/\/www.ecommerceupdate.com.br\/cs\/wp-json\/wp\/v2\/media?parent=93674"}],"wp:term":[{"taxonomy":"product_cat","embeddable":true,"href":"https:\/\/www.ecommerceupdate.com.br\/cs\/wp-json\/wp\/v2\/product_cat?post=93674"},{"taxonomy":"product_tag","embeddable":true,"href":"https:\/\/www.ecommerceupdate.com.br\/cs\/wp-json\/wp\/v2\/product_tag?post=93674"}],"curies":[{"name":"wp","href":"https:\/\/api.w.org\/{rel}","templated":true}]}}