{"id":93852,"date":"2026-03-05T21:52:23","date_gmt":"2026-03-06T00:52:23","guid":{"rendered":"https:\/\/www.ecommerceupdate.com.br\/produto\/inteligencia-artificial-no-varejo\/"},"modified":"2026-03-13T15:45:51","modified_gmt":"2026-03-13T18:45:51","slug":"inteligencia-artificial-no-varejo","status":"publish","type":"product","link":"https:\/\/www.ecommerceupdate.com.br\/cs\/produto\/inteligencia-artificial-no-varejo\/","title":{"rendered":"Um\u011bl\u00e1 inteligence v maloobchod\u011b"},"content":{"rendered":"<div class=\"woocommerce-product-details\">\n<div id=\"aplus_feature_div\" class=\"celwidget\" data-feature-name=\"aplus\" data-csa-c-type=\"widget\" data-csa-c-content-id=\"aplus\" data-csa-c-slot-id=\"aplus_feature_div\" data-csa-c-asin=\"\" data-csa-c-is-in-initial-active-row=\"false\">\n<div id=\"aplus\" class=\"a-section a-spacing-large bucket\">\n<h3 class=\"\">Od vydavatele<\/h3>\n<div lang=\"pt_BR\">\n<div class=\"aplus-v2 desktop celwidget\">\n<div class=\"celwidget aplus-module module-11 aplus-standard\">\n<div class=\"aplus-module-wrapper apm-spacing apm-floatnone apm-fixed-width\">\n<div class=\"apm-sidemodule aplus-module-content\">\n<div class=\"apm-hero-image\"> <img decoding=\"async\" alt=\"XGDRG\" src=\"https:\/\/m.media-amazon.com\/images\/S\/aplus-media-library-service-media\/081a47f9-e2f0-488b-b95a-092c08b657f5.__CR0,6,3074,951_PT0_SX970_V1___.png\" \/> <\/div>\n<\/p>\n<\/div>\n<\/div>\n<\/div>\n<div class=\"celwidget aplus-module module-2 aplus-standard\">\n<div class=\"aplus-module-wrapper apm-floatnone apm-fixed-width\">\n<div class=\"apm-sidemodule apm-spacing\">\n<div class=\"apm-sidemodule-imageleft\"> <img decoding=\"async\" alt=\"TRHT\" src=\"https:\/\/m.media-amazon.com\/images\/S\/aplus-media-library-service-media\/428832d2-17ea-448b-a1a4-de491100e331.__CR0,0,390,390_PT0_SX300_V1___.png\" \/> <\/div>\n<div class=\"apm-sidemodule-textright\">\n<h3 class=\"a-spacing-mini\"> Um\u011bl\u00e1 inteligence v maloobchod\u011b <\/h3>\n<p> V (Um\u011bl\u00e1 inteligence v maloobchod\u011b) Eduardo Terra poskytuje hloubkovou anal\u00fdzu transformac\u00ed, kter\u00e9 um\u011bl\u00e1 inteligence (AI) podn\u011bcuje v sou\u010dasn\u00e9m maloobchodn\u00edm prost\u0159ed\u00ed. Od logistiky po z\u00e1kaznick\u00fd servis autor zkoum\u00e1, jak AI p\u0159etv\u00e1\u0159\u00ed operace, personalizuje zku\u0161enosti a efektivita \u0159\u00edzen\u00ed ve v\u0161ech aspektech pr\u016fmyslu. <\/p>\n<p> Kniha se zam\u011b\u0159en\u00edm na technologie um\u011bl\u00e9 inteligence p\u0159edstavuje kompletn\u00ed p\u0159ehled praktick\u00fdch aplikac\u00ed t\u011bchto n\u00e1stroj\u016f a ukazuje, jak jsou vyu\u017e\u00edv\u00e1ny k optimalizaci kl\u00ed\u010dov\u00fdch proces\u016f a zv\u00fd\u0161en\u00ed bezpe\u010dnosti. <\/p>\n<\/p>\n<\/div>\n<\/div>\n<\/div>\n<\/div>\n<div class=\"celwidget aplus-module module-9 aplus-standard\">\n<div class=\"aplus-module-wrapper apm-fixed-width apm-spacing\">\n<div class=\"apm-flex\">\n<div class=\"apm-flex-item-third-width\">\n<p class=\"apm-text-center\"> <img decoding=\"async\" alt=\"FHRTH\" src=\"https:\/\/m.media-amazon.com\/images\/S\/aplus-media-library-service-media\/19dbf0d7-60fa-4851-b265-fb58967b2e53.__CR0,0,1076,1076_PT0_SX300_V1___.png\" \/> <\/p>\n<p> cel\u00fd sv\u011bt \u017eije s probl\u00e9mem &amp; nen\u00ed dnes Na jedn\u00e9 stran\u011b je rostouc\u00ed popt\u00e1vka po kvalifikovan\u00fdch odborn\u00edk\u016f Na druh\u00e9 stran\u011b vzd\u011bl\u00e1vac\u00ed syst\u00e9m p\u0159ipravuje studenty na z\u00e1klad\u011b \u010dinnost\u00ed, kter\u00e9 m\u011bly popt\u00e1vku v minulosti Pravd\u011bpodobn\u011b jste byli sv\u011bdky t\u00e9to situace b\u011bhem \u0161koly a vysok\u00e9 \u0161koly, jako junior profesion\u00e1l a pozd\u011bji jako obchodn\u00ed mana\u017eer: trh vy\u017eaduje kvalifikace, kter\u00e9 akademie nem\u016f\u017ee nab\u00eddnout jen proto, \u017ee na to nebyla p\u0159ipravena. <\/p>\n<\/p>\n<\/div>\n<div class=\"apm-flex-item-third-width\">\n<p class=\"apm-text-center\"> <img decoding=\"async\" alt=\"SEGR\" src=\"https:\/\/m.media-amazon.com\/images\/S\/aplus-media-library-service-media\/d153700d-2edb-40ce-9a94-dad524a830de.__CR0,0,1076,1076_PT0_SX300_V1___.png\" \/> <\/p>\n<p> Um\u011bl\u00e1 zab\u00edrala prostor v mysl\u00edch a snech lidstva od starov\u011bk\u00e9ho \u0158ecka, a\u010dkoli technologie nezbytn\u00e9 pro jej\u00ed \u017eivotaschopnost se vyv\u00edjely a\u017e v posledn\u00edch 60 letech. P\u0159esto evoluce nebyla line\u00e1rn\u00ed: po\u010d\u00e1te\u010dn\u00ed o\u010dek\u00e1v\u00e1n\u00ed byla zma\u0159ena, pot\u00e9 p\u0159em\u00edst\u011bna, byla vyvinuta nov\u00e1 pole p\u016fsobnosti a postupn\u011b se vytv\u00e1\u0159ela obrovsk\u00e1 mozaika umo\u017e\u0148uj\u00edc\u00ed aplikace AI <\/p>\n<\/p>\n<\/div>\n<div class=\"apm-flex-item-third-width\">\n<p class=\"apm-text-center\"> <img decoding=\"async\" alt=\"sgdf\" src=\"https:\/\/m.media-amazon.com\/images\/S\/aplus-media-library-service-media\/b92d2433-fee6-4463-a63d-b0f2fa47968a.__CR0,0,1076,1076_PT0_SX300_V1___.png\" \/> <\/p>\n<p> Maloobchod 20. let je velmi odli\u0161n\u00fd od p\u0159edchoz\u00edch desetilet\u00ed \u2018digitalizace sektoru, kter\u00fd ji\u017e postupoval v n\u011bkolika segmentech, byl rozhodn\u011b poh\u00e1n\u011bn pandemi\u00ed, kter\u00e1 donutila \u010detn\u00e9 spole\u010dnosti p\u0159ijmout n\u00e1stroje a procesy, kter\u00e9 byly nemysliteln\u00e9 jen p\u0159ed n\u011bkolika m\u011bs\u00edci Dnes m\u016f\u017eeme bez obav z chyb \u0159\u00edci, \u017ee spot\u0159ebitel\u00e9 nemus\u00ed chodit do obchod\u016f \u2018budou jen tehdy, kdy\u017e prodejn\u00ed m\u00edsto nab\u00edz\u00ed to, co pot\u0159ebuj\u00ed A to, co pot\u0159ebuj\u00ed, nen\u00ed v\u00edce produkt\u016f, Nav\u00edc m\u00e1me mnohem bli\u017e\u0161\u00ed spot\u0159ebitele a znal\u00e9 digit\u00e1ln\u00edch kan\u00e1l\u016f maloobchodu Diskuse o tom, jak by m\u011bl b\u00fdt fyzick\u00fd obchod v postpandemii je rozs\u00e1hl\u00e1, ale m\u016f\u017eeme pouk\u00e1zat na n\u011bkter\u00e9 aspekty t\u00e9to cesty. <\/p>\n<\/p>\n<\/div>\n<\/div>\n<\/div>\n<\/div>\n<div class=\"celwidget aplus-module module-2 aplus-standard\">\n<div class=\"aplus-module-wrapper apm-floatnone apm-fixed-width\">\n<div class=\"apm-sidemodule apm-spacing\">\n<div class=\"apm-sidemodule-imageleft\"> <img decoding=\"async\" alt=\"EFR\" src=\"https:\/\/m.media-amazon.com\/images\/S\/aplus-media-library-service-media\/8e4e5ce8-bd26-4e6f-9839-e7c177fbd7a3.__CR0,7,551,551_PT0_SX300_V1___.png\" \/> <\/div>\n<div class=\"apm-sidemodule-textright\">\n<h3 class=\"a-spacing-mini\"> Eduardo Terra <\/h3>\n<p> Je prezidentem Brazilsk\u00e9 maloobchodn\u00ed a spot\u0159ebitelsk\u00e9 spole\u010dnosti (SBVC) a \u010dlenem p\u0159edstavenstva n\u011bkolika maloobchodn\u00edch a servisn\u00edch spole\u010dnost\u00ed Je Partnerem BTR-Varese a HiPartners Venture Capital P\u016fsob\u00ed jako profesor postgradu\u00e1ln\u00edch a MBA kurz\u016f, p\u0159edn\u00e1\u0161\u00ed na n\u00e1rodn\u00edch i mezin\u00e1rodn\u00edch maloobchodn\u00edch akc\u00edch a je autorem n\u011bkolika knih a \u010dl\u00e1nk\u016f o maloobchodn\u00edm a spot\u0159ebitelsk\u00e9m trhu. <\/p>\n<\/p>\n<\/div>\n<\/div>\n<\/div>\n<\/div>\n<\/div>\n<\/div>\n<\/div>\n<\/div>\n<h3>Detaily v\u00fdrobku<\/h3>\n<ul>\n<li>Vydavatel: Literare Books International<\/li>\n<li>Datum zve\u0159ejn\u011bn\u00ed: 16. dubna 2024<\/li>\n<li>Vyd\u00e1n\u00ed: 1a<\/li>\n<li>Jazyk: portugal\u0161tina<\/li>\n<li>Po\u010det stran : 168 stran<\/li>\n<li>ISBN-10:6559227960<\/li>\n<li>ISBN-13:978-6559227969<\/li>\n<li>Hmotnost produktu: 220g<\/li>\n<li>V\u011bk \u010dten\u00ed: 12 let a v\u00edce<\/li>\n<li>Rozm\u011bry: 14 x 0,5 x 21 cm<\/li>\n<li>\u017deb\u0159\u00ed\u010dek nejprod\u00e1van\u011bj\u0161\u00edch knih: \u010d. 160 542 v knih\u00e1ch (seznamte se s 100 nejlep\u0161\u00edmi v kategorii knih) \u010d. 1 434 v managementu veden\u00ed<\/li>\n<li>1 434 v \u0159\u00edzen\u00ed veden\u00ed<\/li>\n<li>Hodnocen\u00ed z\u00e1kazn\u00edk\u016f: 4,0 4,0 z 5 hv\u011bzdi\u010dek (21)<\/li>\n<\/ul><\/div>","protected":false},"excerpt":{"rendered":"<p>V (Aum\u011bl\u00e1 inteligence v maloobchod\u011b Eduardo Terra poskytuje hloubkovou anal\u00fdzu transformac\u00ed, kter\u00e9 um\u011bl\u00e1 inteligence (AI) podn\u011bcuje v sou\u010dasn\u00e9m maloobchodn\u00edm prost\u0159ed\u00ed. Od logistiky po z\u00e1kaznick\u00fd servis autor zkoum\u00e1, jak AI p\u0159etv\u00e1\u0159\u00ed operace, personalizuje zku\u0161enosti a efektivitu \u0159\u00edzen\u00ed ve v\u0161ech aspektech pr\u016fmyslu. Kniha se zam\u011b\u0159en\u00edm na technologie AI p\u0159edstavuje kompletn\u00ed p\u0159ehled praktick\u00fdch aplikac\u00ed t\u011bchto n\u00e1stroj\u016f a ukazuje, jak jsou vyu\u017e\u00edv\u00e1ny k optimalizaci kl\u00ed\u010dov\u00fdch proces\u016f a zvy\u0161ov\u00e1n\u00ed bezpe\u010dnosti. B\u011bhem cel\u00e9 pr\u00e1ce autor nejen pojedn\u00e1v\u00e1 o mo\u017enostech, kter\u00e9 AI nab\u00edz\u00ed, ale tak\u00e9 zd\u016fraz\u0148uje probl\u00e9my a odpov\u011bdnosti spojen\u00e9 s p\u0159ijet\u00edm tohoto cenn\u00e9ho zdroje, proto\u017ee maloobchodn\u00edci se mohou orientovat.<\/p>","protected":false},"featured_media":93852,"comment_status":"open","ping_status":"closed","template":"","meta":[],"product_cat":[1611,1621,1595],"product_tag":[],"class_list":{"0":"post-93852","1":"product","2":"type-product","3":"status-publish","4":"has-post-thumbnail","6":"product_brand-por-eduardo-terra-autor","7":"product_cat-administracao-negocios-e-economia","8":"product_cat-gestao-e-lideranca","9":"product_cat-livros","11":"first","12":"instock","13":"sale","14":"shipping-taxable","15":"purchasable","16":"product-type-simple"},"aioseo_notices":[],"_links":{"self":[{"href":"https:\/\/www.ecommerceupdate.com.br\/cs\/wp-json\/wp\/v2\/product\/93852","targetHints":{"allow":["GET"]}}],"collection":[{"href":"https:\/\/www.ecommerceupdate.com.br\/cs\/wp-json\/wp\/v2\/product"}],"about":[{"href":"https:\/\/www.ecommerceupdate.com.br\/cs\/wp-json\/wp\/v2\/types\/product"}],"replies":[{"embeddable":true,"href":"https:\/\/www.ecommerceupdate.com.br\/cs\/wp-json\/wp\/v2\/comments?post=93852"}],"wp:featuredmedia":[{"embeddable":true,"href":"https:\/\/www.ecommerceupdate.com.br\/cs\/wp-json\/wp\/v2\/product\/93852"}],"wp:attachment":[{"href":"https:\/\/www.ecommerceupdate.com.br\/cs\/wp-json\/wp\/v2\/media?parent=93852"}],"wp:term":[{"taxonomy":"product_cat","embeddable":true,"href":"https:\/\/www.ecommerceupdate.com.br\/cs\/wp-json\/wp\/v2\/product_cat?post=93852"},{"taxonomy":"product_tag","embeddable":true,"href":"https:\/\/www.ecommerceupdate.com.br\/cs\/wp-json\/wp\/v2\/product_tag?post=93852"}],"curies":[{"name":"wp","href":"https:\/\/api.w.org\/{rel}","templated":true}]}}