{"id":93880,"date":"2026-03-06T03:30:35","date_gmt":"2026-03-06T06:30:35","guid":{"rendered":"https:\/\/www.ecommerceupdate.com.br\/produto\/guia-completo-como-comecar-a-vender-na-amazon\/"},"modified":"2026-03-13T15:48:32","modified_gmt":"2026-03-13T18:48:32","slug":"guia-completo-como-comecar-a-vender-na-amazon","status":"publish","type":"product","link":"https:\/\/www.ecommerceupdate.com.br\/cs\/produto\/guia-completo-como-comecar-a-vender-na-amazon\/","title":{"rendered":"Kompletn\u00ed pr\u016fvodce, jak za\u010d\u00edt prod\u00e1vat na Amazonu"},"content":{"rendered":"<div class=\"woocommerce-product-details\">\n<h3>Detaily v\u00fdrobku<\/h3>\n<ul>\n<li>ASIN: B0DZZC7M54<\/li>\n<li>P\u0159\u00edstupnost: Dal\u0161\u00ed informace<\/li>\n<li>Datum zve\u0159ejn\u011bn\u00ed: 10. b\u0159ezna 2025<\/li>\n<li>Vyd\u00e1n\u00ed: 1a<\/li>\n<li>Jazyk: portugal\u0161tina<\/li>\n<li>Velikost souboru: 825 KB<\/li>\n<li>Konfigurace p\u00edsma: Nen\u00ed povoleno<\/li>\n<li>Tipy pro slovn\u00ed z\u00e1sobu: Nen\u00ed povoleno<\/li>\n<li>Form\u00e1t: Tisk repliky<\/li>\n<li>P\u0159eklopen\u00ed str\u00e1nky: Nen\u00ed povoleno<\/li>\n<li>V\u011bk \u010dten\u00ed: 17 18 let<\/li>\n<li>\u017deb\u0159\u00ed\u010dek nejprod\u00e1van\u011bj\u0161\u00edch: \u010d. 424 161 v Kindle Store (seznamte se s Top 100 v kategorii Kindle Store) \u010d. 15 624 v Business &amp; Economy<\/li>\n<li>15 624 v oboru podnik\u00e1n\u00ed a ekonomika<\/li>\n<li>Hodnocen\u00ed z\u00e1kazn\u00edk\u016f: 5,0 5,0 z 5 hv\u011bzdi\u010dek (1)<\/li>\n<\/ul><\/div>","protected":false},"excerpt":{"rendered":"<p>Prodej na Amazonu je jedn\u00edm z nejziskov\u011bj\u0161\u00edch zp\u016fsob\u016f, jak za\u010d\u00edt podnikat online, co\u017e umo\u017e\u0148uje komukoli za\u010d\u00edt podnikat s n\u00edzk\u00fdmi investicemi a velk\u00fdm r\u016fstov\u00fdm potenci\u00e1lem. Tr\u017ei\u0161t\u011b nab\u00edz\u00ed robustn\u00ed strukturu, glob\u00e1ln\u00ed dosah a miliony aktivn\u00edch z\u00e1kazn\u00edk\u016f denn\u011b.<\/p>\n<p>S touto e-knihou m\u016f\u017ee ka\u017ed\u00fd prom\u011bnit Amazon ve \u0161k\u00e1lovateln\u00fd a udr\u017eiteln\u00fd zdroj p\u0159\u00edjm\u016f t\u00edm, \u017ee ovl\u00e1dne trh a dos\u00e1hne finan\u010dn\u00ed svobody<\/p>","protected":false},"featured_media":93880,"comment_status":"open","ping_status":"closed","template":"","meta":[],"product_cat":[1611,1608,1607],"product_tag":[],"class_list":{"0":"post-93880","1":"product","2":"type-product","3":"status-publish","4":"has-post-thumbnail","6":"product_brand-por-allan-paixo-autor-formato-ebook-kindle","7":"product_cat-administracao-negocios-e-economia","8":"product_cat-ebooks-kindle","9":"product_cat-loja-kindle","11":"first","12":"instock","13":"shipping-taxable","14":"purchasable","15":"product-type-simple"},"aioseo_notices":[],"_links":{"self":[{"href":"https:\/\/www.ecommerceupdate.com.br\/cs\/wp-json\/wp\/v2\/product\/93880","targetHints":{"allow":["GET"]}}],"collection":[{"href":"https:\/\/www.ecommerceupdate.com.br\/cs\/wp-json\/wp\/v2\/product"}],"about":[{"href":"https:\/\/www.ecommerceupdate.com.br\/cs\/wp-json\/wp\/v2\/types\/product"}],"replies":[{"embeddable":true,"href":"https:\/\/www.ecommerceupdate.com.br\/cs\/wp-json\/wp\/v2\/comments?post=93880"}],"wp:featuredmedia":[{"embeddable":true,"href":"https:\/\/www.ecommerceupdate.com.br\/cs\/wp-json\/wp\/v2\/product\/93880"}],"wp:attachment":[{"href":"https:\/\/www.ecommerceupdate.com.br\/cs\/wp-json\/wp\/v2\/media?parent=93880"}],"wp:term":[{"taxonomy":"product_cat","embeddable":true,"href":"https:\/\/www.ecommerceupdate.com.br\/cs\/wp-json\/wp\/v2\/product_cat?post=93880"},{"taxonomy":"product_tag","embeddable":true,"href":"https:\/\/www.ecommerceupdate.com.br\/cs\/wp-json\/wp\/v2\/product_tag?post=93880"}],"curies":[{"name":"wp","href":"https:\/\/api.w.org\/{rel}","templated":true}]}}