{"id":93906,"date":"2026-03-06T07:24:32","date_gmt":"2026-03-06T10:24:32","guid":{"rendered":"https:\/\/www.ecommerceupdate.com.br\/produto\/omnichannel-marketing-a-complete-guide-2021-edition\/"},"modified":"2026-03-08T14:06:11","modified_gmt":"2026-03-08T17:06:11","slug":"omnichannel-marketing-a-complete-guide-2021-edition","status":"publish","type":"product","link":"https:\/\/www.ecommerceupdate.com.br\/cs\/produto\/omnichannel-marketing-a-complete-guide-2021-edition\/","title":{"rendered":"Omnikan\u00e1lov\u00fd marketing Kompletn\u00ed pr\u016fvodce 2021 Edition"},"content":{"rendered":"<div class=\"woocommerce-product-details\">\n<h3>Detaily v\u00fdrobku<\/h3>\n<ul>\n<li>Jazyk: English<\/li>\n<li>ISBN-10:186742052X<\/li>\n<li>ISBN-13:978-1867420521<\/li>\n<li>Hmotnost produktu: 549g<\/li>\n<li>Rozm\u011bry: 15,24 x 2,03 x 22,86 cm<\/li>\n<li>Hodnocen\u00ed z\u00e1kazn\u00edk\u016f: 5,0 5,0 z 5 hv\u011bzdi\u010dek (1)<\/li>\n<\/ul><\/div>","protected":false},"excerpt":{"rendered":"<p>Podrobnosti o produktu Jazyk: angli\u010dtina ISBN-10 : 186742052X ISBN-13 : 978-1867420521 Hmotnost produktu : 549 g Rozm\u011bry : 15,24 x 2,03 x 22,86 cm Hodnocen\u00ed z\u00e1kazn\u00edk\u016f: 5,0 5,0 z 5 hv\u011bzdi\u010dek (1)<\/p>","protected":false},"featured_media":93906,"comment_status":"open","ping_status":"closed","template":"","meta":[],"product_cat":[1595,1610],"product_tag":[],"class_list":{"0":"post-93906","1":"product","2":"type-product","3":"status-publish","4":"has-post-thumbnail","6":"product_brand-edicao-ingls","7":"product_cat-livros","8":"product_cat-livros-internacionais","10":"first","11":"instock","12":"shipping-taxable","13":"purchasable","14":"product-type-simple"},"aioseo_notices":[],"_links":{"self":[{"href":"https:\/\/www.ecommerceupdate.com.br\/cs\/wp-json\/wp\/v2\/product\/93906","targetHints":{"allow":["GET"]}}],"collection":[{"href":"https:\/\/www.ecommerceupdate.com.br\/cs\/wp-json\/wp\/v2\/product"}],"about":[{"href":"https:\/\/www.ecommerceupdate.com.br\/cs\/wp-json\/wp\/v2\/types\/product"}],"replies":[{"embeddable":true,"href":"https:\/\/www.ecommerceupdate.com.br\/cs\/wp-json\/wp\/v2\/comments?post=93906"}],"wp:featuredmedia":[{"embeddable":true,"href":"https:\/\/www.ecommerceupdate.com.br\/cs\/wp-json\/wp\/v2\/product\/93906"}],"wp:attachment":[{"href":"https:\/\/www.ecommerceupdate.com.br\/cs\/wp-json\/wp\/v2\/media?parent=93906"}],"wp:term":[{"taxonomy":"product_cat","embeddable":true,"href":"https:\/\/www.ecommerceupdate.com.br\/cs\/wp-json\/wp\/v2\/product_cat?post=93906"},{"taxonomy":"product_tag","embeddable":true,"href":"https:\/\/www.ecommerceupdate.com.br\/cs\/wp-json\/wp\/v2\/product_tag?post=93906"}],"curies":[{"name":"wp","href":"https:\/\/api.w.org\/{rel}","templated":true}]}}