{"id":94354,"date":"2026-03-12T13:40:08","date_gmt":"2026-03-12T16:40:08","guid":{"rendered":"https:\/\/www.ecommerceupdate.com.br\/produto\/e-commerce-conceitos-implementacao-e-gestao\/"},"modified":"2026-03-13T15:57:10","modified_gmt":"2026-03-13T18:57:10","slug":"e-commerce-conceitos-implementacao-e-gestao","status":"publish","type":"product","link":"https:\/\/www.ecommerceupdate.com.br\/cs\/produto\/e-commerce-conceitos-implementacao-e-gestao\/","title":{"rendered":"E-commerce: koncepce, implementace a spr\u00e1va"},"content":{"rendered":"<div class=\"woocommerce-product-details\">\n<h3>Detaily v\u00fdrobku<\/h3>\n<ul>\n<li>Vydavatel: InterSaberes<\/li>\n<li>Datum zve\u0159ejn\u011bn\u00ed : 1. srpna 2016<\/li>\n<li>Vyd\u00e1n\u00ed: 1a<\/li>\n<li>Jazyk: portugal\u0161tina<\/li>\n<li>Po\u010det stran : 310 stran<\/li>\n<li>ISBN-10:8559722084<\/li>\n<li>ISBN-13:978-8559722086<\/li>\n<li>Hmotnost produktu: 350g<\/li>\n<li>V\u011bk \u010dten\u00ed: 12 let a v\u00edce<\/li>\n<li>Rozm\u011bry: 20,8 x 14,2 x 1,6 cm<\/li>\n<li>\u017deb\u0159\u00ed\u010dek nejprod\u00e1van\u011bj\u0161\u00edch knih: \u010d. 157 849 v knih\u00e1ch (seznamte se s 100 nejlep\u0161\u00edmi v kategorii knih) \u010d. 3 428 v managementu a veden\u00ed<\/li>\n<li>3 428 v managementu a veden\u00ed<\/li>\n<li>Hodnocen\u00ed z\u00e1kazn\u00edk\u016f: 4,7 4,7 z 5 hv\u011bzdi\u010dek (34)<\/li>\n<\/ul><\/div>","protected":false},"excerpt":{"rendered":"<p>S urychlen\u00fdm pokrokem informa\u010dn\u00edch a komunika\u010dn\u00edch technologi\u00ed se osvojen\u00ed koncept\u016f, strategi\u00ed a n\u00e1stroj\u016f, kter\u00e9 tvo\u0159\u00ed vesm\u00edr elektronick\u00e9ho obchodu, stalo z\u00e1kladem pro v\u0161echny, kte\u0159\u00ed cht\u011bj\u00ed dos\u00e1hnout \u00fasp\u011bchu v podnikatelsk\u00e9m prost\u0159ed\u00ed P\u0159ij\u010fte se s n\u00e1mi zamyslet nad v\u00fdhodami a v\u00fdzvami, kter\u00e9 se obvykle vyskytuj\u00ed v elektronick\u00e9m obchodu, a l\u00e9pe poznat fungov\u00e1n\u00ed technologi\u00ed zapojen\u00fdch do t\u00e9to \u010dinnosti Na konci tohoto \u010dten\u00ed budete schopni vn\u00edmat aspekty, kter\u00e9 odli\u0161uj\u00ed digit\u00e1ln\u00ed trh od tradi\u010dn\u00edho a m\u016f\u017eete tyto znalosti uplatnit v praxi sv\u00e9 ka\u017edodenn\u00ed pr\u00e1ce.<\/p>","protected":false},"featured_media":94354,"comment_status":"open","ping_status":"closed","template":"","meta":[],"product_cat":[1611,1621,1595],"product_tag":[],"class_list":{"0":"post-94354","1":"product","2":"type-product","3":"status-publish","4":"has-post-thumbnail","6":"product_brand-edicao-portugus-por-nara-stefano-autor-izabel-cristina-zattar-autor","7":"product_cat-administracao-negocios-e-economia","8":"product_cat-gestao-e-lideranca","9":"product_cat-livros","11":"first","12":"instock","13":"sale","14":"shipping-taxable","15":"purchasable","16":"product-type-simple"},"aioseo_notices":[],"_links":{"self":[{"href":"https:\/\/www.ecommerceupdate.com.br\/cs\/wp-json\/wp\/v2\/product\/94354","targetHints":{"allow":["GET"]}}],"collection":[{"href":"https:\/\/www.ecommerceupdate.com.br\/cs\/wp-json\/wp\/v2\/product"}],"about":[{"href":"https:\/\/www.ecommerceupdate.com.br\/cs\/wp-json\/wp\/v2\/types\/product"}],"replies":[{"embeddable":true,"href":"https:\/\/www.ecommerceupdate.com.br\/cs\/wp-json\/wp\/v2\/comments?post=94354"}],"wp:featuredmedia":[{"embeddable":true,"href":"https:\/\/www.ecommerceupdate.com.br\/cs\/wp-json\/wp\/v2\/product\/94354"}],"wp:attachment":[{"href":"https:\/\/www.ecommerceupdate.com.br\/cs\/wp-json\/wp\/v2\/media?parent=94354"}],"wp:term":[{"taxonomy":"product_cat","embeddable":true,"href":"https:\/\/www.ecommerceupdate.com.br\/cs\/wp-json\/wp\/v2\/product_cat?post=94354"},{"taxonomy":"product_tag","embeddable":true,"href":"https:\/\/www.ecommerceupdate.com.br\/cs\/wp-json\/wp\/v2\/product_tag?post=94354"}],"curies":[{"name":"wp","href":"https:\/\/api.w.org\/{rel}","templated":true}]}}