{"id":94361,"date":"2026-03-12T13:41:57","date_gmt":"2026-03-12T16:41:57","guid":{"rendered":"https:\/\/www.ecommerceupdate.com.br\/produto\/amazon-fba-masterclass-navigating-the-e-commerce-revolution\/"},"modified":"2026-03-13T15:57:57","modified_gmt":"2026-03-13T18:57:57","slug":"amazon-fba-masterclass-navigating-the-e-commerce-revolution","status":"publish","type":"product","link":"https:\/\/www.ecommerceupdate.com.br\/cs\/produto\/amazon-fba-masterclass-navigating-the-e-commerce-revolution\/","title":{"rendered":"Amazon FBA Masterclass: Navigace v revoluci elektronick\u00e9ho obchodu"},"content":{"rendered":"<div class=\"woocommerce-product-details\">\n<h3>Detaily v\u00fdrobku<\/h3>\n<ul>\n<li>ASIN: B0CDNMNTJP<\/li>\n<li>Vydavatel: Samostatn\u011b publikov\u00e1no<\/li>\n<li>Datum zve\u0159ejn\u011bn\u00ed: 5. srpna 2023<\/li>\n<li>Jazyk: English<\/li>\n<li>ISBN-13:979-8856122717<\/li>\n<li>Hmotnost produktu: 127g<\/li>\n<li>Rozm\u011bry: 21,59 x 0,18 x 27,94 cm<\/li>\n<li>Hodnocen\u00ed z\u00e1kazn\u00edk\u016f: 3,7 3,7 z 5 hv\u011bzdi\u010dek (4)<\/li>\n<\/ul><\/div>","protected":false},"excerpt":{"rendered":"<p>Amazon FBA Masterclass: Navigace v revoluci elektronick\u00e9ho obchoduJste p\u0159ipraveni odemknout dve\u0159e k finan\u010dn\u00ed svobod\u011b a p\u0159evz\u00edt kontrolu nad sv\u00fdm osudem? V\u00edtejte v Amazon FBA Masterclass, kde v\u00e1s provedeme na transforma\u010dn\u00ed cest\u011b hnac\u00edm sv\u011btem elektronick\u00e9ho obchodu V t\u00e9to obs\u00e1hl\u00e9 a zasv\u011bcen\u00e9 knize dod\u00e1v\u00e1me do hlubin programu Amazon Fulfillment by Amazon (FBA) a vybav\u00edme v\u00e1s znalostmi a odborn\u00fdmi znalostmi, abyste dos\u00e1hli cesty do nadzem\u00ed.<\/p>\n<p><span>P\u0159ijm\u011bte revoluci elektronick\u00e9ho obchodu: Objevte jedine\u010dn\u00fd potenci\u00e1l Amazon FBA, kdy\u017e odhalujeme nekone\u010dn\u00e9 p\u0159\u00edle\u017eitosti, kter\u00e9 nab\u00edz\u00ed jak za\u010d\u00ednaj\u00edc\u00edm podnikatel\u016fm, tak ost\u0159\u00edlen\u00fdm majitel\u016fm firem. Rozlu\u010dte se s tradi\u010dn\u00edmi maloobchodn\u00edmi modely a p\u0159iv\u00edtejte budoucnost online prodeje.<\/span><\/p>\n<p>P\u0159ijm\u011bte revoluci elektronick\u00e9ho obchodu: Objevte jedine\u010dn\u00fd potenci\u00e1l Amazon FBA, kdy\u017e odhalujeme nekone\u010dn\u00e9 p\u0159\u00edle\u017eitosti, kter\u00e9 nab\u00edz\u00ed jak za\u010d\u00ednaj\u00edc\u00edm podnikatel\u016fm, tak ost\u0159\u00edlen\u00fdm majitel\u016fm firem. Rozlu\u010dte se s tradi\u010dn\u00edmi maloobchodn\u00edmi modely a p\u0159iv\u00edtejte budoucnost online prodeje.<\/p>\n<p><span>Vytv\u00e1\u0159en\u00ed neodolateln\u00fdch nab\u00eddek: Nau\u010dte se vytv\u00e1\u0159et zachycuj\u00edc\u00ed seznamy produkt\u016f, kter\u00e9 jsou z\u00e1kazn\u00edky entity, a zvy\u0161te m\u00edru konverze. Objevte um\u011bn\u00ed vizu\u00e1ln\u011b p\u0159ita\u017eliv\u00fdch sn\u00edmk\u016f produkt\u016f, d\u00edky nim\u017e va\u0161e nab\u00eddky vyniknou a zanechaj\u00ed trval\u00fd dojem.<\/span><\/p>\n<p>Vytv\u00e1\u0159en\u00ed neodolateln\u00fdch nab\u00eddek: Nau\u010dte se vytv\u00e1\u0159et zachycuj\u00edc\u00ed seznamy produkt\u016f, kter\u00e9 jsou z\u00e1kazn\u00edky entity, a zvy\u0161te m\u00edru konverze. Objevte um\u011bn\u00ed vizu\u00e1ln\u011b p\u0159ita\u017eliv\u00fdch sn\u00edmk\u016f produkt\u016f, d\u00edky nim\u017e va\u0161e nab\u00eddky vyniknou a zanechaj\u00ed trval\u00fd dojem.<\/p>\n<p><span>S\u00edla brandingu: Pochopen\u00ed v\u00fdznamu brandingu a vytvo\u0159en\u00ed jedine\u010dn\u00e9 identity, kter\u00e1 rezonuje s va\u0161\u00edm c\u00edlov\u00fdm publikem, podporuje loajalitu a d\u016fv\u011bru. Prozkoumejte realitu mimo Amazon, kdy\u017e v\u00e1s provedeme budov\u00e1n\u00edm omnichannel p\u0159\u00edtomnosti.<\/span><\/p>\n<p>S\u00edla brandingu: Pochopen\u00ed v\u00fdznamu brandingu a vytvo\u0159en\u00ed jedine\u010dn\u00e9 identity, kter\u00e1 rezonuje s va\u0161\u00edm c\u00edlov\u00fdm publikem, podporuje loajalitu a d\u016fv\u011bru. Prozkoumejte realitu mimo Amazon, kdy\u017e v\u00e1s provedeme budov\u00e1n\u00edm omnichannel p\u0159\u00edtomnosti.<\/p>\n<p><span>Spu\u0161t\u011bn\u00ed a marketingov\u00e9 strategie: Odhalte tajemstv\u00ed p\u016fsobiv\u00e9ho uveden\u00ed produktu na trh, kter\u00fd generuje rozruch, p\u0159itahuje prvn\u00ed z\u00e1kazn\u00edky a katapultuje v\u00e1\u0161 produkt do bestselleru. Vyu\u017eijte potenci\u00e1l marketingu na soci\u00e1ln\u00edch s\u00edt\u00edch k osloven\u00ed nov\u00e9ho publika a vytvo\u0159en\u00ed prosperuj\u00edc\u00ed online komunity.<\/span><\/p>\n<p>Spu\u0161t\u011bn\u00ed a marketingov\u00e9 strategie: Odhalte tajemstv\u00ed p\u016fsobiv\u00e9ho uveden\u00ed produktu na trh, kter\u00fd generuje rozruch, p\u0159itahuje prvn\u00ed z\u00e1kazn\u00edky a katapultuje v\u00e1\u0161 produkt do bestselleru. Vyu\u017eijte potenci\u00e1l marketingu na soci\u00e1ln\u00edch s\u00edt\u00edch k osloven\u00ed nov\u00e9ho publika a vytvo\u0159en\u00ed prosperuj\u00edc\u00ed online komunity.<\/p>\n<p><span>Dokonalost v oblasti z\u00e1kaznick\u00fdch slu\u017eeb: P\u0159ijm\u011bte my\u0161len\u00ed na prvn\u00edm m\u00edst\u011b z\u00e1kazn\u00edka, pot\u011b\u0161te kupuj\u00edc\u00ed v\u00fdjime\u010dn\u00fdmi slu\u017ebami a zajist\u011bte jejich spokojenost. Z\u00edskejte odbornost ve spr\u00e1v\u011b v\u00fdnos\u016f a \u0159e\u0161en\u00ed negativn\u00ed zp\u011btn\u00e9 vazby.<\/span><\/p>\n<p>Dokonalost v oblasti z\u00e1kaznick\u00fdch slu\u017eeb: P\u0159ijm\u011bte my\u0161len\u00ed na prvn\u00edm m\u00edst\u011b z\u00e1kazn\u00edka, pot\u011b\u0161te kupuj\u00edc\u00ed v\u00fdjime\u010dn\u00fdmi slu\u017ebami a zajist\u011bte jejich spokojenost. Z\u00edskejte odbornost ve spr\u00e1v\u011b v\u00fdnos\u016f a \u0159e\u0161en\u00ed negativn\u00ed zp\u011btn\u00e9 vazby.<\/p>\n<p><span>\u0160k\u00e1lov\u00e1n\u00ed va\u0161eho podnik\u00e1n\u00ed: Pl\u00e1nujte a strategizujte \u0161k\u00e1lovatelnost, roz\u0161i\u0159ujte sv\u00e9 produktov\u00e9 portfolio a dob\u00fdvejte nov\u00e9 trhy. Zjist\u011bte, jak vyu\u017e\u00edt outsourcing a automatizaci k zefektivn\u011bn\u00ed operac\u00ed.<\/span><\/p>\n<p>\u0160k\u00e1lov\u00e1n\u00ed va\u0161eho podnik\u00e1n\u00ed: Pl\u00e1nujte a strategizujte \u0161k\u00e1lovatelnost, roz\u0161i\u0159ujte sv\u00e9 produktov\u00e9 portfolio a dob\u00fdvejte nov\u00e9 trhy. Zjist\u011bte, jak vyu\u017e\u00edt outsourcing a automatizaci k zefektivn\u011bn\u00ed operac\u00ed.<\/p>\n<p><span>Navigace V\u00fdzvy: P\u0159ipravte se na p\u0159ek\u00e1\u017eky, kter\u00e9 p\u0159ich\u00e1zej\u00ed s provozov\u00e1n\u00edm online podnik\u00e1n\u00ed, a nau\u010dte se efektivn\u00ed strategie pro navigaci a dob\u00fdt je.<\/span><\/p>\n<p>Navigace V\u00fdzvy: P\u0159ipravte se na p\u0159ek\u00e1\u017eky, kter\u00e9 p\u0159ich\u00e1zej\u00ed s provozov\u00e1n\u00edm on-line podnik\u00e1n\u00ed, a nau\u010dit se efektivn\u00ed strategie pro navigaci a dob\u00fdt je. P\u0159izp\u016fsobit se posun\u016fm na trhu a m\u011bn\u00edc\u00ed se chov\u00e1n\u00ed spot\u0159ebitel\u016f Z\u00e1v\u011br: Prosp\u00edvat v revoluci elektronick\u00e9ho obchodu Gratulujeme! Jste dokon\u010dili Amazon FBA Masterclass a jsou nyn\u00ed vybaveny znalostmi a n\u00e1stroji \u0159\u00eddit v revoluci elektronick\u00e9ho obchodu.Kl\u00ed\u010d Takeaways:<span>P\u0159ijm\u011bte nekone\u010dn\u00e9 mo\u017enosti, kter\u00e9 FBA nab\u00edz\u00ed, a na\u010drtn\u011bte sv\u016fj kurz k finan\u010dn\u00ed svobod\u011b a trval\u00e9mu \u00fasp\u011bchu.<\/span>P\u0159ijm\u011bte nekone\u010dn\u00e9 mo\u017enosti, kter\u00e9 FBA nab\u00edz\u00ed, a na\u010drtn\u011bte sv\u016fj kurz k finan\u010dn\u00ed svobod\u011b a trval\u00e9mu \u00fasp\u011bchu.<span>Vytvo\u0159te zna\u010dku, kter\u00e1 obstoj\u00ed ve zkou\u0161ce \u010dasu a podporuje loajalitu z\u00e1kazn\u00edk\u016f.<\/span>Vytvo\u0159te zna\u010dku, kter\u00e1 obstoj\u00ed ve zkou\u0161ce \u010dasu a podporuje loajalitu z\u00e1kazn\u00edk\u016f.<span>Vyu\u017eijte s\u00edlu soci\u00e1ln\u00edch m\u00e9di\u00ed a reklamy ke zv\u00fd\u0161en\u00ed prodeje a osloven\u00ed nov\u00e9ho publika.<\/span>Vyu\u017eijte s\u00edlu soci\u00e1ln\u00edch m\u00e9di\u00ed a reklamy ke zv\u00fd\u0161en\u00ed prodeje a osloven\u00ed nov\u00e9ho publika.<span>Up\u0159ednostn\u011bte v\u00fdjime\u010dn\u00fd z\u00e1kaznick\u00fd servis, abyste si vybudovali loaj\u00e1ln\u00ed z\u00e1kaznickou z\u00e1kladnu.<\/span>Up\u0159ednostn\u011bte v\u00fdjime\u010dn\u00fd z\u00e1kaznick\u00fd servis, abyste si vybudovali loaj\u00e1ln\u00ed z\u00e1kaznickou z\u00e1kladnu.<span>Pl\u00e1nujte \u0161k\u00e1lovatelnost a prozkoumejte p\u0159\u00edle\u017eitosti mimo platformu Amazonu.<\/span>Pl\u00e1nujte \u0161k\u00e1lovatelnost a prozkoumejte p\u0159\u00edle\u017eitosti mimo platformu Amazonu.<span>Bu\u010fte p\u0159ipraveni \u010delit v\u00fdzv\u00e1m a p\u0159izp\u016fsobit se dynamick\u00e9mu trhu.<\/span>Bu\u010fte p\u0159ipraveni \u010delit v\u00fdzv\u00e1m a p\u0159izp\u016fsobit se dynamick\u00e9mu trhu Kdy\u017e se vyd\u00e1te na tuto vzru\u0161uj\u00edc\u00ed cestu, pamatujte, \u017ee kl\u00ed\u010d k triumfu nespo\u010d\u00edv\u00e1 jen v zisc\u00edch, ale ve vytvo\u0159en\u00ed zna\u010dky, kter\u00e1 obstoj\u00ed ve zkou\u0161ce \u010dasu. Krajina elektronick\u00e9ho obchodu je neust\u00e1le -vyv\u00edjej\u00edc\u00ed se, ale vyzbrojeni poznatky z t\u00e9to mistrovsk\u00e9 t\u0159\u00eddy m\u00e1te s\u00edlu proch\u00e1zet t\u011bmito zm\u011bnami a prom\u011bnit je v p\u0159\u00edle\u017eitosti k r\u016fstu. Tak vstupte do sv\u011bta a pohyb Amazonie, \u010d\u00edm\u017e se stanete sv\u011btem sv\u011bta a pohyb sv\u011bta, vstupte do sv\u011bta sv\u011bta a sv\u011bta m\u011bs\u00edce.<\/p>","protected":false},"featured_media":94361,"comment_status":"open","ping_status":"closed","template":"","meta":[],"product_cat":[1611,1595,1610],"product_tag":[],"class_list":{"0":"post-94361","1":"product","2":"type-product","3":"status-publish","4":"has-post-thumbnail","6":"product_brand-edicao-ingls-por-benjamin-stone-autor","7":"product_cat-administracao-negocios-e-economia","8":"product_cat-livros","9":"product_cat-livros-internacionais","11":"first","12":"instock","13":"shipping-taxable","14":"purchasable","15":"product-type-simple"},"aioseo_notices":[],"_links":{"self":[{"href":"https:\/\/www.ecommerceupdate.com.br\/cs\/wp-json\/wp\/v2\/product\/94361","targetHints":{"allow":["GET"]}}],"collection":[{"href":"https:\/\/www.ecommerceupdate.com.br\/cs\/wp-json\/wp\/v2\/product"}],"about":[{"href":"https:\/\/www.ecommerceupdate.com.br\/cs\/wp-json\/wp\/v2\/types\/product"}],"replies":[{"embeddable":true,"href":"https:\/\/www.ecommerceupdate.com.br\/cs\/wp-json\/wp\/v2\/comments?post=94361"}],"wp:featuredmedia":[{"embeddable":true,"href":"https:\/\/www.ecommerceupdate.com.br\/cs\/wp-json\/wp\/v2\/product\/94361"}],"wp:attachment":[{"href":"https:\/\/www.ecommerceupdate.com.br\/cs\/wp-json\/wp\/v2\/media?parent=94361"}],"wp:term":[{"taxonomy":"product_cat","embeddable":true,"href":"https:\/\/www.ecommerceupdate.com.br\/cs\/wp-json\/wp\/v2\/product_cat?post=94361"},{"taxonomy":"product_tag","embeddable":true,"href":"https:\/\/www.ecommerceupdate.com.br\/cs\/wp-json\/wp\/v2\/product_tag?post=94361"}],"curies":[{"name":"wp","href":"https:\/\/api.w.org\/{rel}","templated":true}]}}