{"id":94363,"date":"2026-03-12T13:42:26","date_gmt":"2026-03-12T16:42:26","guid":{"rendered":"https:\/\/www.ecommerceupdate.com.br\/produto\/e-commerce-fgv-management\/"},"modified":"2026-03-13T15:58:12","modified_gmt":"2026-03-13T18:58:12","slug":"e-commerce-fgv-management","status":"publish","type":"product","link":"https:\/\/www.ecommerceupdate.com.br\/cs\/produto\/e-commerce-fgv-management\/","title":{"rendered":"E-commerce (FGV Management)"},"content":{"rendered":"<div class=\"woocommerce-product-details\"><\/div>","protected":false},"excerpt":{"rendered":"<p>C\u00edlem t\u00e9to knihy je poskytnout \u010dten\u00e1\u0159i syst\u00e9mov\u00fd pohled na vyu\u017eit\u00ed internetov\u00fdch technologi\u00ed v podnik\u00e1n\u00ed, a to jak v operac\u00edch elektronick\u00e9ho obchodov\u00e1n\u00ed, tak v pou\u017e\u00edv\u00e1n\u00ed internetu, m\u00e9di\u00ed, kter\u00e1 maj\u00ed b\u00fdt prozkoum\u00e1na r\u016fzn\u00fdmi marketingov\u00fdmi akcemi. proto\u017ee je p\u0159edm\u011btem mnoha zm\u011bn, je z\u00e1jmem autor\u016f, v\u00edce ne\u017e p\u0159in\u00e1\u0161et hotov\u00e9 recepty, vyvinout metodiku, aby si \u010dten\u00e1\u0159 mohl nakreslit vlastn\u00ed strategie pro online podnik\u00e1n\u00ed.<\/p>","protected":false},"featured_media":0,"comment_status":"open","ping_status":"closed","template":"","meta":[],"product_cat":[1611,1613,1595],"product_tag":[],"class_list":{"0":"post-94363","1":"product","2":"type-product","3":"status-publish","5":"product_brand-por-eduardo-augusto-de-andrade-autor-andr-antunes-autor-andr-bittencourt-do-valle-autor-andre-kischinevsky-autor-1-mais-formato-ebook-kindle","6":"product_cat-administracao-negocios-e-economia","7":"product_cat-industrias-e-profissoes","8":"product_cat-livros","10":"first","11":"instock","12":"sale","13":"shipping-taxable","14":"purchasable","15":"product-type-simple"},"aioseo_notices":[],"_links":{"self":[{"href":"https:\/\/www.ecommerceupdate.com.br\/cs\/wp-json\/wp\/v2\/product\/94363","targetHints":{"allow":["GET"]}}],"collection":[{"href":"https:\/\/www.ecommerceupdate.com.br\/cs\/wp-json\/wp\/v2\/product"}],"about":[{"href":"https:\/\/www.ecommerceupdate.com.br\/cs\/wp-json\/wp\/v2\/types\/product"}],"replies":[{"embeddable":true,"href":"https:\/\/www.ecommerceupdate.com.br\/cs\/wp-json\/wp\/v2\/comments?post=94363"}],"wp:attachment":[{"href":"https:\/\/www.ecommerceupdate.com.br\/cs\/wp-json\/wp\/v2\/media?parent=94363"}],"wp:term":[{"taxonomy":"product_cat","embeddable":true,"href":"https:\/\/www.ecommerceupdate.com.br\/cs\/wp-json\/wp\/v2\/product_cat?post=94363"},{"taxonomy":"product_tag","embeddable":true,"href":"https:\/\/www.ecommerceupdate.com.br\/cs\/wp-json\/wp\/v2\/product_tag?post=94363"}],"curies":[{"name":"wp","href":"https:\/\/api.w.org\/{rel}","templated":true}]}}