{"id":94371,"date":"2026-03-12T13:46:47","date_gmt":"2026-03-12T16:46:47","guid":{"rendered":"https:\/\/www.ecommerceupdate.com.br\/produto\/manual-do-ecommerce-para-lojas-fisicas\/"},"modified":"2026-03-12T13:46:48","modified_gmt":"2026-03-12T16:46:48","slug":"manual-do-ecommerce-para-lojas-fisicas","status":"publish","type":"product","link":"https:\/\/www.ecommerceupdate.com.br\/cs\/produto\/manual-do-ecommerce-para-lojas-fisicas\/","title":{"rendered":"P\u0159\u00edru\u010dka elektronick\u00e9ho obchodu pro fyzick\u00e9 obchody"},"content":{"rendered":"<div class=\"woocommerce-product-details\">\n<h3>Detaily v\u00fdrobku<\/h3>\n<ul>\n<li>ASIN: B0DNBQV438<\/li>\n<li>P\u0159\u00edstupnost: Dal\u0161\u00ed informace<\/li>\n<li>Datum zve\u0159ejn\u011bn\u00ed: 31. ledna 2025<\/li>\n<li>Vyd\u00e1n\u00ed: 1a<\/li>\n<li>Jazyk: portugal\u0161tina<\/li>\n<li>Velikost souboru: 2.8 MB<\/li>\n<li>\u010cte\u010dka obrazovky: Kompatibiln\u00ed<\/li>\n<li>Konfigurace p\u00edsma: Povoleno<\/li>\n<li>Tipy pro slovn\u00ed z\u00e1sobu: Nen\u00ed povoleno<\/li>\n<li>Po\u010det stran : 154 stran<\/li>\n<li>P\u0159eklopen\u00ed str\u00e1nky: Povoleno<\/li>\n<li>\u017deb\u0159\u00ed\u010dek nejprod\u00e1van\u011bj\u0161\u00edch: \u010d. 390 394 v Kindle Store (seznamte se s Top 100 v kategorii Kindle Store) \u010d. 5 111 v oblasti v\u00fdpo\u010detn\u00ed techniky, internetu a digit\u00e1ln\u00edch m\u00e9di\u00ed \u010d. 14 583 v oblasti obchodu a ekonomiky<\/li>\n<li>5 111 v oblasti v\u00fdpo\u010detn\u00ed techniky, internetu a digit\u00e1ln\u00edch m\u00e9di\u00ed<\/li>\n<li>14 583 v oboru podnik\u00e1n\u00ed a ekonomika<\/li>\n<\/ul><\/div>","protected":false},"excerpt":{"rendered":"<p>P\u0159\u00edru\u010dka elektronick\u00e9ho obchodu pro fyzick\u00e9 obchody<br \/>Autor: Emerson Duarte<\/p>\n<p>\u201c[S nesm\u00edrnou hrdost\u00ed a radost\u00ed p\u0159edstavuji Manu\u00e1l elektronick\u00e9ho obchodu pro fyzick\u00e9 obchody, d\u00edlo napsan\u00e9 skv\u011bl\u00fdm Emersonem Duartem, profesion\u00e1lem, kter\u00e9ho jsem m\u011bl tu \u010dest doprov\u00e1zet na jeho cest\u011b jako student ve \u0161kolen\u00ed konzultant\u016f elektronick\u00e9ho obchodu a pozd\u011bji jako partnersk\u00fd konzultant v n\u00e1ro\u010dn\u00fdch projektech Tento vztah vz\u00e1jemn\u00e9 d\u016fv\u011bry byl vybudov\u00e1n excelenc\u00ed Emersona v ka\u017ed\u00e9m detailu jeho pr\u00e1ce a nyn\u00ed zde sd\u00edl\u00ed trochu t\u011bchto znalost\u00ed, nashrom\u00e1\u017ed\u011bn\u00fdch za roky oddanosti elektronick\u00e9mu obchodu.(electronic commerce)\u201d<br \/>Babi Tonhela konzultantka elektronick\u00e9ho obchodu<\/p>\n<p>Zjist\u011bte, jak prom\u011bnit sv\u016fj fyzick\u00fd obchod v \u00fasp\u011b\u0161nou online operaci s Manu\u00e1lem elektronick\u00e9ho obchodu pro fyzick\u00e9 obchody. Tato kniha je poradenskou slu\u017ebou ve form\u00e1tu pro \u010dten\u00ed, kter\u00e1 je pln\u00e1 praktick\u00fdch strategi\u00ed a podrobn\u00fdch pokyn\u016f, kter\u00e9 maloobchodn\u00edk\u016fm pomohou roz\u0161\u00ed\u0159it jejich podnik\u00e1n\u00ed do digit\u00e1ln\u00edho sv\u011bta, ani\u017e by zanedb\u00e1vali to, \u010d\u00edm jsou jejich obchody jedine\u010dn\u00e9.<\/p>\n<p>Emerson Duarte, \u010derpaj\u00edc\u00ed z let zku\u0161enost\u00ed konzultanta elektronick\u00e9ho obchodu, sd\u00edl\u00ed cenn\u00e9 poznatky o tom, jak strukturovat operace, identifikovat p\u0159\u00edle\u017eitosti na trhu a maximalizovat prodej. Manu\u00e1l pokr\u00fdv\u00e1 kl\u00ed\u010dov\u00e1 t\u00e9mata jako:<span>Volba a integrace platforem elektronick\u00e9ho obchodu a ERP.<\/span>Volba a integrace platforem elektronick\u00e9ho obchodu a ERP.<span>Digit\u00e1ln\u00ed marketingov\u00e9 strategie a vytv\u00e1\u0159en\u00ed online komunit.<\/span>Digit\u00e1ln\u00ed marketingov\u00e9 strategie a vytv\u00e1\u0159en\u00ed online komunit.<span>Optimalizace produktov\u00e9ho mixu a cenotvorby.<\/span>Optimalizace produktov\u00e9ho mixu a cenotvorby.<span>Logistick\u00e9 operace a z\u00e1kaznick\u00fd servis.<\/span>Logistick\u00e9 operace a z\u00e1kaznick\u00fd servis.<span>Adaptace na nov\u00e9 n\u00e1kupn\u00ed chov\u00e1n\u00ed spot\u0159ebitel\u016f a nov\u00e9 technologie.<\/span>P\u0159izp\u016fsoben\u00ed se nov\u00e9mu chov\u00e1n\u00ed spot\u0159ebitel\u016f p\u0159i nakupov\u00e1n\u00ed a nov\u00fdm technologi\u00edm Tato p\u0159\u00edru\u010dka nab\u00edz\u00ed nepostradateln\u00e9 n\u00e1stroje pro dosa\u017een\u00ed pozitivn\u00edch v\u00fdsledk\u016f na digit\u00e1ln\u00edm trhu. Sou\u010d\u00e1st\u00ed obsahu jsou tak\u00e9 p\u0159\u00edpadov\u00e9 studie, kontroln\u00ed seznamy a cenn\u00e9 tipy, kter\u00e9 p\u0159em\u011bn\u00ed \u010dten\u00ed na praktick\u00fd a poutav\u00fd z\u00e1\u017eitek.<\/p>\n<p>A\u0165 u\u017e jste za\u010d\u00e1te\u010dn\u00edk v elektronick\u00e9m obchodov\u00e1n\u00ed nebo zku\u0161en\u00fd podnikatel, kter\u00fd hled\u00e1 r\u016fst, tato kniha je v\u00fdchoz\u00edm bodem pro dosa\u017een\u00ed dal\u0161\u00ed \u00farovn\u011b ve va\u0161em online prodeji.<\/p>\n<p>P\u0159ipravte se na kl\u00ed\u010dov\u00fd obrat ve va\u0161em podnik\u00e1n\u00ed a dob\u00fdvejte nov\u00e9 obzory v digit\u00e1ln\u00edm maloobchod\u011b.<\/p>\n<p>Z\u00edskejte to hned a za\u010dn\u011bte transformovat sv\u00e9 podnik\u00e1n\u00ed!<\/p>","protected":false},"featured_media":94371,"comment_status":"open","ping_status":"closed","template":"","meta":[],"product_cat":[1611,1608,1607],"product_tag":[],"class_list":{"0":"post-94371","1":"product","2":"type-product","3":"status-publish","4":"has-post-thumbnail","6":"product_brand-por-emerson-duarte-autor-formato-ebook-kindle","7":"product_cat-administracao-negocios-e-economia","8":"product_cat-ebooks-kindle","9":"product_cat-loja-kindle","11":"first","12":"instock","13":"shipping-taxable","14":"purchasable","15":"product-type-simple"},"aioseo_notices":[],"_links":{"self":[{"href":"https:\/\/www.ecommerceupdate.com.br\/cs\/wp-json\/wp\/v2\/product\/94371","targetHints":{"allow":["GET"]}}],"collection":[{"href":"https:\/\/www.ecommerceupdate.com.br\/cs\/wp-json\/wp\/v2\/product"}],"about":[{"href":"https:\/\/www.ecommerceupdate.com.br\/cs\/wp-json\/wp\/v2\/types\/product"}],"replies":[{"embeddable":true,"href":"https:\/\/www.ecommerceupdate.com.br\/cs\/wp-json\/wp\/v2\/comments?post=94371"}],"wp:featuredmedia":[{"embeddable":true,"href":"https:\/\/www.ecommerceupdate.com.br\/cs\/wp-json\/wp\/v2\/product\/94371"}],"wp:attachment":[{"href":"https:\/\/www.ecommerceupdate.com.br\/cs\/wp-json\/wp\/v2\/media?parent=94371"}],"wp:term":[{"taxonomy":"product_cat","embeddable":true,"href":"https:\/\/www.ecommerceupdate.com.br\/cs\/wp-json\/wp\/v2\/product_cat?post=94371"},{"taxonomy":"product_tag","embeddable":true,"href":"https:\/\/www.ecommerceupdate.com.br\/cs\/wp-json\/wp\/v2\/product_tag?post=94371"}],"curies":[{"name":"wp","href":"https:\/\/api.w.org\/{rel}","templated":true}]}}