{"id":93226,"date":"2026-03-01T09:32:33","date_gmt":"2026-03-01T12:32:33","guid":{"rendered":"https:\/\/www.ecommerceupdate.com.br\/produto\/e-commerce-sem-enrolacao-um-guia-completo-e-direto-ao-ponto-para-quem-quer-vender-online-com-estrategia\/"},"modified":"2026-03-13T15:27:27","modified_gmt":"2026-03-13T18:27:27","slug":"e-commerce-sem-enrolacao-um-guia-completo-e-direto-ao-ponto-para-quem-quer-vender-online-com-estrategia","status":"publish","type":"product","link":"https:\/\/www.ecommerceupdate.com.br\/da\/produto\/e-commerce-sem-enrolacao-um-guia-completo-e-direto-ao-ponto-para-quem-quer-vender-online-com-estrategia\/","title":{"rendered":"E-HANDEL UDEN AT RULLE: EN KOMPLET OG LIGE TIL PUNKT GUIDE FOR DEM, DER \u00d8NSKER AT S\u00c6LGE ONLINE MED STRATEGI"},"content":{"rendered":"<div class=\"woocommerce-product-details\">\n<h3>Produktdetal<\/h3>\n<ul>\n<li>ASIN: B0DVHPGXX7<\/li>\n<li>Tilg\u00e6ngelighed: L\u00e6r mere<\/li>\n<li>Dato for offentligg\u00f8relse: 23 September 2025<\/li>\n<li>Sprog: portugisisk<\/li>\n<li>Filst\u00f8rrelse: 6.0 MB<\/li>\n<li>Sk\u00e6rml\u00e6ser: Kompatibel<\/li>\n<li>Skrifttypekonfiguration: Aktiveret<\/li>\n<li>Ordforr\u00e5d Tips: Ikke aktiveret<\/li>\n<li>Antal sider: 183 sider<\/li>\n<li>Sidevending: Aktiveret<\/li>\n<li>Top Sellers ranking: No 244,914 in Kindle Store (Meet the Top 100 in Kindle Store category) No 4,351 in Personal Transformation eBooks No 5,406 in Personal Transformation No 9,131 in Business &amp; Economics<\/li>\n<li>4.351 i Personlig transformation e-b\u00f8ger<\/li>\n<li>5.406 i Personlig Omdannelse<\/li>\n<li>9.131 i Erhverv og \u00d8konomi<\/li>\n<li>Kundeanmeldelser: 5.0 5.0 ud af 5 stjerner (4)<\/li>\n<\/ul><\/div>","protected":false},"excerpt":{"rendered":"<p>\u201cE-handel uden tilmelding\u201d er en praktisk og direkte til punktet guide for dem, der \u00f8nsker at oprette, styre og udvide en vellykket online-forretning. Skrevet i et klart sprog, bogen viser de m\u00e5der at skabe en virtuel butik, tiltr\u00e6kke kunder og generere konsekvent salg, uden at stole p\u00e5 tomme l\u00f8fter eller komplicerede formler.Over kapitlerne, vil l\u00e6seren l\u00e6re:Hvordan man starter i e-handel med lav investering.Digitale marketing teknikker, der virkelig arbejder for at s\u00e6lge mere.Princification strategier, logistik og kundeservice.V\u00e6sentlige v\u00e6rkt\u00f8jer til at forenkle processer og f\u00e5 produktivitet.Tips til at skabe en st\u00e6rk positionering i online-markedet.Mere end en virksomhed gjort er en forretningsorienteret virksomhed, det er en praktisk forretningsorienteret tilgang og forretningsorienteret, det er en praktisk forretningsorienteret, det er ogs\u00e5 en forretningsorienteret, det er en praktisk forretningsorienteret, og en praktisk forretningsorienteret, det er en forretningsorienteret, det er en forretningsorienteret, det er en forretningsorienteret, en forretningsorienteret, en forretningsorienteret, det er en praktisk forretningsorienteret, en praktisk forretningsorienteret, en forretningsorienteret, en forretningsorienteret tilgang.<\/p>","protected":false},"featured_media":93226,"comment_status":"open","ping_status":"closed","template":"","meta":[],"product_cat":[1627,1608,1607],"product_tag":[],"class_list":{"0":"post-93226","1":"product","2":"type-product","3":"status-publish","4":"has-post-thumbnail","6":"product_brand-por-alberto-vasconcelos-autor-paulo-miranda-autor-formato-ebook-kindle","7":"product_cat-autoajuda","8":"product_cat-ebooks-kindle","9":"product_cat-loja-kindle","11":"first","12":"instock","13":"shipping-taxable","14":"purchasable","15":"product-type-simple"},"aioseo_notices":[],"_links":{"self":[{"href":"https:\/\/www.ecommerceupdate.com.br\/da\/wp-json\/wp\/v2\/product\/93226","targetHints":{"allow":["GET"]}}],"collection":[{"href":"https:\/\/www.ecommerceupdate.com.br\/da\/wp-json\/wp\/v2\/product"}],"about":[{"href":"https:\/\/www.ecommerceupdate.com.br\/da\/wp-json\/wp\/v2\/types\/product"}],"replies":[{"embeddable":true,"href":"https:\/\/www.ecommerceupdate.com.br\/da\/wp-json\/wp\/v2\/comments?post=93226"}],"wp:featuredmedia":[{"embeddable":true,"href":"https:\/\/www.ecommerceupdate.com.br\/da\/wp-json\/wp\/v2\/product\/93226"}],"wp:attachment":[{"href":"https:\/\/www.ecommerceupdate.com.br\/da\/wp-json\/wp\/v2\/media?parent=93226"}],"wp:term":[{"taxonomy":"product_cat","embeddable":true,"href":"https:\/\/www.ecommerceupdate.com.br\/da\/wp-json\/wp\/v2\/product_cat?post=93226"},{"taxonomy":"product_tag","embeddable":true,"href":"https:\/\/www.ecommerceupdate.com.br\/da\/wp-json\/wp\/v2\/product_tag?post=93226"}],"curies":[{"name":"wp","href":"https:\/\/api.w.org\/{rel}","templated":true}]}}