{"id":93229,"date":"2026-03-01T09:32:53","date_gmt":"2026-03-01T12:32:53","guid":{"rendered":"https:\/\/www.ecommerceupdate.com.br\/produto\/empreendendo-no-e-commerce\/"},"modified":"2026-03-13T15:27:54","modified_gmt":"2026-03-13T18:27:54","slug":"empreendendo-no-e-commerce","status":"publish","type":"product","link":"https:\/\/www.ecommerceupdate.com.br\/da\/produto\/empreendendo-no-e-commerce\/","title":{"rendered":"Virksomhed inden for e-handel"},"content":{"rendered":"<div class=\"woocommerce-product-details\">\n<h3>Produktdetal<\/h3>\n<ul>\n<li>ASIN: B0F92B2HMQ<\/li>\n<li>Udgiver: Ariane Vianna<\/li>\n<li>Tilg\u00e6ngelighed: L\u00e6r mere<\/li>\n<li>Dato for offentligg\u00f8relse: 17 May 2025<\/li>\n<li>Sprog: portugisisk<\/li>\n<li>Filst\u00f8rrelse: 326 KB<\/li>\n<li>Sk\u00e6rml\u00e6ser: Kompatibel<\/li>\n<li>Skrifttypekonfiguration: Aktiveret<\/li>\n<li>Ordforr\u00e5d Tips: Ikke aktiveret<\/li>\n<li>Antal sider: 44 sider<\/li>\n<li>ISBN-13:978-6501462141<\/li>\n<li>Sidevending: Aktiveret<\/li>\n<li>L\u00e6sealder: 12 18 \u00e5r<\/li>\n<li>Top Sellers Ranking: No 203,063 in Kindle Store (Meet the Top 100 in Kindle Store category) No 23 in Kindle Standard Dictionaries No 100 in eBooks on Dailies No 544 in Time Management<\/li>\n<li>23 I Kindle Standard Ordb\u00f8ger<\/li>\n<li>100 I e-b\u00f8ger om dagbog<\/li>\n<li>544 I Tidsstyring<\/li>\n<li>Kundeanmeldelser: 5.0 5.0 ud af 5 stjerner (11)<\/li>\n<\/ul><\/div>","protected":false},"excerpt":{"rendered":"<p>En praktisk, menneskelig og inspirerende guide til dem, der \u00f8nsker at skabe en online-forretning selv uden experience.In denne bog, Ariane Vianna deler hendes virkelige bane med direkte tips, praktiske \u00f8velser og tilg\u00e6ngelige strategier til at starte fra bunden, s\u00e6lge med form\u00e5l og skalere din e-handel bevidst 'alt dette forene personlige liv, b\u00f8rn og dreams.You vil l\u00e6re at v\u00e6lge produkter, oprette din butik, pris korrekt, tiltr\u00e6kke dine f\u00f8rste kunder, organisere din rutine og holde motivation selv p\u00e5 vanskelige days.It er den ideelle manual for dem, der \u00f8nsker at p\u00e5tage sig med sj\u00e6l og action.Indikeret til kvindelige iv\u00e6rks\u00e6ttere, m\u00f8dre, der \u00f8nsker at \u00f8konomisk uafh\u00e6ngighed og alle, der \u00f8nsker at vende sig til fulfilment.You beh\u00f8ver ikke at starte.<\/p>","protected":false},"featured_media":93229,"comment_status":"open","ping_status":"closed","template":"","meta":[],"product_cat":[1627,1608,1607],"product_tag":[],"class_list":{"0":"post-93229","1":"product","2":"type-product","3":"status-publish","4":"has-post-thumbnail","6":"product_brand-por-ariane-vianna-autor-formato-ebook-kindle","7":"product_cat-autoajuda","8":"product_cat-ebooks-kindle","9":"product_cat-loja-kindle","11":"first","12":"instock","13":"shipping-taxable","14":"purchasable","15":"product-type-simple"},"aioseo_notices":[],"_links":{"self":[{"href":"https:\/\/www.ecommerceupdate.com.br\/da\/wp-json\/wp\/v2\/product\/93229","targetHints":{"allow":["GET"]}}],"collection":[{"href":"https:\/\/www.ecommerceupdate.com.br\/da\/wp-json\/wp\/v2\/product"}],"about":[{"href":"https:\/\/www.ecommerceupdate.com.br\/da\/wp-json\/wp\/v2\/types\/product"}],"replies":[{"embeddable":true,"href":"https:\/\/www.ecommerceupdate.com.br\/da\/wp-json\/wp\/v2\/comments?post=93229"}],"wp:featuredmedia":[{"embeddable":true,"href":"https:\/\/www.ecommerceupdate.com.br\/da\/wp-json\/wp\/v2\/product\/93229"}],"wp:attachment":[{"href":"https:\/\/www.ecommerceupdate.com.br\/da\/wp-json\/wp\/v2\/media?parent=93229"}],"wp:term":[{"taxonomy":"product_cat","embeddable":true,"href":"https:\/\/www.ecommerceupdate.com.br\/da\/wp-json\/wp\/v2\/product_cat?post=93229"},{"taxonomy":"product_tag","embeddable":true,"href":"https:\/\/www.ecommerceupdate.com.br\/da\/wp-json\/wp\/v2\/product_tag?post=93229"}],"curies":[{"name":"wp","href":"https:\/\/api.w.org\/{rel}","templated":true}]}}