{"id":93372,"date":"2026-03-03T23:00:48","date_gmt":"2026-03-04T02:00:48","guid":{"rendered":"https:\/\/www.ecommerceupdate.com.br\/produto\/marketplace-teoria-e-pratica-2\/"},"modified":"2026-03-13T15:28:34","modified_gmt":"2026-03-13T18:28:34","slug":"marketplace-teoria-e-pratica-2","status":"publish","type":"product","link":"https:\/\/www.ecommerceupdate.com.br\/da\/produto\/marketplace-teoria-e-pratica-2\/","title":{"rendered":"Markedsplads: Teori og praksis"},"content":{"rendered":"<div class=\"woocommerce-product-details\">\n<h3>Produktdetal<\/h3>\n<ul>\n<li>ASIN: B0BY5DPNLS<\/li>\n<li>Udgiver: Alexandre Villar\/Soul Publisher<\/li>\n<li>Tilg\u00e6ngelighed: L\u00e6r mere<\/li>\n<li>Dato for offentligg\u00f8relse: 10 March 2023<\/li>\n<li>Udgave: 2<\/li>\n<li>Sprog: portugisisk<\/li>\n<li>Filst\u00f8rrelse: 2.1 MB<\/li>\n<li>Sk\u00e6rml\u00e6ser: Kompatibel<\/li>\n<li>Skrifttypekonfiguration: Aktiveret<\/li>\n<li>Ordforr\u00e5d Tips: Ikke aktiveret<\/li>\n<li>Antal sider: 282 sider<\/li>\n<li>ISBN-13:978-6586178906<\/li>\n<li>Sidevending: Aktiveret<\/li>\n<li>L\u00e6sealder: 13 18 \u00e5r<\/li>\n<li>Top Sellers Ranking: Nr. 278.659 i Kindle Store (M\u00f8d Top 100 i Kindle Store-kategorien) Nr. 124 i Kundeservice Nr. 294 i Web Marketing nr. 1.720 i Marketing &amp; Sales<\/li>\n<li>124 I Kundeservice<\/li>\n<li>294 I Web Marketing<\/li>\n<li>1.720 i Marketing og Salg<\/li>\n<\/ul><\/div>","protected":false},"excerpt":{"rendered":"<p>Stillet over for en verden fuld af innovationer og et detailmarked, der s\u00f8ger nye retninger for sit salg, er salg p\u00e5 markedsplads blevet en meget interessant vej for tusindvis af virksomheder. At udnytte den synlighed, som store portaler har for kundeerhvervelse, har det sine udnyttelser og risici at komme ind p\u00e5 dette innovative marked. At forst\u00e5 om hver eneste detalje p\u00e5 markedet og dets vanskeligheder vil g\u00f8re dit job meget lettere. I denne bog kan du finde l\u00f8sningen for flere af dem og blive en succesfuld iv\u00e6rks\u00e6tter.<\/p>","protected":false},"featured_media":0,"comment_status":"open","ping_status":"closed","template":"","meta":[],"product_cat":[1611,1613,1595],"product_tag":[],"class_list":{"0":"post-93372","1":"product","2":"type-product","3":"status-publish","5":"product_brand-por-alexandre-villar-autor-formato-ebook-kindle","6":"product_cat-administracao-negocios-e-economia","7":"product_cat-industrias-e-profissoes","8":"product_cat-livros","10":"first","11":"instock","12":"shipping-taxable","13":"purchasable","14":"product-type-simple"},"aioseo_notices":[],"_links":{"self":[{"href":"https:\/\/www.ecommerceupdate.com.br\/da\/wp-json\/wp\/v2\/product\/93372","targetHints":{"allow":["GET"]}}],"collection":[{"href":"https:\/\/www.ecommerceupdate.com.br\/da\/wp-json\/wp\/v2\/product"}],"about":[{"href":"https:\/\/www.ecommerceupdate.com.br\/da\/wp-json\/wp\/v2\/types\/product"}],"replies":[{"embeddable":true,"href":"https:\/\/www.ecommerceupdate.com.br\/da\/wp-json\/wp\/v2\/comments?post=93372"}],"wp:attachment":[{"href":"https:\/\/www.ecommerceupdate.com.br\/da\/wp-json\/wp\/v2\/media?parent=93372"}],"wp:term":[{"taxonomy":"product_cat","embeddable":true,"href":"https:\/\/www.ecommerceupdate.com.br\/da\/wp-json\/wp\/v2\/product_cat?post=93372"},{"taxonomy":"product_tag","embeddable":true,"href":"https:\/\/www.ecommerceupdate.com.br\/da\/wp-json\/wp\/v2\/product_tag?post=93372"}],"curies":[{"name":"wp","href":"https:\/\/api.w.org\/{rel}","templated":true}]}}