{"id":93415,"date":"2026-03-04T08:48:13","date_gmt":"2026-03-04T11:48:13","guid":{"rendered":"https:\/\/www.ecommerceupdate.com.br\/produto\/mastering-facebook-marketplace-introduction-to-facebook-marketplace-english-edition\/"},"modified":"2026-03-13T15:31:06","modified_gmt":"2026-03-13T18:31:06","slug":"mastering-facebook-marketplace-introduction-to-facebook-marketplace-english-edition","status":"publish","type":"product","link":"https:\/\/www.ecommerceupdate.com.br\/da\/produto\/mastering-facebook-marketplace-introduction-to-facebook-marketplace-english-edition\/","title":{"rendered":"Mastering Facebook Marketplace: Introduktion til Facebook Marketplace (engelsk udgave)"},"content":{"rendered":"<div class=\"woocommerce-product-details\">\n<h3>Produktdetal<\/h3>\n<ul>\n<li>ASIN: B0DSTGBBWG<\/li>\n<li>Udgiver: Nfynia Publishing<\/li>\n<li>Tilg\u00e6ngelighed: L\u00e6r mere<\/li>\n<li>Dato for offentligg\u00f8relse: 11 January 2025<\/li>\n<li>Sprog: English<\/li>\n<li>Filst\u00f8rrelse: 1.3 MB<\/li>\n<li>Sk\u00e6rml\u00e6ser: Kompatibel<\/li>\n<li>Skrifttypekonfiguration: Aktiveret<\/li>\n<li>X-Ray: Ikke aktiveret<\/li>\n<li>Ordforr\u00e5dstips: Aktiveret<\/li>\n<li>Antal sider: 269 sider<\/li>\n<li>Sidevending: Aktiveret<\/li>\n<li>Bog 1 af 1: Mastering Facebook Marketplace<\/li>\n<\/ul><\/div>","protected":false},"excerpt":{"rendered":"<p>Mastering Facebook Marketplace: Introduktion til Facebook MarketplaceL\u00e5s op for kraften i Facebook Marketplace: Din guide til at k\u00f8be, s\u00e6lge og trives i verdens st\u00f8rste sociale markedspladsEr du klar til at udnytte det store potentiale i Facebook Marketplace?Uanset om du er til at afvise dit hjem, finde utrolige tilbud eller opbygge en rentabel online forretning, Mastering Facebook ultimative guide til succes.Skrevet af Valuta for at drage fordel af processen, og dermed blive et samarbejdende skridt<span class=\"a-text-bold\">Opret uimodst\u00e5elige lister:<\/span><span> L\u00e6r hemmelighederne bag at lave lister af h\u00f8j kvalitet med at tage billeder, overbevisende beskrivelser og strategiske priser, der tiltr\u00e6kker k\u00f8bere og driver salget.<\/span>Opret uimodst\u00e5elige lister: L\u00e6r hemmelighederne bag at lave lister af h\u00f8j kvalitet med optagelse af billeder, overbevisende beskrivelser og strategiske priser, der tiltr\u00e6kker k\u00f8bere og driver salget.<span class=\"a-text-bold\">Master of Art of Search:<\/span><span> Oplev avancerede s\u00f8geteknikker og filtreringsstrategier for at finde pr\u00e6cis det, du leder efter, s\u00e5 du sparer tid og kr\u00e6fter.<\/span>Mestre kunsten at s\u00f8ge: Opdag avancerede s\u00f8geteknikker og filtreringsstrategier for at finde pr\u00e6cis det, du leder efter, s\u00e5 du sparer tid og kr\u00e6fter.<span class=\"a-text-bold\">Kommuniker som en professionel:<\/span><span> Udvikle effektive kommunikationsevner til at interagere med k\u00f8bere og s\u00e6lgere, forhandle aftaler og opbygge et positivt omd\u00f8mme.<\/span>Kommuniker som en professionel: Udvikl effektive kommunikationsevner til at interagere med k\u00f8bere og s\u00e6lgere, forhandle aftaler og opbygge et positivt omd\u00f8mme.<span class=\"a-text-bold\">Afkod algoritmen:<\/span><span> Forst\u00e5 den indre funktion af Facebook Marketplaces algoritmer og optimer dine aktiviteter for at maksimere synlighed og r\u00e6kkevidde.<\/span>Afkod algoritmen: Forst\u00e5 den indre funktion af Facebook Marketplaces algoritmer og optimer dine aktiviteter for at maksimere synlighed og r\u00e6kkevidde.<span class=\"a-text-bold\">Udnyt gruppernes magt<\/span><span> Tryk ind i m\u00e5lrettede f\u00e6llesskaber for at udvide din r\u00e6kkevidde, f\u00e5 kontakt til potentielle kunder og opbygge dit brand.<\/span>Udnyt kraften i grupper: Tryk ind i m\u00e5lrettede f\u00e6llesskaber for at udvide din r\u00e6kkevidde, f\u00e5 kontakt til potentielle kunder og opbygge dit brand.<span class=\"a-text-bold\">Forbliv sikker og sikker:<\/span><span> Bev\u00e6bn dig selv med viden til at identificere og undg\u00e5 almindelige svindelnumre, beskytte dine personlige oplysninger og handle med tillid.<\/span>Forbliv sikker og sikker: Bev\u00e6bn dig selv med viden til at identificere og undg\u00e5 almindelige svindelnumre, beskytte dine personlige oplysninger og handle med tillid.<span class=\"a-text-bold\">L\u00e5s op for hemmelighederne ved Marketplace Insights:<\/span><span> L\u00e6r, hvordan du bruger data og analyser til at spore din pr\u00e6station, forfine dine strategier og tr\u00e6ffe informerede beslutninger.<\/span>L\u00e5s op for hemmelighederne ved markedspladsindsigt: L\u00e6r, hvordan du bruger data og analyser til at spore din pr\u00e6station, forfine dine strategier og tr\u00e6ffe informerede beslutninger.<span class=\"a-text-bold\">Supercharge Dit Salg med Facebook Annoncer<\/span><span> Udforsk potentialet i betalt annoncering for at promovere dine fortegnelser og n\u00e5 ud til et bredere publikum.<\/span>Supercharge Your Sales with Facebook Ads: Udforsk potentialet i betalt reklame for at fremme dine fortegnelser og n\u00e5 ud til et bredere publikum.Mastering Facebook Marketplace er mere end blot en guide; det er din n\u00f8gle til at l\u00e5se op for en verden af muligheder. Pakket med handlingsrettede tips, eksempler fra den virkelige verden, og inde hemmeligheder, vil denne bog forvandle dig fra en afslappet bruger til en Marketplace power player.Don' med bare bruge Facebook Marketplace Facebook Marketplace, mestre det og kopiere din online<\/p>","protected":false},"featured_media":93415,"comment_status":"open","ping_status":"closed","template":"","meta":[],"product_cat":[1653,1595,1610],"product_tag":[],"class_list":{"0":"post-93415","1":"product","2":"type-product","3":"status-publish","4":"has-post-thumbnail","6":"product_brand-edicao-ingls-por-valentin-vishnyakov-autor-formato-ebook-kindle","7":"product_cat-educacao-referencia-e-didaticos","8":"product_cat-livros","9":"product_cat-livros-internacionais","11":"first","12":"instock","13":"shipping-taxable","14":"purchasable","15":"product-type-simple"},"aioseo_notices":[],"_links":{"self":[{"href":"https:\/\/www.ecommerceupdate.com.br\/da\/wp-json\/wp\/v2\/product\/93415","targetHints":{"allow":["GET"]}}],"collection":[{"href":"https:\/\/www.ecommerceupdate.com.br\/da\/wp-json\/wp\/v2\/product"}],"about":[{"href":"https:\/\/www.ecommerceupdate.com.br\/da\/wp-json\/wp\/v2\/types\/product"}],"replies":[{"embeddable":true,"href":"https:\/\/www.ecommerceupdate.com.br\/da\/wp-json\/wp\/v2\/comments?post=93415"}],"wp:featuredmedia":[{"embeddable":true,"href":"https:\/\/www.ecommerceupdate.com.br\/da\/wp-json\/wp\/v2\/product\/93415"}],"wp:attachment":[{"href":"https:\/\/www.ecommerceupdate.com.br\/da\/wp-json\/wp\/v2\/media?parent=93415"}],"wp:term":[{"taxonomy":"product_cat","embeddable":true,"href":"https:\/\/www.ecommerceupdate.com.br\/da\/wp-json\/wp\/v2\/product_cat?post=93415"},{"taxonomy":"product_tag","embeddable":true,"href":"https:\/\/www.ecommerceupdate.com.br\/da\/wp-json\/wp\/v2\/product_tag?post=93415"}],"curies":[{"name":"wp","href":"https:\/\/api.w.org\/{rel}","templated":true}]}}