{"id":93426,"date":"2026-03-04T08:54:09","date_gmt":"2026-03-04T11:54:09","guid":{"rendered":"https:\/\/www.ecommerceupdate.com.br\/produto\/bora-vender-a-melhor-estrategia-e-atitude\/"},"modified":"2026-03-13T15:32:26","modified_gmt":"2026-03-13T18:32:26","slug":"bora-vender-a-melhor-estrategia-e-atitude","status":"publish","type":"product","link":"https:\/\/www.ecommerceupdate.com.br\/da\/produto\/bora-vender-a-melhor-estrategia-e-atitude\/","title":{"rendered":"Bora sell: Den bedste strategi er attitude"},"content":{"rendered":"<div class=\"woocommerce-product-details\">\n<h3>Produktdetal<\/h3>\n<ul>\n<li>Udgiver: Mennesker<\/li>\n<li>Dato for offentligg\u00f8relse: 1 June 2019<\/li>\n<li>Udgave: 1<\/li>\n<li>Sprog: portugisisk<\/li>\n<li>Antal sider: 224 sider<\/li>\n<li>ISBN-10:8545203217<\/li>\n<li>ISBN-13:978-8545203216<\/li>\n<li>Produktv\u00e6gt: 20g<\/li>\n<li>M\u00e5l: 22,8 x 15,6 x 1,4 cm<\/li>\n<li>Tops\u00e6lgere Rangering: Nr. 8.384 i B\u00f8ger (M\u00f8d top 100 i kategorien B\u00f8ger) Nr. 514 i Erhverv, Erhverv og \u00f8konomi (B\u00f8ger)<\/li>\n<li>514 I Erhverv, Erhverv og \u00d8konomi (B\u00f8ger)<\/li>\n<li>Kundeanmeldelser: 4,6 4,6 ud af 5 stjerner (1.868)<\/li>\n<\/ul><\/div>","protected":false},"excerpt":{"rendered":"<p>Du ved m\u00e5ske ikke, hvordan du s\u00e6lger eller endda ikke finde dig selv en s\u00e6lger. Men p\u00e5 et tidspunkt, du var engang en. Salg er ikke l\u00e6ngere udveksling af produkter eller tjenester for penge og er blevet fortryllelse, pr\u00e6station, loyalitet og tilpasning af interesser. Mere v\u00e6rdifuldt end at have lager er at skabe et brand og v\u00e6re l\u00f8sningsprotokollen for din m\u00e5lgruppe.Hvordan man g\u00f8r dette? Alfredo Soares, administrerende partner for den st\u00f8rste e-handelsplatform i Latinamerika, viser os, at mere end at vente p\u00e5 \u00f8jeblikket, investering eller ideelle v\u00e6rkt\u00f8jer, er det n\u00f8dvendigt at udf\u00f8re, lave fejl, l\u00e6re og lave om hurtigt for at v\u00e6re innovative<\/p>","protected":false},"featured_media":93426,"comment_status":"open","ping_status":"closed","template":"","meta":[],"product_cat":[1611,1595],"product_tag":[],"class_list":{"0":"post-93426","1":"product","2":"type-product","3":"status-publish","4":"has-post-thumbnail","6":"product_brand-edicao-portugus-por-alfredo-soares-autor","7":"product_cat-administracao-negocios-e-economia","8":"product_cat-livros","10":"first","11":"instock","12":"sale","13":"shipping-taxable","14":"purchasable","15":"product-type-simple"},"aioseo_notices":[],"_links":{"self":[{"href":"https:\/\/www.ecommerceupdate.com.br\/da\/wp-json\/wp\/v2\/product\/93426","targetHints":{"allow":["GET"]}}],"collection":[{"href":"https:\/\/www.ecommerceupdate.com.br\/da\/wp-json\/wp\/v2\/product"}],"about":[{"href":"https:\/\/www.ecommerceupdate.com.br\/da\/wp-json\/wp\/v2\/types\/product"}],"replies":[{"embeddable":true,"href":"https:\/\/www.ecommerceupdate.com.br\/da\/wp-json\/wp\/v2\/comments?post=93426"}],"wp:featuredmedia":[{"embeddable":true,"href":"https:\/\/www.ecommerceupdate.com.br\/da\/wp-json\/wp\/v2\/product\/93426"}],"wp:attachment":[{"href":"https:\/\/www.ecommerceupdate.com.br\/da\/wp-json\/wp\/v2\/media?parent=93426"}],"wp:term":[{"taxonomy":"product_cat","embeddable":true,"href":"https:\/\/www.ecommerceupdate.com.br\/da\/wp-json\/wp\/v2\/product_cat?post=93426"},{"taxonomy":"product_tag","embeddable":true,"href":"https:\/\/www.ecommerceupdate.com.br\/da\/wp-json\/wp\/v2\/product_tag?post=93426"}],"curies":[{"name":"wp","href":"https:\/\/api.w.org\/{rel}","templated":true}]}}