{"id":93551,"date":"2026-03-04T20:16:40","date_gmt":"2026-03-04T23:16:40","guid":{"rendered":"https:\/\/www.ecommerceupdate.com.br\/produto\/curso-completo-de-e-commerce-curso-completo-de-e-commerce-desde-iniciar-planejar-divulgar-e-gerenciar-sua-loja-virtual\/"},"modified":"2026-03-13T15:34:49","modified_gmt":"2026-03-13T18:34:49","slug":"curso-completo-de-e-commerce-curso-completo-de-e-commerce-desde-iniciar-planejar-divulgar-e-gerenciar-sua-loja-virtual","status":"publish","type":"product","link":"https:\/\/www.ecommerceupdate.com.br\/da\/produto\/curso-completo-de-e-commerce-curso-completo-de-e-commerce-desde-iniciar-planejar-divulgar-e-gerenciar-sua-loja-virtual\/","title":{"rendered":"Komplet E-handel Kursus: Komplet e-handel kursus, fra start, planl\u00e6gning, fremme og styring af din online butik"},"content":{"rendered":"<div class=\"woocommerce-product-details\">\n<h3>Produktdetal<\/h3>\n<ul>\n<li>ASIN: B07MQ5XKGH<\/li>\n<li>Tilg\u00e6ngelighed: L\u00e6r mere<\/li>\n<li>Dato for offentligg\u00f8relse: 8 January 2019<\/li>\n<li>Udgave: 1<\/li>\n<li>Sprog: portugisisk<\/li>\n<li>Filst\u00f8rrelse: 1.7 MB<\/li>\n<li>Skrifttypekonfiguration: Aktiveret<\/li>\n<li>Ordforr\u00e5d Tips: Ikke aktiveret<\/li>\n<li>Antal sider: 196 sider<\/li>\n<li>Sidevending: Aktiveret<\/li>\n<li>Tops\u00e6lgere Rangering: Nr. 238.229 i Kindle Store (M\u00f8d top 100 i kategorien Kindle Store) Nr. 253 i Webmarketing Nr. 8.872 i Business &amp; Economics Nr. 14.603 i Business &amp; Economics (B\u00f8ger)<\/li>\n<li>253 I Web Marketing<\/li>\n<li>8.872 i Erhverv og \u00d8konomi<\/li>\n<li>14.603 i Erhverv, Erhverv og \u00d8konomi (B\u00f8ger)<\/li>\n<li>Kundeanmeldelser: 4,6 4,6 ud af 5 stjerner (33)<\/li>\n<\/ul><\/div>","protected":false},"excerpt":{"rendered":"<p>Hvem \u00f8nsker at foretage i e-handel, har brug for at g\u00e5 p\u00e5 jagt efter viden. Forst\u00e5 hele processen, der involverer fra planl\u00e6gning til gennemf\u00f8relse af den virtuelle butik er altid en udfordring. For ikke at n\u00e6vne strategien, meget n\u00f8dvendigt at im\u00f8deg\u00e5 den brede konkurrence verificeret i national e-handel. <\/p>\n<p>For at hj\u00e6lpe iv\u00e6rks\u00e6ttere og fremtidige iv\u00e6rks\u00e6ttere med at udforske fordelene ved e-handel ankommer e-bogen \u201cComplete Course of E-Commerce\u201d p\u00e5 market.Authored by Hildor Schroder, post-graduate i digital marketing og ejer af Master Store, udbyder af e-handelsplatform, bogen bringer et komplet og detaljeret indhold om, hvordan man starter, planl\u00e6gger, annoncerer og administrerer en virtuel butik. <\/p>\n<p>E-bogen er beregnet b\u00e5de til dem, der forbereder sig p\u00e5 at \u00e5bne en virtuel butik, s\u00e5vel som for dem, der allerede arbejder med e-handel, og s\u00f8ger en mere solid base af information om alt, hvad der er n\u00f8dvendigt for god virksomhedsledelse. <\/p>\n<p>Over 220 sider, vil l\u00e6seren v\u00e6re i stand til at f\u00e5 adgang til og uddybe i 77 emner, s\u00e5som: E-handelssystemer, Hvor man kan starte en e-handel, Produktregistrering, Betalingsmetoder, Kommerciel praksis, Udseende, SEO for e-handel, blandt andre.<\/p>","protected":false},"featured_media":93551,"comment_status":"open","ping_status":"closed","template":"","meta":[],"product_cat":[1611,1608,1607],"product_tag":[],"class_list":{"0":"post-93551","1":"product","2":"type-product","3":"status-publish","4":"has-post-thumbnail","6":"product_brand-por-hildor-schroder-autor-formato-ebook-kindle","7":"product_cat-administracao-negocios-e-economia","8":"product_cat-ebooks-kindle","9":"product_cat-loja-kindle","11":"first","12":"instock","13":"shipping-taxable","14":"purchasable","15":"product-type-simple"},"aioseo_notices":[],"_links":{"self":[{"href":"https:\/\/www.ecommerceupdate.com.br\/da\/wp-json\/wp\/v2\/product\/93551","targetHints":{"allow":["GET"]}}],"collection":[{"href":"https:\/\/www.ecommerceupdate.com.br\/da\/wp-json\/wp\/v2\/product"}],"about":[{"href":"https:\/\/www.ecommerceupdate.com.br\/da\/wp-json\/wp\/v2\/types\/product"}],"replies":[{"embeddable":true,"href":"https:\/\/www.ecommerceupdate.com.br\/da\/wp-json\/wp\/v2\/comments?post=93551"}],"wp:featuredmedia":[{"embeddable":true,"href":"https:\/\/www.ecommerceupdate.com.br\/da\/wp-json\/wp\/v2\/product\/93551"}],"wp:attachment":[{"href":"https:\/\/www.ecommerceupdate.com.br\/da\/wp-json\/wp\/v2\/media?parent=93551"}],"wp:term":[{"taxonomy":"product_cat","embeddable":true,"href":"https:\/\/www.ecommerceupdate.com.br\/da\/wp-json\/wp\/v2\/product_cat?post=93551"},{"taxonomy":"product_tag","embeddable":true,"href":"https:\/\/www.ecommerceupdate.com.br\/da\/wp-json\/wp\/v2\/product_tag?post=93551"}],"curies":[{"name":"wp","href":"https:\/\/api.w.org\/{rel}","templated":true}]}}