{"id":93554,"date":"2026-03-04T20:17:15","date_gmt":"2026-03-04T23:17:15","guid":{"rendered":"https:\/\/www.ecommerceupdate.com.br\/produto\/universo-do-e-commerce\/"},"modified":"2026-03-13T15:35:11","modified_gmt":"2026-03-13T18:35:11","slug":"universo-do-e-commerce","status":"publish","type":"product","link":"https:\/\/www.ecommerceupdate.com.br\/da\/produto\/universo-do-e-commerce\/","title":{"rendered":"E-handel Universe"},"content":{"rendered":"<div class=\"woocommerce-product-details\">\n<h3>Produktdetal<\/h3>\n<ul>\n<li>ASIN: B09QC5C789<\/li>\n<li>Tilg\u00e6ngelighed: L\u00e6r mere<\/li>\n<li>Dato for offentligg\u00f8relse: 11 January 2022<\/li>\n<li>Udgave: 1<\/li>\n<li>Sprog: portugisisk<\/li>\n<li>Filst\u00f8rrelse: 1.9 MB<\/li>\n<li>Sk\u00e6rml\u00e6ser: Kompatibel<\/li>\n<li>Skrifttypekonfiguration: Aktiveret<\/li>\n<li>Ordforr\u00e5d Tips: Ikke aktiveret<\/li>\n<li>Antal sider: 205 sider<\/li>\n<li>Sidevending: Aktiveret<\/li>\n<li>L\u00e6sealder: 16 18 \u00e5r<\/li>\n<li>Top Sellers Ranking: No 152,211 in Kindle Store (Meet the Top 100 in Kindle Store category) No 138 in Research &amp; Education No 340 in Professional &amp; Technical Development No 3,494 in Education (Kindle Store)<\/li>\n<li>138 I Forskning og Uddannelse<\/li>\n<li>340 Faglig og teknisk udvikling<\/li>\n<li>3.494 i Uddannelse (Kindle Store)<\/li>\n<li>Kundeanmeldelser: 4,3 4,3 ud af 5 stjerner (20)<\/li>\n<\/ul><\/div>","protected":false},"excerpt":{"rendered":"<p>E-handel Universet blev skrevet til dem, der er interesseret i e-handel eller som allerede opererer med digitale kanaler og \u00f8nsker at kende nye teknikker og concepts.This bog b\u00f8r overf\u00f8re viden p\u00e5 en m\u00e5de, der fungerer som en vejledning med henblik p\u00e5 at tilbyde en makro udsigt over alt, hvad der involverer e-handel. Destrinching emner relateret til forretningsmodeller og operationer, marketing punkter, service og logistik, og ogs\u00e5 emner relateret til teknologi, systemer og integrationer, tilg\u00e6ngelighed og sikkerhed af information.For mere erfarne l\u00e6sere, denne bog kan tjene som en h\u00f8ring kanal, hvor hvert kapitel kan besk\u00e6ftige sig med specifikke sp\u00f8rgsm\u00e5l og relevant for dens drift Til l\u00e6sere, der starter rejsen i denne verden, kan positivt drage fordel af E-handel, p\u00e5 grund af begyndelsen af verden, kan bruge dette kapitel, den e-wise, s\u00e5 meget mere.<\/p>","protected":false},"featured_media":93554,"comment_status":"open","ping_status":"closed","template":"","meta":[],"product_cat":[1653,1730,1595],"product_tag":[],"class_list":{"0":"post-93554","1":"product","2":"type-product","3":"status-publish","4":"has-post-thumbnail","6":"product_brand-por-fellipe-guimares-autor-formato-ebook-kindle","7":"product_cat-educacao-referencia-e-didaticos","8":"product_cat-escolas-e-ensino","9":"product_cat-livros","11":"first","12":"instock","13":"shipping-taxable","14":"purchasable","15":"product-type-simple"},"aioseo_notices":[],"_links":{"self":[{"href":"https:\/\/www.ecommerceupdate.com.br\/da\/wp-json\/wp\/v2\/product\/93554","targetHints":{"allow":["GET"]}}],"collection":[{"href":"https:\/\/www.ecommerceupdate.com.br\/da\/wp-json\/wp\/v2\/product"}],"about":[{"href":"https:\/\/www.ecommerceupdate.com.br\/da\/wp-json\/wp\/v2\/types\/product"}],"replies":[{"embeddable":true,"href":"https:\/\/www.ecommerceupdate.com.br\/da\/wp-json\/wp\/v2\/comments?post=93554"}],"wp:featuredmedia":[{"embeddable":true,"href":"https:\/\/www.ecommerceupdate.com.br\/da\/wp-json\/wp\/v2\/product\/93554"}],"wp:attachment":[{"href":"https:\/\/www.ecommerceupdate.com.br\/da\/wp-json\/wp\/v2\/media?parent=93554"}],"wp:term":[{"taxonomy":"product_cat","embeddable":true,"href":"https:\/\/www.ecommerceupdate.com.br\/da\/wp-json\/wp\/v2\/product_cat?post=93554"},{"taxonomy":"product_tag","embeddable":true,"href":"https:\/\/www.ecommerceupdate.com.br\/da\/wp-json\/wp\/v2\/product_tag?post=93554"}],"curies":[{"name":"wp","href":"https:\/\/api.w.org\/{rel}","templated":true}]}}