{"id":93567,"date":"2026-03-04T20:20:46","date_gmt":"2026-03-04T23:20:46","guid":{"rendered":"https:\/\/www.ecommerceupdate.com.br\/produto\/transformando-palavras-em-dinheiro\/"},"modified":"2026-03-06T05:53:27","modified_gmt":"2026-03-06T08:53:27","slug":"transformando-palavras-em-dinheiro","status":"publish","type":"product","link":"https:\/\/www.ecommerceupdate.com.br\/da\/produto\/transformando-palavras-em-dinheiro\/","title":{"rendered":"At forvandle ord til penge"},"content":{"rendered":"<div class=\"woocommerce-product-details\">\n<div id=\"aplus_feature_div\" class=\"celwidget\" data-feature-name=\"aplus\" data-csa-c-type=\"widget\" data-csa-c-content-id=\"aplus\" data-csa-c-slot-id=\"aplus_feature_div\" data-csa-c-asin=\"\" data-csa-c-is-in-initial-active-row=\"false\">\n<div id=\"aplus\" class=\"a-section a-spacing-large bucket\">\n<h3 class=\"\">Fra forlag<\/h3>\n<div lang=\"pt_BR\">\n<div class=\"aplus-v2 desktop celwidget\">\n<div class=\"celwidget aplus-module module-12 aplus-standard\">\n<div class=\"aplus-module-wrapper apm-spacing apm-floatnone apm-fixed-width\">\n<div class=\"apm-sidemodule aplus-module-content\">\n<div class=\"apm-hero-image\"> <img decoding=\"async\" alt=\"img 2\" src=\"https:\/\/m.media-amazon.com\/images\/S\/aplus-media-library-service-media\/4658e758-7cbe-4637-a1ff-34cc95cb8892.__CR0,0,970,300_PT0_SX970_V1___.jpg\" \/> <\/div>\n<\/p>\n<\/div>\n<\/div>\n<\/div>\n<div class=\"celwidget aplus-module module-3 aplus-standard\">\n<div class=\"aplus-module-wrapper apm-floatnone apm-fixed-width\">\n<div class=\"apm-sidemodule apm-spacing\">\n<div class=\"apm-sidemodule-imageright\"> <img decoding=\"async\" alt=\"forfatter\" src=\"https:\/\/m.media-amazon.com\/images\/S\/aplus-media-library-service-media\/99c0523a-cf47-4673-8543-2136262da1ca.__CR0,0,300,300_PT0_SX300_V1___.jpg\" \/> <\/div>\n<div class=\"apm-sidemodule-textleft\">\n<h3 class=\"a-spacing-mini\"> Forfatteren <\/h3>\n<p> <span class=\"a-text-bold\">Icarus de Carvalho<\/span> han er iv\u00e6rks\u00e6tter, kommunikator og digital strateg.Han var ansvarlig for den digitale markedsf\u00f8ring af projekter som Brazil Parallel, The Code of Wealth og Avenue Securities.He er grundl\u00e6ggeren af O Novo Mercado, den hurtigst voksende skole for digital markedsf\u00f8ring, salg og sociale netv\u00e6rk i landet.Han var skaberen af udtrykket \u201cscene iv\u00e6rks\u00e6tteri\u201d og er kritisk over for de nemme og hurtige l\u00f8sninger, som man ser p\u00e5 internettet.Han er gift med Anna og far til tre b\u00f8rn. <\/p>\n<\/p>\n<\/div>\n<\/div>\n<\/div>\n<\/div>\n<div class=\"celwidget aplus-module module-12 aplus-standard\">\n<div class=\"aplus-module-wrapper apm-spacing apm-floatnone apm-fixed-width\">\n<div class=\"apm-sidemodule aplus-module-content\">\n<div class=\"apm-hero-image\"> <img decoding=\"async\" alt=\"img 1\" src=\"https:\/\/m.media-amazon.com\/images\/S\/aplus-media-library-service-media\/669fd07b-f2d2-4441-80bf-26e6b3de4a27.__CR0,0,970,300_PT0_SX970_V1___.jpg\" \/> <\/div>\n<\/p>\n<\/div>\n<\/div>\n<\/div>\n<\/div>\n<\/div>\n<\/div>\n<\/div>\n<h3>Produktdetal<\/h3>\n<ul>\n<li>Udgiver: Buzz Publisher<\/li>\n<li>Dato for offentligg\u00f8relse: 3 February 2020<\/li>\n<li>Udgave: 1<\/li>\n<li>Sprog: portugisisk<\/li>\n<li>Antal sider: 176 sider<\/li>\n<li>ISBN-10:6580435445<\/li>\n<li>ISBN-13:978-6580435449<\/li>\n<li>Produktv\u00e6gt: 800g<\/li>\n<li>L\u00e6sealder: 14 \u00e5r og derover<\/li>\n<li>M\u00e5l: 22,8 x 15,6 x 1,2 cm<\/li>\n<li>Tops\u00e6lgere Rangering: Nr. 36.808 i B\u00f8ger (M\u00f8d top 100 i kategorien B\u00f8ger) Nr. 44 i Webmarketing nr. 154 i Marketing nr. 402 i Business Management Science<\/li>\n<li>44 I Web Marketing<\/li>\n<li>154 I Marketing<\/li>\n<li>402 I Business Management Science<\/li>\n<li>Kundeanmeldelser: 4,6 4,6 ud af 5 stjerner (3.579)<\/li>\n<\/ul><\/div>","protected":false},"excerpt":{"rendered":"<p>Copywriting kan beskrives som evnen til at omdanne ord til penge. Producere interesse i stedet for reklame. Hver dag er vi p\u00e5virket af tusindvis af annoncer. Hvis du har f\u00e5et adgang til sociale netv\u00e6rk i dag, er det ret sandsynligt, at du har set snesevis af dem. Kan du huske den sidste? N\u00e6sten ingen kan. Indhold er den eneste type reklame, som du producerer hele tiden, og kunden beder stadig om mere. Denne bog samler 42 af de bedste overtalelsesteknikker, markedsf\u00f8ring og salg testet af Icaro de Carvalho. En sand gave. Det er en manual, som du vil finde din mest liberale kommunikation, intelligent og effektiv.<\/p>","protected":false},"featured_media":93567,"comment_status":"open","ping_status":"closed","template":"","meta":[],"product_cat":[1611,1621,1595],"product_tag":[],"class_list":{"0":"post-93567","1":"product","2":"type-product","3":"status-publish","4":"has-post-thumbnail","6":"product_brand-edicao-portugus-por-caro-carvalho-autor","7":"product_cat-administracao-negocios-e-economia","8":"product_cat-gestao-e-lideranca","9":"product_cat-livros","11":"first","12":"instock","13":"sale","14":"shipping-taxable","15":"purchasable","16":"product-type-simple"},"aioseo_notices":[],"_links":{"self":[{"href":"https:\/\/www.ecommerceupdate.com.br\/da\/wp-json\/wp\/v2\/product\/93567","targetHints":{"allow":["GET"]}}],"collection":[{"href":"https:\/\/www.ecommerceupdate.com.br\/da\/wp-json\/wp\/v2\/product"}],"about":[{"href":"https:\/\/www.ecommerceupdate.com.br\/da\/wp-json\/wp\/v2\/types\/product"}],"replies":[{"embeddable":true,"href":"https:\/\/www.ecommerceupdate.com.br\/da\/wp-json\/wp\/v2\/comments?post=93567"}],"wp:featuredmedia":[{"embeddable":true,"href":"https:\/\/www.ecommerceupdate.com.br\/da\/wp-json\/wp\/v2\/product\/93567"}],"wp:attachment":[{"href":"https:\/\/www.ecommerceupdate.com.br\/da\/wp-json\/wp\/v2\/media?parent=93567"}],"wp:term":[{"taxonomy":"product_cat","embeddable":true,"href":"https:\/\/www.ecommerceupdate.com.br\/da\/wp-json\/wp\/v2\/product_cat?post=93567"},{"taxonomy":"product_tag","embeddable":true,"href":"https:\/\/www.ecommerceupdate.com.br\/da\/wp-json\/wp\/v2\/product_tag?post=93567"}],"curies":[{"name":"wp","href":"https:\/\/api.w.org\/{rel}","templated":true}]}}