{"id":93568,"date":"2026-03-04T20:20:48","date_gmt":"2026-03-04T23:20:48","guid":{"rendered":"https:\/\/www.ecommerceupdate.com.br\/produto\/direitos-do-consumidor-no-e-commerce-dicas-e-orientacoes-para-empresas\/"},"modified":"2026-05-13T10:22:40","modified_gmt":"2026-05-13T13:22:40","slug":"direitos-do-consumidor-no-e-commerce-dicas-e-orientacoes-para-empresas","status":"publish","type":"product","link":"https:\/\/www.ecommerceupdate.com.br\/da\/produto\/direitos-do-consumidor-no-e-commerce-dicas-e-orientacoes-para-empresas\/","title":{"rendered":"Forbrugerrettigheder i E-handel: Tips og retningslinjer for virksomheder"},"content":{"rendered":"<div class=\"woocommerce-product-details\">\n<h3>Produktdetal<\/h3>\n<ul>\n<li>ASIN: B08MWVN6R7<\/li>\n<li>Tilg\u00e6ngelighed: L\u00e6r mere<\/li>\n<li>Dato for offentligg\u00f8relse: 5 November 2020<\/li>\n<li>Udgave: 1<\/li>\n<li>Sprog: portugisisk<\/li>\n<li>Filst\u00f8rrelse: 1.4 MB<\/li>\n<li>Sk\u00e6rml\u00e6ser: Kompatibel<\/li>\n<li>Skrifttypekonfiguration: Aktiveret<\/li>\n<li>Ordforr\u00e5d Tips: Ikke aktiveret<\/li>\n<li>Antal sider: 83 sider<\/li>\n<li>ISBN-13:978-6500119480<\/li>\n<li>Sidevending: Aktiveret<\/li>\n<li>Tops\u00e6lgere Rangering: Nr. 379.865 i Kindle Store (M\u00f8d top 100 i Kindle Store-kategorien) Nr. 216 i elektronisk handel Nr. 8.206 i jura (Kindle Store) Nr. 14.178 i Business &amp; Economics<\/li>\n<li>216 I Elektronisk Handel<\/li>\n<li>8.206 i jura (Kindle Store)<\/li>\n<li>14.178 i Erhverv og \u00d8konomi<\/li>\n<li>Kundeanmeldelser: 4.0 4.0 ud af 5 stjerner (1)<\/li>\n<\/ul><\/div>","protected":false},"excerpt":{"rendered":"<p>E-bog forh\u00e5ndsvisning: <\/p>\n<p>L\u00e6s et par sider, f\u00f8r du k\u00f8ber produktet <\/p>\n<p>Opsummerende <\/p>\n<p>Om Projekt: <\/p>\n<p>Projektet \u201cDetached Law for Lay people\u201d opstod p\u00e5 grund af flere sp\u00f8rgsm\u00e5l, vi dagligt modtager i vores professionelle pr\u00e6station, samt p\u00e5 grund af vores oplevelser som forbrugere. <\/p>\n<p>Derudover ved vi, hvordan den brede befolkning har sv\u00e6rt ved at forst\u00e5 og forst\u00e5 loven, enten p\u00e5 grund af de forskellige specificiteter, nomenklaturer, teorier og forst\u00e5elser, eller blot manglen p\u00e5 adgang til korrekt information. <\/p>\n<p>Vi ved, at der findes talrige v\u00e6rker af bem\u00e6rkelsesv\u00e6rdig kvalitet om Loven, is\u00e6r om Forbrugerrettigheder. De fleste af disse v\u00e6rker er imidlertid rettet mod den akademiske eller aktive offentlighed p\u00e5 det juridiske omr\u00e5de, og har derfor en dybde og kompleksitet meget stor for den enkelte, der ikke handler p\u00e5 det juridiske omr\u00e5de. <\/p>\n<p>Derfor besluttede vi at fors\u00f8ge at forenkle og ukomplicere loven, s\u00e5 folk, der ikke har juridisk uddannelse, kan kende, forst\u00e5 og anvende deres rettigheder. <\/p>\n<p>Vores samfund vil underg\u00e5 dybtg\u00e5ende forandringer, n\u00e5r vi kender og anvender vores rettigheder, samt opfylder vores pligter. <\/p>\n<p>S\u00e5 f\u00f8lg vores projekt, send sp\u00f8rgsm\u00e5l, kommentarer, kritik og forslag, hj\u00e6lp os med fortsat at ukomplicere Retten til L\u00e6gfolk i forhold til den juridiske verden. <\/p>\n<p>Et stort kram og god l\u00e6sning! <\/p>\n<p>Ana Carolina Matos og Stephen Matos <\/p>\n<p>Om Forfattere: <\/p>\n<p>Ana Carolina Matos: Uddannet fra Dom Helder Camara Superior School. Hun har en bred sensu specialisering i social sikringsret. Advokat, der arbejder inden for omr\u00e5derne social sikringsret, forbrugerret og arbejdsret. Overv\u00e5gning af forberedende kurser til konkurrencer. <\/p>\n<p>Stephen Matos: Uddannet fra Dom Helder Camara Superior School. Han har en bred sensu specialisering i arbejdsret og arbejdsprocedure. Advokat, der arbejder inden for omr\u00e5derne social sikringsret, forvaltningsret, forbrugerret og civilret. Overv\u00e5gning af forberedende kurser til konkurrencer. Kommunaladvokat i Curvelo kommune. <\/p>\n<p>Bogdata: <\/p>\n<p>^Navn: Forbrugerrettigheder i E-handel &amp; Tips &amp; Retningslinjer for erhvervslivet <\/p>\n<p>autores: Ana Carolina Matos og Stephen Matos <\/p>\n<p>1. udgave, revideret, opdateret og udvidet. <\/p>\n<p>2020 udgivelses\u00e5r. <\/p>\n<p>80 Sider. <\/p>\n<p>ISBN: 978-65-00-11948-0 <\/p>\n<p>3 Format: PDF. <\/p>\n<p>1,30 Mb St\u00f8rrelse.<\/p>","protected":false},"featured_media":93568,"comment_status":"open","ping_status":"closed","template":"","meta":[],"product_cat":[1611,1613,1595],"product_tag":[],"class_list":{"0":"post-93568","1":"product","2":"type-product","3":"status-publish","4":"has-post-thumbnail","5":"product_brand-por-ana-carolina-matos-autor-estevo-matos-autor-formato-ebook-kindle","6":"product_cat-administracao-negocios-e-economia","7":"product_cat-industrias-e-profissoes","8":"product_cat-livros","10":"first","11":"instock","12":"shipping-taxable","13":"purchasable","14":"product-type-simple"},"aioseo_notices":[],"_links":{"self":[{"href":"https:\/\/www.ecommerceupdate.com.br\/da\/wp-json\/wp\/v2\/product\/93568","targetHints":{"allow":["GET"]}}],"collection":[{"href":"https:\/\/www.ecommerceupdate.com.br\/da\/wp-json\/wp\/v2\/product"}],"about":[{"href":"https:\/\/www.ecommerceupdate.com.br\/da\/wp-json\/wp\/v2\/types\/product"}],"replies":[{"embeddable":true,"href":"https:\/\/www.ecommerceupdate.com.br\/da\/wp-json\/wp\/v2\/comments?post=93568"}],"wp:featuredmedia":[{"embeddable":true,"href":"https:\/\/www.ecommerceupdate.com.br\/da\/wp-json\/wp\/v2\/product\/93568"}],"wp:attachment":[{"href":"https:\/\/www.ecommerceupdate.com.br\/da\/wp-json\/wp\/v2\/media?parent=93568"}],"wp:term":[{"taxonomy":"product_cat","embeddable":true,"href":"https:\/\/www.ecommerceupdate.com.br\/da\/wp-json\/wp\/v2\/product_cat?post=93568"},{"taxonomy":"product_tag","embeddable":true,"href":"https:\/\/www.ecommerceupdate.com.br\/da\/wp-json\/wp\/v2\/product_tag?post=93568"}],"curies":[{"name":"wp","href":"https:\/\/api.w.org\/{rel}","templated":true}]}}