{"id":93594,"date":"2026-03-05T09:13:15","date_gmt":"2026-03-05T12:13:15","guid":{"rendered":"https:\/\/www.ecommerceupdate.com.br\/produto\/do-zero-as-primeiras-vendas-online-guia-pratico-de-um-e-comerciante-portugues\/"},"modified":"2026-03-13T15:39:04","modified_gmt":"2026-03-13T18:39:04","slug":"do-zero-as-primeiras-vendas-online-guia-pratico-de-um-e-comerciante-portugues","status":"publish","type":"product","link":"https:\/\/www.ecommerceupdate.com.br\/da\/produto\/do-zero-as-primeiras-vendas-online-guia-pratico-de-um-e-comerciante-portugues\/","title":{"rendered":"Fra nul til f\u00f8rste onlinesalg: Praktisk guide til en portugisisk E"},"content":{"rendered":"<div class=\"woocommerce-product-details\">\n<h3>Produktdetal<\/h3>\n<ul>\n<li>ASIN: B0GL7MD3T5<\/li>\n<li>Tilg\u00e6ngelighed: L\u00e6r mere<\/li>\n<li>Dato for offentligg\u00f8relse: 3 February 2026<\/li>\n<li>Sprog: portugisisk<\/li>\n<li>Filst\u00f8rrelse: 1.2 MB<\/li>\n<li>Skrifttypekonfiguration: Ikke aktiveret<\/li>\n<li>Ordforr\u00e5d Tips: Ikke aktiveret<\/li>\n<li>Antal sider: 10 sider<\/li>\n<li>Format: Udskriv replika<\/li>\n<li>Sidevending: Ikke aktiveret<\/li>\n<li>L\u00e6sealder: 12 18 \u00e5r<\/li>\n<\/ul><\/div>","protected":false},"excerpt":{"rendered":"<p>\u7684Fra nul til f\u00f8rste online salgPraktisk guide til en portugisisk E-MarketerVil du begynde at s\u00e6lge online, men ved ikke, hvor du skal starte?<br \/>Har du pr\u00f8vet og f\u00f8lt, at du spildte tid og penge?Denne e-bog blev skabt til rigtige mennesker i Portugal, der \u00f8nsker at indtaste e-handel i en enkel, praktisk og uden falske l\u00f8fter.Her vil du ikke finde kompliceret teori eller mirakel ordninger.<br \/>Du vil finde klare trin, reelle eksempler og fejl, som du b\u00f8r undg\u00e5, forklaret af en person, der allerede har v\u00e6ret i dit sted.<br \/>hvad du vil l\u00e6re i denne e-bog: \u2714\ufe0f Hvordan man v\u00e6lger et produkt, der virkelig s\u00e6lger i Portugal<br \/>hvor kan man s\u00e6lge: online butik eller markedspladser (og hvorfor)<br \/>s\u00e5dan indstilles priser og marginer uden at arbejde for noget<br \/>hvordan man tiltr\u00e6kker kunder selv med et lavt budget<br \/>De mest almindelige fejl af hvem der starter (og hvordan man undg\u00e5r dem)<br \/>En simpel 30-dages plan for at komme op af jorden<br \/>\u2234 For hvem er denne e-bog:\u2705 Begyndere i e-handel<br \/>\u2705 Folk, der \u00f8nsker ekstra indkomst<br \/>alle, der har fors\u00f8gt at s\u00e6lge online og holde op<br \/>der \u00f8nsker at starte en digital virksomhed i Portugal<br \/>for dem der IKKE er: \u2265 Hvem s\u00f8ger nemme penge<br \/>som ikke er villig til at anvende det, han l\u00e6rer<\/p>","protected":false},"featured_media":93594,"comment_status":"open","ping_status":"closed","template":"","meta":[],"product_cat":[1611,1595,1618],"product_tag":[],"class_list":{"0":"post-93594","1":"product","2":"type-product","3":"status-publish","4":"has-post-thumbnail","6":"product_brand-por-simon-sa-da-silva-autor-formato-ebook-kindle","7":"product_cat-administracao-negocios-e-economia","8":"product_cat-livros","9":"product_cat-marketing-e-vendas","11":"first","12":"instock","13":"shipping-taxable","14":"purchasable","15":"product-type-simple"},"aioseo_notices":[],"_links":{"self":[{"href":"https:\/\/www.ecommerceupdate.com.br\/da\/wp-json\/wp\/v2\/product\/93594","targetHints":{"allow":["GET"]}}],"collection":[{"href":"https:\/\/www.ecommerceupdate.com.br\/da\/wp-json\/wp\/v2\/product"}],"about":[{"href":"https:\/\/www.ecommerceupdate.com.br\/da\/wp-json\/wp\/v2\/types\/product"}],"replies":[{"embeddable":true,"href":"https:\/\/www.ecommerceupdate.com.br\/da\/wp-json\/wp\/v2\/comments?post=93594"}],"wp:featuredmedia":[{"embeddable":true,"href":"https:\/\/www.ecommerceupdate.com.br\/da\/wp-json\/wp\/v2\/product\/93594"}],"wp:attachment":[{"href":"https:\/\/www.ecommerceupdate.com.br\/da\/wp-json\/wp\/v2\/media?parent=93594"}],"wp:term":[{"taxonomy":"product_cat","embeddable":true,"href":"https:\/\/www.ecommerceupdate.com.br\/da\/wp-json\/wp\/v2\/product_cat?post=93594"},{"taxonomy":"product_tag","embeddable":true,"href":"https:\/\/www.ecommerceupdate.com.br\/da\/wp-json\/wp\/v2\/product_tag?post=93594"}],"curies":[{"name":"wp","href":"https:\/\/api.w.org\/{rel}","templated":true}]}}