{"id":93626,"date":"2026-03-05T10:47:42","date_gmt":"2026-03-05T13:47:42","guid":{"rendered":"https:\/\/www.ecommerceupdate.com.br\/produto\/chat-commerce-escale-seus-resultados-transformando-conversas-em-vendas-2\/"},"modified":"2026-05-13T10:26:30","modified_gmt":"2026-05-13T13:26:30","slug":"chat-commerce-escale-seus-resultados-transformando-conversas-em-vendas-2","status":"publish","type":"product","link":"https:\/\/www.ecommerceupdate.com.br\/da\/produto\/chat-commerce-escale-seus-resultados-transformando-conversas-em-vendas-2\/","title":{"rendered":"Chathandel: skaler dine resultater ved at omdanne samtaler til salg"},"content":{"rendered":"<div class=\"woocommerce-product-details\">\n<div id=\"aplus_feature_div\" class=\"celwidget\" data-feature-name=\"aplus\" data-csa-c-type=\"widget\" data-csa-c-content-id=\"aplus\" data-csa-c-slot-id=\"aplus_feature_div\" data-csa-c-asin=\"\" data-csa-c-is-in-initial-active-row=\"false\">\n<div id=\"aplus\" class=\"a-section a-spacing-large bucket\">\n<h3 class=\"\">Fra forlag<\/h3>\n<div lang=\"pt_BR\">\n<div class=\"aplus-v2 desktop celwidget\">\n<div class=\"aplus-content-wrapper\">\n<div class=\"celwidget aplus-module 3p-module-b aplus-standard\">\n<div class=\"aplus-module-wrapper aplus-3p-fixed-width\"> <img decoding=\"async\" alt=\"Chathandel\" src=\"https:\/\/m.media-amazon.com\/images\/S\/aplus-media-library-service-media\/d3d278d5-8445-4a61-ac56-2b25195491b3.__CR0,0,970,600_PT0_SX970_V1___.jpg\" \/> <\/div>\n<\/p>\n<\/div>\n<div class=\"celwidget aplus-module module-12 aplus-standard\">\n<div class=\"aplus-module-wrapper apm-spacing apm-floatnone apm-fixed-width\">\n<div class=\"apm-sidemodule aplus-module-content\">\n<div class=\"apm-hero-image\"> <img decoding=\"async\" alt=\"Chathandel\" src=\"https:\/\/m.media-amazon.com\/images\/S\/aplus-media-library-service-media\/3855f953-7d5d-4dcf-83ca-9d0648be4209.__CR0,0,970,300_PT0_SX970_V1___.jpg\" \/> <\/div>\n<\/p>\n<\/div>\n<\/div>\n<\/div>\n<div class=\"celwidget aplus-module module-12 aplus-standard\">\n<div class=\"aplus-module-wrapper apm-spacing apm-floatnone apm-fixed-width\">\n<div class=\"apm-sidemodule aplus-module-content\">\n<div class=\"apm-hero-image\"> <img decoding=\"async\" alt=\"Chathandel\" src=\"https:\/\/m.media-amazon.com\/images\/S\/aplus-media-library-service-media\/96e162c3-c073-4e76-ab93-2411af3999ea.__CR0,0,970,300_PT0_SX970_V1___.jpg\" \/> <\/div>\n<\/p>\n<\/div>\n<\/div>\n<\/div>\n<div class=\"celwidget aplus-module module-12 aplus-standard\">\n<div class=\"aplus-module-wrapper apm-spacing apm-floatnone apm-fixed-width\">\n<div class=\"apm-sidemodule aplus-module-content\">\n<div class=\"apm-hero-image\"> <img decoding=\"async\" alt=\"Chathandel\" src=\"https:\/\/m.media-amazon.com\/images\/S\/aplus-media-library-service-media\/b99f3a1e-92a8-4d02-ab81-406f7ecd06d0.__CR0,0,970,300_PT0_SX970_V1___.jpg\" \/> <\/div>\n<\/p>\n<\/div>\n<\/div>\n<\/div>\n<\/div>\n<\/div>\n<\/div>\n<\/div>\n<\/div>\n<h3>Produktdetal<\/h3>\n<ul>\n<li>ASIN: B0FZDDLBKG<\/li>\n<li>Udgiver: Alta Books<\/li>\n<li>Tilg\u00e6ngelighed: L\u00e6r mere<\/li>\n<li>Dato for offentligg\u00f8relse: 15 December 2025<\/li>\n<li>Udgave: 1<\/li>\n<li>Sprog: portugisisk<\/li>\n<li>Filst\u00f8rrelse: 3.5 MB<\/li>\n<li>Sk\u00e6rml\u00e6ser: Kompatibel<\/li>\n<li>Skrifttypekonfiguration: Aktiveret<\/li>\n<li>Ordforr\u00e5d Tips: Ikke aktiveret<\/li>\n<li>Antal sider: 232 sider<\/li>\n<li>ISBN-13:978-8550828862<\/li>\n<li>Sidevending: Aktiveret<\/li>\n<li>Top Sellers ranking: No 505,676 in Kindle Store (Meet the Top 100 in Kindle Store category) No 18 in Microsoft No 167 in Computer Software &amp; Technology No 185 in Work Center Culture<\/li>\n<li>18 I Microsoft<\/li>\n<li>167 I Software i Informatik og Teknologi<\/li>\n<li>185 I Arbejdscentrets Kultur<\/li>\n<\/ul><\/div>","protected":false},"excerpt":{"rendered":"<p>Online salg g\u00e5r ind i en ny \u00e6ra, som er f\u00f8dt i samtale.  <\/p>\n<p>Kan du huske glimtet i \u00f8jnene p\u00e5 en god s\u00e6lger?Den, der ikke skubber noget, men hvem ved, at salg, inderst inde, er en handling af tillid.  <br \/>Den sj\u00e6l d\u00f8de aldrig, den \u00e6ndrede bare form med tiden.  <br \/>Forskellen er, at nu har teknologien givet brands chancen for at lytte og reagere i stor skala, med n\u00e6rhed, intelligens og frem for alt med den hastighed, forbrugerne \u00f8nsker.  <br \/>Is\u00e6r inden for digital har denne transformation v\u00e6ret stadig hurtigere.  <br \/>I Chat Commerce afsl\u00f8rer den f\u00f8rste brasilianske bog om emnet, Tiago Vailati, en iv\u00e6rks\u00e6tter, der har \u00e5ndet detailhandel i mange \u00e5r, fra butiksgulvet til h\u00f8jteknologi, hemmeligheden bag at mestre denne nye virkelighed.  <br \/>Denne bog blev f\u00f8dt til at v\u00e6re en guide for dem, der s\u00f8ger at forst\u00e5 logikken i Chat  <br \/>Handel og oms\u00e6t det i praksis i din virksomhed. Find ud af her:  <\/p>\n<p>Hvorfor de nye generationer, som allerede er flertallet af forbrugerne, foretr\u00e6kker dialog ved k\u00f8b.  <br \/>Hvordan CHAT-metoden kan g\u00f8re din service til en indt\u00e6gtsmotor, der kombinerer kontekst, humanisering, aktivering og teknologi.  <br \/>Hvad succesfulde brands g\u00f8r for at forbinde og s\u00e6lge mere, og efterlader konkurrenterne.  <br \/>Forbered dig p\u00e5 at g\u00f8re hver samtale til en reel salgsmulighed, og hver interaktion til en ny m\u00e5de at forbinde med din kunde, fordi i sidste ende vil m\u00e6rker, der forst\u00e5r dette f\u00f8rst, ikke kun s\u00e6lge mere, men \u00e6ndre spillet.<\/p>","protected":false},"featured_media":93626,"comment_status":"open","ping_status":"closed","template":"","meta":[],"product_cat":[1611,1621,1595],"product_tag":[],"class_list":{"0":"post-93626","1":"product","2":"type-product","3":"status-publish","4":"has-post-thumbnail","5":"product_brand-por-tiago-vailati-autor-formato-ebook-kindle","6":"product_cat-administracao-negocios-e-economia","7":"product_cat-gestao-e-lideranca","8":"product_cat-livros","10":"first","11":"instock","12":"sale","13":"shipping-taxable","14":"purchasable","15":"product-type-simple"},"aioseo_notices":[],"_links":{"self":[{"href":"https:\/\/www.ecommerceupdate.com.br\/da\/wp-json\/wp\/v2\/product\/93626","targetHints":{"allow":["GET"]}}],"collection":[{"href":"https:\/\/www.ecommerceupdate.com.br\/da\/wp-json\/wp\/v2\/product"}],"about":[{"href":"https:\/\/www.ecommerceupdate.com.br\/da\/wp-json\/wp\/v2\/types\/product"}],"replies":[{"embeddable":true,"href":"https:\/\/www.ecommerceupdate.com.br\/da\/wp-json\/wp\/v2\/comments?post=93626"}],"wp:featuredmedia":[{"embeddable":true,"href":"https:\/\/www.ecommerceupdate.com.br\/da\/wp-json\/wp\/v2\/product\/93626"}],"wp:attachment":[{"href":"https:\/\/www.ecommerceupdate.com.br\/da\/wp-json\/wp\/v2\/media?parent=93626"}],"wp:term":[{"taxonomy":"product_cat","embeddable":true,"href":"https:\/\/www.ecommerceupdate.com.br\/da\/wp-json\/wp\/v2\/product_cat?post=93626"},{"taxonomy":"product_tag","embeddable":true,"href":"https:\/\/www.ecommerceupdate.com.br\/da\/wp-json\/wp\/v2\/product_tag?post=93626"}],"curies":[{"name":"wp","href":"https:\/\/api.w.org\/{rel}","templated":true}]}}