{"id":93673,"date":"2026-03-05T14:06:54","date_gmt":"2026-03-05T17:06:54","guid":{"rendered":"https:\/\/www.ecommerceupdate.com.br\/produto\/aprenda-a-vender-no-mercado-livre-sem-estoque\/"},"modified":"2026-03-13T15:43:58","modified_gmt":"2026-03-13T18:43:58","slug":"aprenda-a-vender-no-mercado-livre-sem-estoque","status":"publish","type":"product","link":"https:\/\/www.ecommerceupdate.com.br\/da\/produto\/aprenda-a-vender-no-mercado-livre-sem-estoque\/","title":{"rendered":"L\u00e6r at s\u00e6lge p\u00e5 det frie marked: Ingen aktie"},"content":{"rendered":"<div class=\"woocommerce-product-details\">\n<h3>Produktdetal<\/h3>\n<ul>\n<li>ASIN: B08V4TFRXP<\/li>\n<li>Tilg\u00e6ngelighed: L\u00e6r mere<\/li>\n<li>Dato for offentligg\u00f8relse: 25 January 2021<\/li>\n<li>Sprog: portugisisk<\/li>\n<li>Filst\u00f8rrelse: 183 KB<\/li>\n<li>Sk\u00e6rml\u00e6ser: Kompatibel<\/li>\n<li>Skrifttypekonfiguration: Aktiveret<\/li>\n<li>Ordforr\u00e5d Tips: Ikke aktiveret<\/li>\n<li>Antal sider: 17 sider<\/li>\n<li>Sidevending: Aktiveret<\/li>\n<li>L\u00e6sealder: 12 18 \u00e5r<\/li>\n<li>Topsellerrangering: Nr. 634.127 i Kindle Store (M\u00f8d top 100 i Kindle Store-kategorien) Nr. 477 i Uddannelsesm\u00e5l og -m\u00e5l nr. 1.082 i Skoler\u00e5dgivning og -undervisning nr. 14.479 i uddannelse (Kindle Store)<\/li>\n<li>477 I M\u00e5l og M\u00e5l for uddannelse<\/li>\n<li>1.082 i R\u00e5dgivning i Skoler og Undervisning<\/li>\n<li>14.479 i Uddannelse (Kindle Store)<\/li>\n<li>Kundeanmeldelser: 3,5 3,5 ud af 5 stjerner (6)<\/li>\n<\/ul><\/div>","protected":false},"excerpt":{"rendered":"<p>Dette er en sand og kraftfuld salgsmanual for dem, der starter p\u00e5 Mercado Livre-platformen og ikke har penge til at investere i produktbeholdning, alt sammen uden at kr\u00f8lle sig sammen og uden at v\u00e6re politisk korrekte. <\/p>\n<p>Vi vil l\u00e6re dig, hvordan du opretter annoncer fra bunden, fra fotos, beskrivelser, datablade, alt, vi vil ogs\u00e5 hj\u00e6lpe dig med at priss\u00e6tte produkterne. <\/p>\n<p>Derudover pr\u00e6senterer det dig en p\u00e5lidelig 100% leverand\u00f8r til at g\u00f8re denne National Dropishipping, med produkter allerede i Brasilien, forlader Sao Paulo, allerede testet og valideret p\u00e5 platformen, vil du have adgang til en Telegram gruppe med mere end 6.000 medlemmer, der s\u00e6lger online hver dag og arbejde med disse produkter. <\/p>\n<p>F\u00e5 sider adskiller dig fra et hav af salg! <\/p>\n<p>Den bedste investering, du kan g\u00f8re, er i viden. <\/p>\n<p>En billig E-bog og hver dollar brugt her kan komme tilbage ganget mange gange, det afh\u00e6nger kun af at anvende den erhvervede viden. <\/p>\n<p>Vi venter p\u00e5 dig i vores gruppe, fremragende l\u00e6sning og fantastisk salg.<\/p>","protected":false},"featured_media":0,"comment_status":"open","ping_status":"closed","template":"","meta":[],"product_cat":[1653,1730,1595],"product_tag":[],"class_list":{"0":"post-93673","1":"product","2":"type-product","3":"status-publish","5":"product_brand-por-cristiano-fontes-autor-formato-ebook-kindle","6":"product_cat-educacao-referencia-e-didaticos","7":"product_cat-escolas-e-ensino","8":"product_cat-livros","10":"first","11":"instock","12":"shipping-taxable","13":"purchasable","14":"product-type-simple"},"aioseo_notices":[],"_links":{"self":[{"href":"https:\/\/www.ecommerceupdate.com.br\/da\/wp-json\/wp\/v2\/product\/93673","targetHints":{"allow":["GET"]}}],"collection":[{"href":"https:\/\/www.ecommerceupdate.com.br\/da\/wp-json\/wp\/v2\/product"}],"about":[{"href":"https:\/\/www.ecommerceupdate.com.br\/da\/wp-json\/wp\/v2\/types\/product"}],"replies":[{"embeddable":true,"href":"https:\/\/www.ecommerceupdate.com.br\/da\/wp-json\/wp\/v2\/comments?post=93673"}],"wp:attachment":[{"href":"https:\/\/www.ecommerceupdate.com.br\/da\/wp-json\/wp\/v2\/media?parent=93673"}],"wp:term":[{"taxonomy":"product_cat","embeddable":true,"href":"https:\/\/www.ecommerceupdate.com.br\/da\/wp-json\/wp\/v2\/product_cat?post=93673"},{"taxonomy":"product_tag","embeddable":true,"href":"https:\/\/www.ecommerceupdate.com.br\/da\/wp-json\/wp\/v2\/product_tag?post=93673"}],"curies":[{"name":"wp","href":"https:\/\/api.w.org\/{rel}","templated":true}]}}